{"id":1017,"date":"2021-11-08T18:37:22","date_gmt":"2021-11-08T17:37:22","guid":{"rendered":"https:\/\/unitelaique.org\/?page_id=1017"},"modified":"2025-08-26T16:32:06","modified_gmt":"2025-08-26T14:32:06","slug":"actualitessssss","status":"publish","type":"page","link":"https:\/\/unitelaique.org\/index.php\/actualitessssss\/","title":{"rendered":"Actualit\u00e9s"},"content":{"rendered":"<div class=\"wp-block-image is-style-default\">\n<figure class=\"alignleft size-full is-resized\"><img loading=\"lazy\" decoding=\"async\" width=\"100\" height=\"100\" src=\"https:\/\/unitelaique.org\/wp-content\/uploads\/2021\/09\/cropped-unite-laique-logo-100.jpg\" alt=\"\" class=\"wp-image-203\" style=\"width:75px;height:75px\"\/><\/figure>\n<\/div>\n\n\n<p>En d\u00e9cembre 2022, <strong>Unit\u00e9 La\u00efque <\/strong> continue \u00e0 enrichir son site web. Toutes les rubriques sont nourries d&rsquo;information, de savoir, de r\u00e9flexion ! L&rsquo;actualit\u00e9 la\u00efque est riche et, pour vous, notre site relaie nos initiatives et prises de position, ainsi que les principales actualit\u00e9s de la la\u00efcit\u00e9 !<\/p>\n\n\n\n<p><strong>La vie de notre association <\/strong>: <a href=\"https:\/\/unitelaique.org\/index.php\/2021\/12\/25\/le-chevalier-de-la-barre-et-unite-laique-2\/\"><strong>Unit\u00e9 la\u00efque<\/strong> et l&rsquo;association \u00ab\u00a0Le Chevalier de la Barre\u00a0\u00bb<\/a> travaillent d\u00e9sormais de concert pour une action commune renforc\u00e9e en faveur de la libert\u00e9 de conscience et l&rsquo;\u00e9mancipation.<\/p>\n\n\n\n<p>Depuis juillet 2022, <strong>Unit\u00e9 La\u00efque<\/strong> a obtenu la reconnaissance d&rsquo;int\u00e9r\u00eat g\u00e9n\u00e9ral<\/p>\n\n\n\n<p><strong>Nos \u00e9v\u00e9nements<\/strong> :<\/p>\n\n\n\n<ul class=\"wp-block-list\">\n<li>12 janvier 2023 : Jean-Pierre Sakoun, pr\u00e9sident d&rsquo;Unit\u00e9 La\u00efque, donnera une conf\u00e9rence au Caf\u00e9 La\u00efque Bruxelles sur le th\u00e8me \u00ab\u00a0La La\u00efcit\u00e9 fran\u00e7aise, histoire et perspective\u00a0\u00bb ;<\/li>\n\n\n\n<li>18 janvier 2023 : Caf\u00e9 La\u00efque \u00e0 Paris avec Djemila Benhabib, militante la\u00efque, journaliste, essayiste, \u00e0 propos de son dernier livre <em><strong>Islamophobie ? Mon oeil !<\/strong><\/em><\/li>\n\n\n\n<li>18 f\u00e9vrier 2023 : Colloque national au Palais du Luxembourg sur le th\u00e8me : \u00ab\u00a0La R\u00e9sistance des \u00e9trangers &#8211; Vers l&rsquo;entr\u00e9e au Panth\u00e9on de Missak Manouchian ;<\/li>\n\n\n\n<li>18 mars 2023 : Caf\u00e9 La\u00efque \u00e0 Paris, avec Nathalie Heinich, directeur de recherche au CNRS, sociologue, sur le th\u00e8me La\u00efcit\u00e9, <em><strong>une \u00ab\u00a0disputatio\u00a0\u00bb avec Jean Baub\u00e9rot<\/strong><\/em> ;<\/li>\n\n\n\n<li>15 avril 2023 : Rencontres d&rsquo;Avril d&rsquo;Unit\u00e9 La\u00efque sur le th\u00e8me <em><strong>R\u00e9publique : reprendre l&rsquo;initiative #2<\/strong><\/em><\/li>\n\n\n\n<li>8 juin 2023 :  conf\u00e9rence sur le th\u00e8me <em><strong>L&rsquo;entrisme islamiste en entreprise<\/strong><\/em>, avec Adel Paul Boulad<\/li>\n<\/ul>\n\n\n\n<p class=\"has-medium-font-size\"><strong>Retrouvez tous nos \u00e9v\u00e9nements sur notre site \u00e0 partir de la page d&rsquo;accueil<\/strong><\/p>\n\n\n\n<div class=\"wp-block-columns is-layout-flex wp-container-core-columns-is-layout-9d6595d7 wp-block-columns-is-layout-flex\">\n<div class=\"wp-block-column is-layout-flow wp-block-column-is-layout-flow\">\n<div class=\"wp-block-columns is-layout-flex wp-container-core-columns-is-layout-9d6595d7 wp-block-columns-is-layout-flex\">\n<div class=\"wp-block-column is-layout-flow wp-block-column-is-layout-flow\">\n<div class=\"wp-block-columns is-layout-flex wp-container-core-columns-is-layout-9d6595d7 wp-block-columns-is-layout-flex\">\n<div class=\"wp-block-column is-layout-flow wp-block-column-is-layout-flow\">\n<div class=\"wp-block-columns is-layout-flex wp-container-core-columns-is-layout-9d6595d7 wp-block-columns-is-layout-flex\">\n<div class=\"wp-block-column is-layout-flow wp-block-column-is-layout-flow\">\n<p class=\"has-text-align-center\"><a href=\"https:\/\/unitelaique.org\/index.php\/category\/actualite\/\"><strong>Actualit\u00e9s <\/strong><\/a><br><a href=\"https:\/\/unitelaique.org\/index.php\/category\/actualite\/\"><strong>d&rsquo;Unit\u00e9 La\u00efque<\/strong><\/a><\/p>\n<\/div>\n\n\n\n<div class=\"wp-block-column is-layout-flow wp-block-column-is-layout-flow\">\n<p class=\"has-text-align-center\"><a href=\"https:\/\/unitelaique.org\/index.php\/category\/actualite\/actualitelaicite\/\"><strong>Actualit\u00e9s de <\/strong><\/a><br><a href=\"https:\/\/unitelaique.org\/index.php\/category\/actualite\/actualitelaicite\/\"><strong>la La\u00efcit\u00e9<\/strong><\/a><\/p>\n<\/div>\n\n\n\n<div class=\"wp-block-column is-layout-flow wp-block-column-is-layout-flow\">\n<p class=\"has-text-align-center\"><a href=\"https:\/\/unitelaique.org\/index.php\/category\/actualite\/unite-laique-a-lu\/\"><strong>Unit\u00e9 La\u00efque <\/strong><\/a><br><a href=\"https:\/\/unitelaique.org\/index.php\/category\/actualite\/unite-laique-a-lu\/\"><strong>a lu<\/strong><\/a><\/p>\n<\/div>\n<\/div>\n<\/div>\n\n\n\n<div class=\"wp-block-column is-layout-flow wp-block-column-is-layout-flow\">\n<div class=\"wp-block-columns is-layout-flex wp-container-core-columns-is-layout-9d6595d7 wp-block-columns-is-layout-flex\">\n<div class=\"wp-block-column is-layout-flow wp-block-column-is-layout-flow\">\n<p class=\"has-text-align-center\"><a href=\"https:\/\/unitelaique.org\/index.php\/category\/actualite\/manouchian\/\"><strong>Pour l&rsquo;\u00e9galit\u00e9 <\/strong><\/a><br><a href=\"https:\/\/unitelaique.org\/index.php\/category\/actualite\/manouchian\/\"><strong>femmes-hommes<\/strong><\/a><\/p>\n<\/div>\n\n\n\n<div class=\"wp-block-column is-layout-flow wp-block-column-is-layout-flow\">\n<p class=\"has-text-align-center\"><a href=\"https:\/\/unitelaique.org\/index.php\/category\/actualite\/collectif-laique-national\/\" data-type=\"link\" data-id=\"https:\/\/unitelaique.org\/index.php\/category\/actualite\/collectif-laique-national\/\"><strong>Collectif La\u00efque <\/strong><\/a><br><a href=\"https:\/\/unitelaique.org\/index.php\/category\/actualite\/collectif-laique-national\/\" data-type=\"link\" data-id=\"https:\/\/unitelaique.org\/index.php\/category\/actualite\/collectif-laique-national\/\"><strong>National<\/strong><\/a><\/p>\n<\/div>\n\n\n\n<div class=\"wp-block-column is-layout-flow wp-block-column-is-layout-flow\">\n<p class=\"has-text-align-center\"><a href=\"https:\/\/unitelaique.org\/index.php\/category\/actualite\/120-ans-de-la-loi-de-1905\/\" data-type=\"link\" data-id=\"https:\/\/unitelaique.org\/index.php\/category\/actualite\/120-ans-de-la-loi-de-1905\/\"><strong>120 ans de <\/strong><br><strong>la loi de 1905<\/strong><\/a><\/p>\n<\/div>\n<\/div>\n<\/div>\n<\/div>\n<\/div>\n<\/div>\n<\/div>\n<\/div>\n","protected":false},"excerpt":{"rendered":"<p>En d\u00e9cembre 2022, Unit\u00e9 La\u00efque continue \u00e0 enrichir son site web. Toutes les rubriques sont nourries d&rsquo;information, de savoir, de r\u00e9flexion ! L&rsquo;actualit\u00e9 la\u00efque est riche et, pour vous, notre site relaie nos initiatives et prises de position, ainsi que les principales actualit\u00e9s de la la\u00efcit\u00e9 ! La vie de notre association : Unit\u00e9 la\u00efque [&hellip;]<\/p>\n","protected":false},"author":7,"featured_media":0,"parent":0,"menu_order":0,"comment_status":"closed","ping_status":"closed","template":"","meta":{"footnotes":""},"class_list":["post-1017","page","type-page","status-publish","hentry"],"_links":{"self":[{"href":"https:\/\/unitelaique.org\/index.php\/wp-json\/wp\/v2\/pages\/1017","targetHints":{"allow":["GET"]}}],"collection":[{"href":"https:\/\/unitelaique.org\/index.php\/wp-json\/wp\/v2\/pages"}],"about":[{"href":"https:\/\/unitelaique.org\/index.php\/wp-json\/wp\/v2\/types\/page"}],"author":[{"embeddable":true,"href":"https:\/\/unitelaique.org\/index.php\/wp-json\/wp\/v2\/users\/7"}],"replies":[{"embeddable":true,"href":"https:\/\/unitelaique.org\/index.php\/wp-json\/wp\/v2\/comments?post=1017"}],"version-history":[{"count":32,"href":"https:\/\/unitelaique.org\/index.php\/wp-json\/wp\/v2\/pages\/1017\/revisions"}],"predecessor-version":[{"id":8800,"href":"https:\/\/unitelaique.org\/index.php\/wp-json\/wp\/v2\/pages\/1017\/revisions\/8800"}],"wp:attachment":[{"href":"https:\/\/unitelaique.org\/index.php\/wp-json\/wp\/v2\/media?parent=1017"}],"curies":[{"name":"wp","href":"https:\/\/api.w.org\/{rel}","templated":true}]}}