{"id":1205,"date":"2021-11-10T09:09:09","date_gmt":"2021-11-10T08:09:09","guid":{"rendered":"https:\/\/unitelaique.org\/?page_id=1205"},"modified":"2022-03-16T19:03:53","modified_gmt":"2022-03-16T18:03:53","slug":"moments-dhistoire","status":"publish","type":"page","link":"https:\/\/unitelaique.org\/index.php\/moments-dhistoire\/","title":{"rendered":"Moments d&rsquo;Histoire"},"content":{"rendered":"\n<p class=\"has-huge-font-size\"><strong>La ressource \u00ab\u00a0Moments d&rsquo;Histoire\u00a0\u00bb<\/strong><\/p>\n\n\n\n<div class=\"wp-block-image\"><figure class=\"alignleft size-full is-resized\"><img loading=\"lazy\" decoding=\"async\" src=\"https:\/\/unitelaique.org\/wp-content\/uploads\/2021\/09\/unite-laique-logo.jpg\" alt=\"\" class=\"wp-image-163\" width=\"110\" height=\"110\" srcset=\"https:\/\/unitelaique.org\/wp-content\/uploads\/2021\/09\/unite-laique-logo.jpg 300w, https:\/\/unitelaique.org\/wp-content\/uploads\/2021\/09\/unite-laique-logo-150x150.jpg 150w\" sizes=\"auto, (max-width: 110px) 100vw, 110px\" \/><\/figure><\/div>\n\n\n\n<p><strong>Unit\u00e9 la\u00efque<\/strong> met \u00e0 la disposition de ses membres et de toute personne ou association engag\u00e9e dans la d\u00e9fense des valeurs de la R\u00e9publique et la promotion de la la\u00efcit\u00e9 <strong>des ressources permettant d\u2019illustrer et \u00e9tayer l\u2019engagement et la conviction la\u00efques<\/strong>. Ces ressources se veulent <strong>des outils et des aides \u00e0 l\u2019information et la formation des la\u00efques<\/strong>. Elles sont vari\u00e9es et mettent en valeur des informations r\u00e9centes ou plus anciennes.<\/p>\n\n\n\n<p><\/p>\n\n\n\n<p>Pour vous informer, vous cultiver ou vous distraire, pour savourer seul la d\u00e9couverte ou la partager avec vos amis, vos coll\u00e8gues, vos \u00e9l\u00e8ves, vos \u00e9tudiants, <strong>Unit\u00e9 la\u00efque<\/strong> propose chaque mois une s\u00e9lection de <strong>documents num\u00e9riques historiques<\/strong>, issus de Gallica, la biblioth\u00e8que num\u00e9rique de la BnF, ainsi que d\u2019autres bases de donn\u00e9es. Ces documents sont <strong>accessibles \u00e0 partir de notre site<\/strong>. Vous y trouverez des livres, des journaux, des revues, des gravures, des photographies, des cartes, des partitions, du son, etc. D\u00e9couvrez sans tarder ces Moments d&rsquo;Histoire !<\/p>\n\n\n\n<div class=\"wp-block-image\"><figure class=\"aligncenter size-full is-resized\"><img loading=\"lazy\" decoding=\"async\" src=\"https:\/\/unitelaique.org\/wp-content\/uploads\/2022\/01\/Ill-moments-dhistoire.jpg\" alt=\"\" class=\"wp-image-2798\" width=\"437\" height=\"360\" srcset=\"https:\/\/unitelaique.org\/wp-content\/uploads\/2022\/01\/Ill-moments-dhistoire.jpg 731w, https:\/\/unitelaique.org\/wp-content\/uploads\/2022\/01\/Ill-moments-dhistoire-300x247.jpg 300w, https:\/\/unitelaique.org\/wp-content\/uploads\/2022\/01\/Ill-moments-dhistoire-24x20.jpg 24w, https:\/\/unitelaique.org\/wp-content\/uploads\/2022\/01\/Ill-moments-dhistoire-36x30.jpg 36w, https:\/\/unitelaique.org\/wp-content\/uploads\/2022\/01\/Ill-moments-dhistoire-48x40.jpg 48w\" sizes=\"auto, (max-width: 437px) 100vw, 437px\" \/><\/figure><\/div>\n\n\n\n<p class=\"has-medium-font-size\"><strong>Notre s\u00e9lection de mars 2022 : <\/strong> <\/p>\n\n\n\n<ul class=\"wp-block-list\"><li><strong><a href=\"https:\/\/unitelaique.org\/index.php\/2022\/03\/15\/la-commune-de-paris\/\">Le 18 mars 1871, d\u00e9but de la Commune de Paris<\/a><\/strong><\/li><\/ul>\n\n\n\n<p class=\"has-medium-font-size\"><strong>Notre s\u00e9lection de f\u00e9vrier 2022 : <\/strong> <\/p>\n\n\n\n<ul class=\"wp-block-list\"><li><a href=\"https:\/\/unitelaique.org\/index.php\/2022\/01\/31\/le-24-fevrier-1848-naissance-de-la-deuxieme-republique\/\"><strong>Le 24 f\u00e9vrier 1848, naissance de la Deuxi\u00e8me R\u00e9publique<\/strong><\/a><\/li><\/ul>\n\n\n\n<p class=\"has-medium-font-size\"><strong>Notre s\u00e9lection de janvier 2022 : <\/strong> <\/p>\n\n\n\n<ul class=\"wp-block-list\"><li><a href=\"https:\/\/unitelaique.org\/index.php\/2022\/01\/09\/le-13-janvier-1898-jaccuse\/\" data-type=\"post\" data-id=\"2357\"><strong>Le 13 janvier 1898, <em>J\u2019accuse<\/em><\/strong><\/a><\/li><li><strong><a href=\"https:\/\/unitelaique.org\/index.php\/2022\/01\/09\/le-21-janvier-1793-la-mort-de-louis-xvi\/\" data-type=\"post\" data-id=\"2365\">Le 21 janvier 1793, la mort de Louis XVI<\/a><\/strong><\/li><\/ul>\n\n\n\n<p class=\"has-medium-font-size\"><strong>Notre s\u00e9lection de d\u00e9cembre 2021 : <\/strong><\/p>\n\n\n\n<ul class=\"wp-block-list\"><li><a href=\"https:\/\/unitelaique.org\/index.php\/2021\/12\/07\/josephine-baker-au-pantheon-2\/\" data-type=\"post\" data-id=\"1676\"><strong>Jos\u00e9phine Baker <\/strong><\/a><\/li><li><a href=\"https:\/\/unitelaique.org\/index.php\/2021\/12\/07\/116eme-anniversaire-de-la-loi-de-separation-du-9-decembre-1905\/\" data-type=\"post\" data-id=\"1678\"><strong>La Loi de S\u00e9paration des Eglises et de l&rsquo;Etat du 9 d\u00e9cembre 1905<\/strong><\/a><\/li><\/ul>\n\n\n\n<p class=\"has-medium-font-size\"> <strong>Notre s\u00e9lection de novembre 2021 : <\/strong> <\/p>\n\n\n\n<ul class=\"wp-block-list\"><li><strong><a href=\"https:\/\/unitelaique.org\/index.php\/2021\/11\/09\/lami-du-peuple-tache-du-sang-de-marat\/\" data-type=\"post\" data-id=\"1132\">L&rsquo;Ami du peuple<\/a><\/strong><\/li><li><strong><a href=\"http:\/\/Le num\u00e9ro du 2 juillet 1921\">La revue Flor\u00e9al<\/a><\/strong><\/li><\/ul>\n\n\n\n<p><\/p>\n\n\n\n<p><\/p>\n\n\n\n<p><\/p>\n","protected":false},"excerpt":{"rendered":"<p>La ressource \u00ab\u00a0Moments d&rsquo;Histoire\u00a0\u00bb Unit\u00e9 la\u00efque met \u00e0 la disposition de ses membres et de toute personne ou association engag\u00e9e dans la d\u00e9fense des valeurs de la R\u00e9publique et la promotion de la la\u00efcit\u00e9 des ressources permettant d\u2019illustrer et \u00e9tayer l\u2019engagement et la conviction la\u00efques. Ces ressources se veulent des outils et des aides \u00e0 [&hellip;]<\/p>\n","protected":false},"author":7,"featured_media":0,"parent":0,"menu_order":0,"comment_status":"closed","ping_status":"closed","template":"","meta":{"footnotes":""},"class_list":["post-1205","page","type-page","status-publish","hentry"],"_links":{"self":[{"href":"https:\/\/unitelaique.org\/index.php\/wp-json\/wp\/v2\/pages\/1205","targetHints":{"allow":["GET"]}}],"collection":[{"href":"https:\/\/unitelaique.org\/index.php\/wp-json\/wp\/v2\/pages"}],"about":[{"href":"https:\/\/unitelaique.org\/index.php\/wp-json\/wp\/v2\/types\/page"}],"author":[{"embeddable":true,"href":"https:\/\/unitelaique.org\/index.php\/wp-json\/wp\/v2\/users\/7"}],"replies":[{"embeddable":true,"href":"https:\/\/unitelaique.org\/index.php\/wp-json\/wp\/v2\/comments?post=1205"}],"version-history":[{"count":38,"href":"https:\/\/unitelaique.org\/index.php\/wp-json\/wp\/v2\/pages\/1205\/revisions"}],"predecessor-version":[{"id":3339,"href":"https:\/\/unitelaique.org\/index.php\/wp-json\/wp\/v2\/pages\/1205\/revisions\/3339"}],"wp:attachment":[{"href":"https:\/\/unitelaique.org\/index.php\/wp-json\/wp\/v2\/media?parent=1205"}],"curies":[{"name":"wp","href":"https:\/\/api.w.org\/{rel}","templated":true}]}}