{"id":127,"date":"2021-12-14T16:30:00","date_gmt":"2021-12-14T15:30:00","guid":{"rendered":"http:\/\/192.168.0.227\/ul\/?page_id=127"},"modified":"2022-01-26T11:32:44","modified_gmt":"2022-01-26T10:32:44","slug":"videos","status":"publish","type":"page","link":"https:\/\/unitelaique.org\/index.php\/videos\/","title":{"rendered":"Vid\u00e9os"},"content":{"rendered":"\n<p><br><\/p>\n\n\n\n<p class=\"has-huge-font-size\"><strong>La ressource \u00ab\u00a0Vid\u00e9os\u00a0\u00bb<\/strong><\/p>\n\n\n\n<p><strong>Unit\u00e9 la\u00efque<\/strong> met \u00e0 la disposition de ses membres et de toute personne ou association engag\u00e9e dans la d\u00e9fense des valeurs de la R\u00e9publique et la promotion de la la\u00efcit\u00e9 <strong>des ressources permettant d\u2019illustrer et \u00e9tayer l\u2019engagement et la conviction la\u00efques<\/strong>. Ces ressources se veulent <strong>des outils et des aides \u00e0 l\u2019information et la formation des la\u00efques<\/strong>. Elles sont vari\u00e9es et mettent en valeur des informations r\u00e9centes ou plus anciennes.<\/p>\n\n\n\n<p>La rubrique \u00ab\u00a0Vid\u00e9os\u00a0\u00bb donne acc\u00e8s :<\/p>\n\n\n\n<ul class=\"wp-block-list\"><li>d&rsquo;une part, aux <strong>enregistrements vid\u00e9os des \u00e9v\u00e9nements organis\u00e9s par Unit\u00e9 la\u00efque, accessibles sur la cha\u00eene Youtube <\/strong>de notre association ;<\/li><\/ul>\n\n\n\n<ul class=\"wp-block-list\"><li>d&rsquo;autre part, \u00e0 une <strong>s\u00e9lection de vid\u00e9os informatives ou p\u00e9dagogiques. Con\u00e7ues et produites par des organismes gouvernementaux, des institutions ou des associations<\/strong>, dont le positionnement est proche de celui d&rsquo;Unit\u00e9 la\u00efque, elles contribuent \u00e0 votre r\u00e9flexion sur la la\u00efcit\u00e9.<\/li><\/ul>\n\n\n\n<p class=\"has-text-color has-huge-font-size\" style=\"color:#1d558c\"><a href=\"https:\/\/www.youtube.com\/channel\/UCTNzi2HSOADGqgN6KBhWEOw\" data-type=\"URL\" data-id=\"https:\/\/www.youtube.com\/channel\/UCTNzi2HSOADGqgN6KBhWEOw\"><strong>La cha\u00eene Youtube d&rsquo;Unit\u00e9 La\u00efque<\/strong><\/a><\/p>\n\n\n\n<p class=\"has-medium-font-size\"><strong><a href=\"https:\/\/www.youtube.com\/watch?v=c3Q1WZrVBT0&amp;t=1241s\">Conf\u00e9rence &#8211; La\u00efque et rationnel ! 19\/01\/2022 &#8211; Lyon<\/a><\/strong><\/p>\n\n\n\n<figure class=\"wp-block-image size-large is-resized is-style-default\"><img loading=\"lazy\" decoding=\"async\" src=\"https:\/\/unitelaique.org\/wp-content\/uploads\/2022\/01\/Capture-YT-Tournay-1024x579.jpg\" alt=\"\" class=\"wp-image-2847\" width=\"495\" height=\"279\" srcset=\"https:\/\/unitelaique.org\/wp-content\/uploads\/2022\/01\/Capture-YT-Tournay-1024x579.jpg 1024w, https:\/\/unitelaique.org\/wp-content\/uploads\/2022\/01\/Capture-YT-Tournay-300x170.jpg 300w, https:\/\/unitelaique.org\/wp-content\/uploads\/2022\/01\/Capture-YT-Tournay-768x434.jpg 768w, https:\/\/unitelaique.org\/wp-content\/uploads\/2022\/01\/Capture-YT-Tournay-24x14.jpg 24w, https:\/\/unitelaique.org\/wp-content\/uploads\/2022\/01\/Capture-YT-Tournay-36x20.jpg 36w, https:\/\/unitelaique.org\/wp-content\/uploads\/2022\/01\/Capture-YT-Tournay-48x27.jpg 48w, https:\/\/unitelaique.org\/wp-content\/uploads\/2022\/01\/Capture-YT-Tournay.jpg 1280w\" sizes=\"auto, (max-width: 495px) 100vw, 495px\" \/><figcaption>Virginie Tournay, entour\u00e9e de g. \u00e0 d. de Jean-Pierre Sakoun (UL), <br>Mich\u00e8le Vian\u00e8s (RdF) et Thomas Schmittel (LCDLB).<br><br><\/figcaption><\/figure>\n\n\n\n<p class=\"has-medium-font-size\"><a href=\"https:\/\/www.youtube.com\/watch?v=G0_Ef4EFWBg&amp;t=1076s\"><strong>Conf\u00e9rence-d\u00e9bat &#8211; La la\u00efcit\u00e9, id\u00e9al \u00e9mancipateur et pratique quotidienne<\/strong><\/a><br><a href=\"https:\/\/www.youtube.com\/watch?v=G0_Ef4EFWBg&amp;t=1076s\"><strong>04\/12\/2021 \u2013 Valence <\/strong><\/a><\/p>\n\n\n\n<figure class=\"wp-block-image size-full is-resized is-style-default\"><img loading=\"lazy\" decoding=\"async\" src=\"https:\/\/unitelaique.org\/wp-content\/uploads\/2021\/12\/YT.jpg\" alt=\"\" class=\"wp-image-2051\" width=\"494\" height=\"278\" srcset=\"https:\/\/unitelaique.org\/wp-content\/uploads\/2021\/12\/YT.jpg 320w, https:\/\/unitelaique.org\/wp-content\/uploads\/2021\/12\/YT-300x169.jpg 300w, https:\/\/unitelaique.org\/wp-content\/uploads\/2021\/12\/YT-24x14.jpg 24w, https:\/\/unitelaique.org\/wp-content\/uploads\/2021\/12\/YT-36x20.jpg 36w, https:\/\/unitelaique.org\/wp-content\/uploads\/2021\/12\/YT-48x27.jpg 48w\" sizes=\"auto, (max-width: 494px) 100vw, 494px\" \/><figcaption>Nicolas Daragon, maire de Valence, Jean-Pierre Sakoun, Unit\u00e9 La\u00efque<br><br><\/figcaption><\/figure>\n\n\n\n<p class=\"has-text-color has-huge-font-size\" style=\"color:#1d558c\"><strong><span style=\"text-decoration: underline;\">Unit\u00e9 La\u00efque vous conseille<\/span><\/strong><\/p>\n\n\n\n<p><strong>Parmi les vid\u00e9os produites <\/strong><br><strong>par le  Secr\u00e9tariat g\u00e9n\u00e9ral du Comit\u00e9 interminist\u00e9riel de pr\u00e9vention de la d\u00e9linquance (CIPDR), <\/strong><br><strong>Unit\u00e9 la\u00efque a s\u00e9lectionn\u00e9 pour vous<\/strong><\/p>\n\n\n\n<p><strong>Dans la s\u00e9rie <em>La La\u00efcit\u00e9 <\/em><\/strong>(d\u00e9cembre 2021)<\/p>\n\n\n\n<p>La la\u00efcit\u00e9 par<strong> Henri Pena Ruiz, <\/strong>philosophe, \u00e9crivain, sp\u00e9cialiste de la la\u00efcit\u00e9 et de la justice sociale<\/p>\n\n\n\n<figure class=\"wp-block-embed is-type-video is-provider-youtube wp-block-embed-youtube wp-embed-aspect-4-3 wp-has-aspect-ratio\"><div class=\"wp-block-embed__wrapper\">\n<iframe loading=\"lazy\" title=\"La la\u00efcit\u00e9 par Henri Pe\u00f1a-Ruiz\" width=\"1170\" height=\"878\" src=\"https:\/\/www.youtube.com\/embed\/PbSpSNW_x1o?feature=oembed\" frameborder=\"0\" allow=\"accelerometer; autoplay; clipboard-write; encrypted-media; gyroscope; picture-in-picture\" allowfullscreen><\/iframe>\n<\/div><\/figure>\n\n\n\n<p><strong>Parmi les vid\u00e9os produites<\/strong><br><strong>par le Secr\u00e9tariat g\u00e9n\u00e9ral du Comit\u00e9 interminist\u00e9riel de pr\u00e9vention de la d\u00e9linquance (CIPDR),<\/strong><br><strong>Unit\u00e9 la\u00efque a s\u00e9lectionn\u00e9 pour vous<\/strong><\/p>\n\n\n\n<p>La la\u00efcit\u00e9 par <strong>Catherine Kintzler<\/strong>, professeur agr\u00e9g\u00e9 de philosophie honoraire, membre du Conseil des sages de la la\u00efcit\u00e9<\/p>\n\n\n\n<figure class=\"wp-block-embed is-type-video is-provider-youtube wp-block-embed-youtube wp-embed-aspect-4-3 wp-has-aspect-ratio\"><div class=\"wp-block-embed__wrapper\">\n<iframe loading=\"lazy\" title=\"La la\u00efcit\u00e9 par Catherine Kintzler\" width=\"1170\" height=\"878\" src=\"https:\/\/www.youtube.com\/embed\/aUpShMOGK7c?feature=oembed\" frameborder=\"0\" allow=\"accelerometer; autoplay; clipboard-write; encrypted-media; gyroscope; picture-in-picture\" allowfullscreen><\/iframe>\n<\/div><\/figure>\n\n\n\n<p><strong>Parmi les vid\u00e9os produites<\/strong><br><strong>par le Secr\u00e9tariat g\u00e9n\u00e9ral du Comit\u00e9 interminist\u00e9riel de pr\u00e9vention de la d\u00e9linquance (CIPDR),<\/strong><br><strong>Unit\u00e9 la\u00efque a s\u00e9lectionn\u00e9 pour vous<\/strong><\/p>\n\n\n\n<p><strong>Dans la s\u00e9rie <em>La La\u00efcit\u00e9 <\/em><\/strong>(d\u00e9cembre 2021)<\/p>\n\n\n\n<p>La la\u00efcit\u00e9 par <strong>Iannis Roder<\/strong>, professeur d\u2019histoire-g\u00e9ographie, membre du Conseil des sages de la la\u00efcit\u00e9<\/p>\n\n\n\n<figure class=\"wp-block-embed is-type-video is-provider-youtube wp-block-embed-youtube wp-embed-aspect-4-3 wp-has-aspect-ratio\"><div class=\"wp-block-embed__wrapper\">\n<iframe loading=\"lazy\" title=\"La la\u00efcit\u00e9 avec Iannis Roder\" width=\"1170\" height=\"878\" src=\"https:\/\/www.youtube.com\/embed\/vYAo9CljRNw?feature=oembed\" frameborder=\"0\" allow=\"accelerometer; autoplay; clipboard-write; encrypted-media; gyroscope; picture-in-picture\" allowfullscreen><\/iframe>\n<\/div><\/figure>\n\n\n\n<p><strong>Parmi les vid\u00e9os produites<\/strong><br><strong>par le Secr\u00e9tariat g\u00e9n\u00e9ral du Comit\u00e9 interminist\u00e9riel de pr\u00e9vention de la d\u00e9linquance (CIPDR),<\/strong><br><strong>Unit\u00e9 la\u00efque a s\u00e9lectionn\u00e9 pour vous<\/strong><\/p>\n\n\n\n<p><strong>Dans la s\u00e9rie<em> Enfants de la R\u00e9publique<\/em><\/strong><\/p>\n\n\n\n<p><strong>Richard Malka<\/strong>, avocat, \u00e9crivain, d\u00e9fenseur de Charlie Hebdo et de Mila<\/p>\n\n\n\n<figure class=\"wp-block-embed is-type-video is-provider-youtube wp-block-embed-youtube wp-embed-aspect-4-3 wp-has-aspect-ratio\"><div class=\"wp-block-embed__wrapper\">\n<iframe loading=\"lazy\" title=\"Enfant de la R\u00e9publique : Richard Malka\" width=\"1170\" height=\"878\" src=\"https:\/\/www.youtube.com\/embed\/43mvhUdX_yQ?feature=oembed\" frameborder=\"0\" allow=\"accelerometer; autoplay; clipboard-write; encrypted-media; gyroscope; picture-in-picture\" allowfullscreen><\/iframe>\n<\/div><\/figure>\n\n\n\n<p><strong>Parmi les vid\u00e9os produites<\/strong><br><strong>par le Secr\u00e9tariat g\u00e9n\u00e9ral du Comit\u00e9 interminist\u00e9riel de pr\u00e9vention de la d\u00e9linquance (CIPDR),<\/strong><br><strong>Unit\u00e9 la\u00efque a s\u00e9lectionn\u00e9 pour vous<\/strong><\/p>\n\n\n\n<p><strong>Dans la s\u00e9rie<em> Enfants de la R\u00e9publique<\/em><\/strong><\/p>\n\n\n\n<p><strong>Philippe Besson<\/strong>, \u00e9crivain<\/p>\n\n\n\n<figure class=\"wp-block-embed is-type-video is-provider-youtube wp-block-embed-youtube wp-embed-aspect-4-3 wp-has-aspect-ratio\"><div class=\"wp-block-embed__wrapper\">\n<iframe loading=\"lazy\" title=\"Enfant de la R\u00e9publique : Philippe Besson\" width=\"1170\" height=\"878\" src=\"https:\/\/www.youtube.com\/embed\/OTZyUp4_5XY?feature=oembed\" frameborder=\"0\" allow=\"accelerometer; autoplay; clipboard-write; encrypted-media; gyroscope; picture-in-picture\" allowfullscreen><\/iframe>\n<\/div><\/figure>\n\n\n\n<p><strong>Parmi les vid\u00e9os produites<\/strong><br><strong>par le Secr\u00e9tariat g\u00e9n\u00e9ral du Comit\u00e9 interminist\u00e9riel de pr\u00e9vention de la d\u00e9linquance (CIPDR),<\/strong><br><strong>Unit\u00e9 la\u00efque a s\u00e9lectionn\u00e9 pour vous<\/strong><\/p>\n\n\n\n<p><strong>Dans la s\u00e9rie<em> Enfants de la R\u00e9publique<\/em><\/strong><\/p>\n\n\n\n<p><strong>Assia Benziane<\/strong>, adjointe au Maire de Fontenay-sous-Bois, membre du Haut Conseil \u00e0 l\u2019\u00e9galit\u00e9 entre les femmes et les hommes<\/p>\n\n\n\n<figure class=\"wp-block-embed is-type-video is-provider-youtube wp-block-embed-youtube wp-embed-aspect-4-3 wp-has-aspect-ratio\"><div class=\"wp-block-embed__wrapper\">\n<iframe loading=\"lazy\" title=\"Assia Benziane nous raconte son engagement contre les violences faites aux femmes\" width=\"1170\" height=\"878\" src=\"https:\/\/www.youtube.com\/embed\/-GEPTVWRUpw?feature=oembed\" frameborder=\"0\" allow=\"accelerometer; autoplay; clipboard-write; encrypted-media; gyroscope; picture-in-picture\" allowfullscreen><\/iframe>\n<\/div><\/figure>\n\n\n\n<p> <strong>Parmi les vid\u00e9os produites <\/strong><br><strong>par l&rsquo;<strong>Union des familles la\u00efques<\/strong> (<strong><strong>UFAL<\/strong><\/strong><\/strong>)<strong>, <\/strong><br><strong>Unit\u00e9 la\u00efque a s\u00e9lectionn\u00e9 pour vous<\/strong> <\/p>\n\n\n\n<p><strong>Qu\u2019est-ce que la la\u00efcit\u00e9&nbsp;? (2018)<\/strong><\/p>\n\n\n\n<figure class=\"wp-block-embed is-type-video is-provider-youtube wp-block-embed-youtube wp-embed-aspect-16-9 wp-has-aspect-ratio\"><div class=\"wp-block-embed__wrapper\">\n<iframe loading=\"lazy\" title=\"Qu&#039;est-ce que la la\u00efcit\u00e9 ? en 5 mn (2018)\" width=\"1170\" height=\"658\" src=\"https:\/\/www.youtube.com\/embed\/5N_EIkuXqMI?feature=oembed\" frameborder=\"0\" allow=\"accelerometer; autoplay; clipboard-write; encrypted-media; gyroscope; picture-in-picture\" allowfullscreen><\/iframe>\n<\/div><\/figure>\n\n\n\n<p><\/p>\n","protected":false},"excerpt":{"rendered":"<p>La ressource \u00ab\u00a0Vid\u00e9os\u00a0\u00bb Unit\u00e9 la\u00efque met \u00e0 la disposition de ses membres et de toute personne ou association engag\u00e9e dans la d\u00e9fense des valeurs de la R\u00e9publique et la promotion de la la\u00efcit\u00e9 des ressources permettant d\u2019illustrer et \u00e9tayer l\u2019engagement et la conviction la\u00efques. Ces ressources se veulent des outils et des aides \u00e0 l\u2019information [&hellip;]<\/p>\n","protected":false},"author":7,"featured_media":0,"parent":0,"menu_order":0,"comment_status":"closed","ping_status":"closed","template":"","meta":{"footnotes":""},"class_list":["post-127","page","type-page","status-publish","hentry"],"_links":{"self":[{"href":"https:\/\/unitelaique.org\/index.php\/wp-json\/wp\/v2\/pages\/127","targetHints":{"allow":["GET"]}}],"collection":[{"href":"https:\/\/unitelaique.org\/index.php\/wp-json\/wp\/v2\/pages"}],"about":[{"href":"https:\/\/unitelaique.org\/index.php\/wp-json\/wp\/v2\/types\/page"}],"author":[{"embeddable":true,"href":"https:\/\/unitelaique.org\/index.php\/wp-json\/wp\/v2\/users\/7"}],"replies":[{"embeddable":true,"href":"https:\/\/unitelaique.org\/index.php\/wp-json\/wp\/v2\/comments?post=127"}],"version-history":[{"count":25,"href":"https:\/\/unitelaique.org\/index.php\/wp-json\/wp\/v2\/pages\/127\/revisions"}],"predecessor-version":[{"id":2851,"href":"https:\/\/unitelaique.org\/index.php\/wp-json\/wp\/v2\/pages\/127\/revisions\/2851"}],"wp:attachment":[{"href":"https:\/\/unitelaique.org\/index.php\/wp-json\/wp\/v2\/media?parent=127"}],"curies":[{"name":"wp","href":"https:\/\/api.w.org\/{rel}","templated":true}]}}