{"id":167,"date":"2021-09-21T17:55:46","date_gmt":"2021-09-21T15:55:46","guid":{"rendered":"https:\/\/unitelaique.org\/?page_id=167"},"modified":"2023-05-30T17:21:20","modified_gmt":"2023-05-30T15:21:20","slug":"communiques-de-presse","status":"publish","type":"page","link":"https:\/\/unitelaique.org\/index.php\/communiques-de-presse\/","title":{"rendered":"Prises de position"},"content":{"rendered":"<div class=\"wp-block-image\">\n<figure class=\"alignleft size-full is-resized\"><img loading=\"lazy\" decoding=\"async\" src=\"https:\/\/unitelaique.org\/wp-content\/uploads\/2021\/11\/Unite-laique-Mains-leger.jpg\" alt=\"\" class=\"wp-image-835\" width=\"117\" height=\"117\" srcset=\"https:\/\/unitelaique.org\/wp-content\/uploads\/2021\/11\/Unite-laique-Mains-leger.jpg 300w, https:\/\/unitelaique.org\/wp-content\/uploads\/2021\/11\/Unite-laique-Mains-leger-150x150.jpg 150w\" sizes=\"auto, (max-width: 117px) 100vw, 117px\" \/><\/figure>\n<\/div>\n\n\n<p><strong>Unit\u00e9 la\u00efque<\/strong> est engag\u00e9e dans la d\u00e9fense, la promotion et le d\u00e9veloppement de la la\u00efcit\u00e9, en France, dans l\u2019Union europ\u00e9enne et dans les instances internationales et supranationales. Elle attache une importance particuli\u00e8re au maintien, au respect et au d\u00e9veloppement de la la\u00efcit\u00e9 dans les institutions de l\u2019\u00c9tat et dans les collectivit\u00e9s territoriales. Elle \u0153uvre \u00e0 l\u2019unit\u00e9 des la\u00efques.<\/p>\n\n\n\n<p><\/p>\n\n\n\n<p><\/p>\n\n\n\n<p>Cet engagement se traduit par des prises de position publiques, des communications dans des colloques et des interventions dans les m\u00e9dias sous forme de tribunes, d\u2019articles, de participation \u00e0 des d\u00e9bats (presse, radio, t\u00e9l\u00e9vision, etc.).<\/p>\n\n\n\n<p><\/p>\n\n\n\n<p><\/p>\n\n\n\n<p><\/p>\n\n\n\n<p><\/p>\n\n\n\n<p><\/p>\n\n\n\n<div class=\"wp-block-columns is-layout-flex wp-container-core-columns-is-layout-9d6595d7 wp-block-columns-is-layout-flex\">\n<div class=\"wp-block-column is-layout-flow wp-block-column-is-layout-flow\"><\/div>\n\n\n\n<div class=\"wp-block-column is-layout-flow wp-block-column-is-layout-flow\"><\/div>\n<\/div>\n","protected":false},"excerpt":{"rendered":"<p>Unit\u00e9 la\u00efque est engag\u00e9e dans la d\u00e9fense, la promotion et le d\u00e9veloppement de la la\u00efcit\u00e9, en France, dans l\u2019Union europ\u00e9enne et dans les instances internationales et supranationales. Elle attache une importance particuli\u00e8re au maintien, au respect et au d\u00e9veloppement de la la\u00efcit\u00e9 dans les institutions de l\u2019\u00c9tat et dans les collectivit\u00e9s territoriales. Elle \u0153uvre \u00e0 [&hellip;]<\/p>\n","protected":false},"author":1,"featured_media":0,"parent":0,"menu_order":0,"comment_status":"closed","ping_status":"closed","template":"","meta":{"footnotes":""},"class_list":["post-167","page","type-page","status-publish","hentry"],"_links":{"self":[{"href":"https:\/\/unitelaique.org\/index.php\/wp-json\/wp\/v2\/pages\/167","targetHints":{"allow":["GET"]}}],"collection":[{"href":"https:\/\/unitelaique.org\/index.php\/wp-json\/wp\/v2\/pages"}],"about":[{"href":"https:\/\/unitelaique.org\/index.php\/wp-json\/wp\/v2\/types\/page"}],"author":[{"embeddable":true,"href":"https:\/\/unitelaique.org\/index.php\/wp-json\/wp\/v2\/users\/1"}],"replies":[{"embeddable":true,"href":"https:\/\/unitelaique.org\/index.php\/wp-json\/wp\/v2\/comments?post=167"}],"version-history":[{"count":8,"href":"https:\/\/unitelaique.org\/index.php\/wp-json\/wp\/v2\/pages\/167\/revisions"}],"predecessor-version":[{"id":5542,"href":"https:\/\/unitelaique.org\/index.php\/wp-json\/wp\/v2\/pages\/167\/revisions\/5542"}],"wp:attachment":[{"href":"https:\/\/unitelaique.org\/index.php\/wp-json\/wp\/v2\/media?parent=167"}],"curies":[{"name":"wp","href":"https:\/\/api.w.org\/{rel}","templated":true}]}}