{"id":184,"date":"2021-09-22T09:30:26","date_gmt":"2021-09-22T07:30:26","guid":{"rendered":"https:\/\/unitelaique.org\/?page_id=184"},"modified":"2024-11-11T11:01:44","modified_gmt":"2024-11-11T10:01:44","slug":"je-donne","status":"publish","type":"page","link":"https:\/\/unitelaique.org\/index.php\/je-donne\/","title":{"rendered":"Je donne"},"content":{"rendered":"\n<div class=\"wp-block-columns is-layout-flex wp-container-core-columns-is-layout-9d6595d7 wp-block-columns-is-layout-flex\">\n<div class=\"wp-block-column is-vertically-aligned-center is-layout-flow wp-block-column-is-layout-flow\" style=\"flex-basis:66.66%\">\n<p>Votre emploi du temps, votre sant\u00e9, votre \u00e9loignement ne vous permettent pas de devenir adh\u00e9rent d&rsquo;Unit\u00e9 La\u00efque ? <br>Vous voulez manifester votre soutien \u00e0 notre action ?<\/p>\n\n\n\n<h2 class=\"wp-block-heading has-text-color has-link-color has-large-font-size wp-elements-db29f86eff5653b8b860a5b9b7fca8bf\" style=\"color:#ff0000\"><strong>Faites-un don \u00e0 Unit\u00e9 La\u00efque.<\/strong><\/h2>\n\n\n\n<p>Votre don, aussi petit soit-il, est un acte puissant d&rsquo;engagement. <br>Il soutient nos actions et renforce notre impact.<\/p>\n\n\n\n<h2 class=\"wp-block-heading has-text-color has-link-color has-large-font-size wp-elements-92556f31b8ac4910a766845f49008c0d\" style=\"color:#ff0000\">Votre contribution fait la diff\u00e9rence, accro\u00eet notre influence et rend votre voix plus forte.<\/h2>\n<\/div>\n\n\n\n<div class=\"wp-block-column is-vertically-aligned-center is-layout-flow wp-block-column-is-layout-flow\" style=\"flex-basis:33.33%\"><div class=\"wp-block-image\">\n<figure class=\"aligncenter size-full\"><img loading=\"lazy\" decoding=\"async\" width=\"400\" height=\"400\" src=\"https:\/\/unitelaique.org\/wp-content\/uploads\/2024\/11\/test-adhesion-252.jpg\" alt=\"\" class=\"wp-image-7594\" srcset=\"https:\/\/unitelaique.org\/wp-content\/uploads\/2024\/11\/test-adhesion-252.jpg 400w, https:\/\/unitelaique.org\/wp-content\/uploads\/2024\/11\/test-adhesion-252-300x300.jpg 300w, https:\/\/unitelaique.org\/wp-content\/uploads\/2024\/11\/test-adhesion-252-150x150.jpg 150w, https:\/\/unitelaique.org\/wp-content\/uploads\/2024\/11\/test-adhesion-252-24x24.jpg 24w, https:\/\/unitelaique.org\/wp-content\/uploads\/2024\/11\/test-adhesion-252-36x36.jpg 36w, https:\/\/unitelaique.org\/wp-content\/uploads\/2024\/11\/test-adhesion-252-48x48.jpg 48w\" sizes=\"auto, (max-width: 400px) 100vw, 400px\" \/><\/figure>\n<\/div><\/div>\n<\/div>\n\n\n\n<p class=\"has-vivid-red-color has-text-color has-large-font-size\"><\/p>\n\n\n\n<p><\/p>\n\n\n\n<p class=\"has-vivid-red-color has-text-color has-large-font-size\"><strong><br><\/strong><\/p>\n\n\n\n<p><\/p>\n\n\n\n<figure class=\"wp-block-image size-full\"><img loading=\"lazy\" decoding=\"async\" width=\"220\" height=\"48\" src=\"https:\/\/unitelaique.org\/wp-content\/uploads\/2021\/10\/helloasso-logo.png\" alt=\"\" class=\"wp-image-292\"\/><\/figure>\n\n\n\n<pre class=\"wp-block-code\"><code><iframe id=\"haWidget\" allowtransparency=\"true\" scrolling=\"auto\" src=\"https:\/\/www.helloasso.com\/associations\/unite-laique\/formulaires\/1\/widget\" style=\"width:100%;height:2000px;border:none;\" onload=\"window.scroll(0, this.offsetTop)\"><\/iframe><\/code><\/pre>\n","protected":false},"excerpt":{"rendered":"<p>Votre emploi du temps, votre sant\u00e9, votre \u00e9loignement ne vous permettent pas de devenir adh\u00e9rent d&rsquo;Unit\u00e9 La\u00efque ? Vous voulez manifester votre soutien \u00e0 notre action ? Faites-un don \u00e0 Unit\u00e9 La\u00efque. Votre don, aussi petit soit-il, est un acte puissant d&rsquo;engagement. Il soutient nos actions et renforce notre impact. Votre contribution fait la diff\u00e9rence, [&hellip;]<\/p>\n","protected":false},"author":7,"featured_media":0,"parent":0,"menu_order":0,"comment_status":"closed","ping_status":"closed","template":"","meta":{"footnotes":""},"class_list":["post-184","page","type-page","status-publish","hentry"],"_links":{"self":[{"href":"https:\/\/unitelaique.org\/index.php\/wp-json\/wp\/v2\/pages\/184","targetHints":{"allow":["GET"]}}],"collection":[{"href":"https:\/\/unitelaique.org\/index.php\/wp-json\/wp\/v2\/pages"}],"about":[{"href":"https:\/\/unitelaique.org\/index.php\/wp-json\/wp\/v2\/types\/page"}],"author":[{"embeddable":true,"href":"https:\/\/unitelaique.org\/index.php\/wp-json\/wp\/v2\/users\/7"}],"replies":[{"embeddable":true,"href":"https:\/\/unitelaique.org\/index.php\/wp-json\/wp\/v2\/comments?post=184"}],"version-history":[{"count":17,"href":"https:\/\/unitelaique.org\/index.php\/wp-json\/wp\/v2\/pages\/184\/revisions"}],"predecessor-version":[{"id":7596,"href":"https:\/\/unitelaique.org\/index.php\/wp-json\/wp\/v2\/pages\/184\/revisions\/7596"}],"wp:attachment":[{"href":"https:\/\/unitelaique.org\/index.php\/wp-json\/wp\/v2\/media?parent=184"}],"curies":[{"name":"wp","href":"https:\/\/api.w.org\/{rel}","templated":true}]}}