{"id":2403,"date":"2022-01-10T17:43:05","date_gmt":"2022-01-10T16:43:05","guid":{"rendered":"https:\/\/unitelaique.org\/?page_id=2403"},"modified":"2024-09-09T09:39:33","modified_gmt":"2024-09-09T07:39:33","slug":"chevalier-de-la-barre-2","status":"publish","type":"page","link":"https:\/\/unitelaique.org\/index.php\/chevalier-de-la-barre-2\/","title":{"rendered":"Le Chevalier de La Barre"},"content":{"rendered":"\n<div class=\"wp-block-columns has-pale-cyan-blue-background-color has-background is-layout-flex wp-container-core-columns-is-layout-9d6595d7 wp-block-columns-is-layout-flex\">\n<div class=\"wp-block-column is-vertically-aligned-center has-pale-cyan-blue-background-color has-background is-layout-flow wp-block-column-is-layout-flow\">\n<p class=\"has-text-align-center\" style=\"font-size:16px;font-style:normal;font-weight:800\"><a href=\"https:\/\/unitelaique.org\/index.php\/qui-etait-le-chevalier-de-la-barre\/\" data-type=\"link\" data-id=\"https:\/\/unitelaique.org\/index.php\/qui-etait-le-chevalier-de-la-barre\/\"><strong>Qui \u00e9tait le Chevalier <\/strong><strong>de la Barre?<\/strong><\/a><\/p>\n<\/div>\n\n\n\n<div class=\"wp-block-column is-vertically-aligned-center has-pale-cyan-blue-background-color has-background is-layout-flow wp-block-column-is-layout-flow\">\n<p class=\"has-text-align-center\" style=\"font-size:16px;font-style:normal;font-weight:800\"><strong><a href=\"https:\/\/unitelaique.org\/index.php\/la-statue-de-montmartre\/\" data-type=\"link\" data-id=\"https:\/\/unitelaique.org\/index.php\/la-statue-de-montmartre\/\">La Statue du <\/a><\/strong><strong><a href=\"https:\/\/unitelaique.org\/index.php\/la-statue-de-montmartre\/\" data-type=\"link\" data-id=\"https:\/\/unitelaique.org\/index.php\/la-statue-de-montmartre\/\">Chevalier de la Barre<\/a><\/strong><\/p>\n<\/div>\n\n\n\n<div class=\"wp-block-column is-vertically-aligned-center is-layout-flow wp-block-column-is-layout-flow\">\n<p class=\"has-text-align-center has-pale-cyan-blue-background-color has-background\" style=\"font-size:16px;font-style:normal;font-weight:800\"><strong><a href=\"https:\/\/unitelaique.org\/index.php\/lassociation-le-chevalier-de-la-barre\/\" data-type=\"link\" data-id=\"https:\/\/unitelaique.org\/index.php\/lassociation-le-chevalier-de-la-barre\/\">L&rsquo;Association <\/a><\/strong><strong><a href=\"https:\/\/unitelaique.org\/index.php\/lassociation-le-chevalier-de-la-barre\/\" data-type=\"link\" data-id=\"https:\/\/unitelaique.org\/index.php\/lassociation-le-chevalier-de-la-barre\/\">le Chevalier <\/a><\/strong><strong><a href=\"https:\/\/unitelaique.org\/index.php\/lassociation-le-chevalier-de-la-barre\/\" data-type=\"link\" data-id=\"https:\/\/unitelaique.org\/index.php\/lassociation-le-chevalier-de-la-barre\/\">de la Barre<\/a><\/strong><\/p>\n<\/div>\n<\/div>\n\n\n\n<div class=\"wp-block-columns has-background is-layout-flex wp-container-core-columns-is-layout-9d6595d7 wp-block-columns-is-layout-flex\" style=\"background-color:#e3e5e9\">\n<div class=\"wp-block-column is-layout-flow wp-block-column-is-layout-flow\" style=\"flex-basis:33.33%\"><div class=\"wp-block-image\">\n<figure class=\"aligncenter size-full is-resized\"><img loading=\"lazy\" decoding=\"async\" width=\"1024\" height=\"786\" src=\"https:\/\/unitelaique.org\/wp-content\/uploads\/2024\/09\/A-BENICHOUR-DISCOURS-1024x786-1.jpg\" alt=\"\" class=\"wp-image-7258\" style=\"width:304px;height:auto\" srcset=\"https:\/\/unitelaique.org\/wp-content\/uploads\/2024\/09\/A-BENICHOUR-DISCOURS-1024x786-1.jpg 1024w, https:\/\/unitelaique.org\/wp-content\/uploads\/2024\/09\/A-BENICHOUR-DISCOURS-1024x786-1-300x230.jpg 300w, https:\/\/unitelaique.org\/wp-content\/uploads\/2024\/09\/A-BENICHOUR-DISCOURS-1024x786-1-768x590.jpg 768w, https:\/\/unitelaique.org\/wp-content\/uploads\/2024\/09\/A-BENICHOUR-DISCOURS-1024x786-1-24x18.jpg 24w, https:\/\/unitelaique.org\/wp-content\/uploads\/2024\/09\/A-BENICHOUR-DISCOURS-1024x786-1-36x28.jpg 36w, https:\/\/unitelaique.org\/wp-content\/uploads\/2024\/09\/A-BENICHOUR-DISCOURS-1024x786-1-48x37.jpg 48w\" sizes=\"auto, (max-width: 1024px) 100vw, 1024px\" \/><\/figure>\n<\/div><\/div>\n\n\n\n<div class=\"wp-block-column is-layout-flow wp-block-column-is-layout-flow\" style=\"flex-basis:66.66%\">\n<p class=\"has-text-align-center has-large-font-size\"><strong>Prix de la la\u00efcit\u00e9 pour Daniel Benichou, <\/strong><br><strong>Pr\u00e9sident du Chevalier de la Barre<\/strong><\/p>\n\n\n\n<p>Daniel Benichou a re\u00e7u le 8 d\u00e9cembre 2022 le Prix de la La\u00efcit\u00e9 du Grand Chapitre G\u00e9n\u00e9ral, remis par son Tr\u00e8s Sage et Parfait Grand V\u00e9n\u00e9rable Philippe Guglielmi, en pr\u00e9sence du Grand Ma\u00eetre du Grand Orient de France Georges S\u00e9rignac.<\/p>\n\n\n\n<p class=\"has-text-align-center\" style=\"font-size:18px\"><strong><a href=\"https:\/\/unitelaique.org\/index.php\/2024\/09\/04\/prix-de-la-laicite-pour-daniel-benichou-president-du-chevalier-de-la-barre\/\" data-type=\"link\" data-id=\"https:\/\/unitelaique.org\/index.php\/2024\/09\/04\/prix-de-la-laicite-pour-daniel-benichou-president-du-chevalier-de-la-barre\/\">Revivez cet \u00e9v\u00e8nement en d\u00e9couvrant l&rsquo;article complet<\/a><\/strong><\/p>\n<\/div>\n<\/div>\n\n\n\n<div class=\"wp-block-columns has-background is-layout-flex wp-container-core-columns-is-layout-9d6595d7 wp-block-columns-is-layout-flex\" style=\"background-color:#1d558c\">\n<div class=\"wp-block-column is-layout-flow wp-block-column-is-layout-flow\">\n<p class=\"has-text-align-center has-white-color has-text-color has-link-color wp-elements-a03b3de7939f06d7300c02550173f5c3\" style=\"font-size:42px\"><strong>LA\u00cfCIT\u00c9 SOCIAL CLUB : LES RENDEZ-VOUS CAF\u00c9 LA\u00cfQUE<\/strong><\/p>\n\n\n\n<p class=\"has-text-align-center has-white-color has-text-color has-link-color wp-elements-e4789faa175f3583de1756d9d8d2435f\" style=\"font-size:24px\"><strong>propos\u00e9s par Le Chevalier de la Barre et Unit\u00e9 La\u00efque<\/strong><\/p>\n\n\n\n<div class=\"wp-block-columns is-layout-flex wp-container-core-columns-is-layout-9d6595d7 wp-block-columns-is-layout-flex\">\n<div class=\"wp-block-column is-layout-flow wp-block-column-is-layout-flow\">\n<p class=\"has-text-align-center has-white-color has-text-color has-link-color wp-elements-e8a086a90dfdffea1d4721cadc91330f\" style=\"font-size:25px\"><br><strong>ARCHIVES CAF\u00c9 LA\u00cfQUE <\/strong><\/p>\n<\/div>\n\n\n\n<div class=\"wp-block-column is-layout-flow wp-block-column-is-layout-flow\">\n<p class=\"has-text-align-center has-white-color has-text-color has-link-color wp-elements-f637e33c3f8100ebe8a2bd9100a6cf95\" style=\"font-size:25px\"><br><strong>CAF\u00c9S LA\u00cfQUES A VENIR<\/strong><\/p>\n<\/div>\n<\/div>\n\n\n\n<div class=\"wp-block-columns is-layout-flex wp-container-core-columns-is-layout-9d6595d7 wp-block-columns-is-layout-flex\">\n<div class=\"wp-block-column is-layout-flow wp-block-column-is-layout-flow\">\n<p class=\"has-white-color has-text-color has-link-color wp-elements-0d950b5219badaa307ca10479515c8cc\" style=\"font-size:18px\"><a href=\"https:\/\/unitelaique.org\/index.php\/2023\/12\/16\/missak-manouchian-au-pantheon-2\/\" data-type=\"link\" data-id=\"https:\/\/unitelaique.org\/index.php\/2023\/12\/16\/missak-manouchian-au-pantheon-2\/\"><strong>Caf\u00e9 La\u00efque du 17 janvier 2024 :<br>Missak Manouchian au Panth\u00e9on, combattant de l\u2019universel et de la libert\u00e9.<\/strong><\/a><\/p>\n\n\n\n<p class=\"has-white-color has-text-color has-link-color wp-elements-1e12211d095d9af3e0d28c4e934979de\" style=\"font-size:18px\"><strong><a href=\"https:\/\/unitelaique.org\/index.php\/2023\/10\/03\/6155\/\" data-type=\"link\" data-id=\"https:\/\/unitelaique.org\/index.php\/2023\/10\/03\/6155\/\">Caf\u00e9 La\u00efque du 23 novembre 2023 :<br>Femmes, vie, libert\u00e9. O\u00f9 en est la lutte des femmes iraniennes? <\/a><\/strong><\/p>\n\n\n\n<p class=\"has-white-color has-text-color has-link-color wp-elements-e592396888feba7032fada7973363ed4\" style=\"font-size:18px\"><strong><a href=\"https:\/\/unitelaique.org\/index.php\/2023\/05\/25\/les-freres-musulmans-et-la-france\/\" data-type=\"link\" data-id=\"https:\/\/unitelaique.org\/index.php\/2023\/05\/25\/les-freres-musulmans-et-la-france\/\">Caf\u00e9 La\u00efque du 22 juin 2023 :<br>Les fr\u00e8res musulmans et la France. <\/a><\/strong><\/p>\n\n\n\n<p class=\"has-white-color has-text-color has-link-color wp-elements-8021fa2e22d2f8c77f35ee4ae8986588\" style=\"font-size:18px\"><strong><a href=\"https:\/\/unitelaique.org\/index.php\/2023\/03\/13\/les-dechirements-de-la-laicite\/\" data-type=\"link\" data-id=\"https:\/\/unitelaique.org\/index.php\/2023\/03\/13\/les-dechirements-de-la-laicite\/\">Caf\u00e9 La\u00efque du 23 mai 2023 :<br>Les d\u00e9chirements de la la\u00efcit\u00e9. <\/a><\/strong><\/p>\n\n\n\n<p class=\"has-white-color has-text-color has-link-color wp-elements-6d74d4656b45e74ac7d2a040c01e792e\" style=\"font-size:18px\"><strong><a href=\"https:\/\/unitelaique.org\/index.php\/2024\/09\/04\/laicite-social-club\/\" data-type=\"link\" data-id=\"https:\/\/unitelaique.org\/index.php\/2024\/09\/04\/laicite-social-club\/\">Caf\u00e9 La\u00efque du 23 novembre 2022 :<br>D\u00e9lit de Blasph\u00e8me et tol\u00e9rance int\u00e9grale, la libert\u00e9 de conscience ex\u00e9cut\u00e9e. <\/a><\/strong><\/p>\n\n\n\n<p class=\"has-white-color has-text-color has-link-color wp-elements-228b96c389d752a1f75de61a8b93638e\" style=\"font-size:18px\"><strong><a href=\"https:\/\/unitelaique.org\/index.php\/2024\/09\/04\/laicite-social-club-port-du-voile-injonction-sexiste-ou-liberte-religieuse\/\" data-type=\"link\" data-id=\"https:\/\/unitelaique.org\/index.php\/2024\/09\/04\/laicite-social-club-port-du-voile-injonction-sexiste-ou-liberte-religieuse\/\">Caf\u00e9 La\u00efque du 20 avril 2022 :<br>Port du voile, injonction sexiste ou \u00ab\u00a0libert\u00e9\u00a0\u00bb religieuse?<\/a><\/strong><\/p>\n\n\n\n<p class=\"has-white-color has-text-color has-link-color wp-elements-051fa8593ee7610735c1368e80002e18\" style=\"font-size:18px\"><a href=\"https:\/\/unitelaique.org\/index.php\/2021\/12\/16\/le-chevalier-de-la-barre-et-unite-laique\/\" data-type=\"link\" data-id=\"https:\/\/unitelaique.org\/index.php\/2021\/12\/16\/le-chevalier-de-la-barre-et-unite-laique\/\"><strong>Caf\u00e9 La\u00efque du 17 novembre 2021 :<\/strong><br><strong>La\u00efcit\u00e9, Laicidad, Seculari<\/strong><\/a><\/p>\n<\/div>\n\n\n\n<div class=\"wp-block-column is-layout-flow wp-block-column-is-layout-flow\"><div class=\"wp-block-image\">\n<figure class=\"aligncenter size-large is-resized\"><img loading=\"lazy\" decoding=\"async\" width=\"724\" height=\"1024\" src=\"https:\/\/unitelaique.org\/wp-content\/uploads\/2024\/09\/tentation-724x1024.png\" alt=\"\" class=\"wp-image-7338\" style=\"width:356px;height:auto\" srcset=\"https:\/\/unitelaique.org\/wp-content\/uploads\/2024\/09\/tentation-724x1024.png 724w, https:\/\/unitelaique.org\/wp-content\/uploads\/2024\/09\/tentation-212x300.png 212w, https:\/\/unitelaique.org\/wp-content\/uploads\/2024\/09\/tentation-768x1086.png 768w, https:\/\/unitelaique.org\/wp-content\/uploads\/2024\/09\/tentation-1086x1536.png 1086w, https:\/\/unitelaique.org\/wp-content\/uploads\/2024\/09\/tentation-17x24.png 17w, https:\/\/unitelaique.org\/wp-content\/uploads\/2024\/09\/tentation-25x36.png 25w, https:\/\/unitelaique.org\/wp-content\/uploads\/2024\/09\/tentation-34x48.png 34w, https:\/\/unitelaique.org\/wp-content\/uploads\/2024\/09\/tentation.png 1240w\" sizes=\"auto, (max-width: 724px) 100vw, 724px\" \/><\/figure>\n<\/div><\/div>\n<\/div>\n<\/div>\n<\/div>\n\n\n\n<div class=\"wp-block-columns is-layout-flex wp-container-core-columns-is-layout-9d6595d7 wp-block-columns-is-layout-flex\">\n<div class=\"wp-block-column is-layout-flow wp-block-column-is-layout-flow\">\n<div class=\"wp-block-columns is-layout-flex wp-container-core-columns-is-layout-9d6595d7 wp-block-columns-is-layout-flex\">\n<div class=\"wp-block-column is-layout-flow wp-block-column-is-layout-flow\">\n<p class=\"has-text-align-center has-cyan-bluish-gray-background-color has-text-color has-background has-link-color wp-elements-ae651ee9833b8e62443ed7db3ef5032d\" style=\"color:#1d558c;font-size:22px\"><strong>ARCHIVE<br>Lettre Ouverte<\/strong><\/p>\n\n\n\n<p><strong>Plus de trente ans apr\u00e8s que l\u2019ayatollah Khomeiny a lanc\u00e9 une fatwa contre l\u2019\u00e9crivain Salman Rushdie, ce dernier a \u00e9t\u00e9 la cible d\u2019une tentative d\u2019assassinat lors d\u2019une conf\u00e9rence \u00e0 New York vendredi 12 ao\u00fbt 2022. Le temps qui s\u2019est \u00e9coul\u00e9 entre ces deux \u00e9v\u00e8nements peut nous para\u00eetre long. Il n\u2019en est rien aux yeux vides desquels toute conscience \u00e9clair\u00e9e est absente.<\/strong><\/p>\n\n\n\n<p><a href=\"https:\/\/unitelaique.org\/index.php\/2024\/09\/04\/lettre-ouverte\/\" data-type=\"link\" data-id=\"https:\/\/unitelaique.org\/index.php\/2024\/09\/04\/lettre-ouverte\/\">Article complet<\/a><\/p>\n\n\n<div class=\"wp-block-image\">\n<figure class=\"aligncenter size-full\"><img loading=\"lazy\" decoding=\"async\" width=\"300\" height=\"400\" src=\"https:\/\/unitelaique.org\/wp-content\/uploads\/2024\/09\/les-enfants-de-minuit.jpg\" alt=\"\" class=\"wp-image-7282\" srcset=\"https:\/\/unitelaique.org\/wp-content\/uploads\/2024\/09\/les-enfants-de-minuit.jpg 300w, https:\/\/unitelaique.org\/wp-content\/uploads\/2024\/09\/les-enfants-de-minuit-225x300.jpg 225w, https:\/\/unitelaique.org\/wp-content\/uploads\/2024\/09\/les-enfants-de-minuit-18x24.jpg 18w, https:\/\/unitelaique.org\/wp-content\/uploads\/2024\/09\/les-enfants-de-minuit-27x36.jpg 27w, https:\/\/unitelaique.org\/wp-content\/uploads\/2024\/09\/les-enfants-de-minuit-36x48.jpg 36w\" sizes=\"auto, (max-width: 300px) 100vw, 300px\" \/><\/figure>\n<\/div><\/div>\n\n\n\n<div class=\"wp-block-column is-layout-flow wp-block-column-is-layout-flow\">\n<p class=\"has-text-align-center has-cyan-bluish-gray-background-color has-text-color has-background has-link-color wp-elements-b1e8db1ff9247a3bb4ea49f7f9554fb8\" style=\"color:#1d558c;font-size:22px\"><strong>ARCHIVE<\/strong><br><strong>F\u00eate de la la\u00efcit\u00e9 2021<\/strong><\/p>\n\n\n\n<p><strong>Charlie publie pour la f\u00eate de la la\u00efcit\u00e9 2021.<\/strong><\/p>\n\n\n\n<p><a href=\"https:\/\/unitelaique.org\/index.php\/2024\/09\/04\/fete-de-la-laicite-du-26-juin-2021\/\" data-type=\"link\" data-id=\"https:\/\/unitelaique.org\/index.php\/2024\/09\/04\/fete-de-la-laicite-du-26-juin-2021\/\">Article complet<\/a><\/p>\n\n\n<div class=\"wp-block-image\">\n<figure class=\"aligncenter size-full\"><img loading=\"lazy\" decoding=\"async\" width=\"2271\" height=\"1984\" src=\"https:\/\/unitelaique.org\/wp-content\/uploads\/2024\/09\/Charlie1.png\" alt=\"\" class=\"wp-image-7307\" srcset=\"https:\/\/unitelaique.org\/wp-content\/uploads\/2024\/09\/Charlie1.png 2271w, https:\/\/unitelaique.org\/wp-content\/uploads\/2024\/09\/Charlie1-300x262.png 300w, https:\/\/unitelaique.org\/wp-content\/uploads\/2024\/09\/Charlie1-1024x895.png 1024w, https:\/\/unitelaique.org\/wp-content\/uploads\/2024\/09\/Charlie1-768x671.png 768w, https:\/\/unitelaique.org\/wp-content\/uploads\/2024\/09\/Charlie1-1536x1342.png 1536w, https:\/\/unitelaique.org\/wp-content\/uploads\/2024\/09\/Charlie1-2048x1789.png 2048w, https:\/\/unitelaique.org\/wp-content\/uploads\/2024\/09\/Charlie1-24x21.png 24w, https:\/\/unitelaique.org\/wp-content\/uploads\/2024\/09\/Charlie1-36x31.png 36w, https:\/\/unitelaique.org\/wp-content\/uploads\/2024\/09\/Charlie1-48x42.png 48w\" sizes=\"auto, (max-width: 2271px) 100vw, 2271px\" \/><\/figure>\n<\/div><\/div>\n<\/div>\n<\/div>\n\n\n\n<div class=\"wp-block-column is-layout-flow wp-block-column-is-layout-flow\">\n<div class=\"wp-block-columns is-layout-flex wp-container-core-columns-is-layout-9d6595d7 wp-block-columns-is-layout-flex\">\n<div class=\"wp-block-column is-layout-flow wp-block-column-is-layout-flow\">\n<p class=\"has-text-align-center has-cyan-bluish-gray-background-color has-text-color has-background has-link-color wp-elements-231e929eaa858cf262805abc72a4c786\" style=\"color:#1d558c;font-size:22px\"><strong>ARCHIVE<\/strong><br><strong><strong>F<\/strong>\u00eate de la la\u00efcit\u00e9 2022<\/strong><\/p>\n\n\n\n<p><strong>Discours introductif  de Daniel Benichou, Pr\u00e9sident de l&rsquo;association \u00ab\u00a0Le Chevalier de la Barre\u00a0\u00bb.<\/strong><br><br>Le Chevalier de la Barre fut c\u00e9l\u00e9br\u00e9, pour la premi\u00e8re fois, lors de la grande R\u00e9volution, \u00e0 l\u2019occasion d\u2019une F\u00eate de la Raison et de la V\u00e9rit\u00e9 qui eut lieu \u00e0 Abbeville, lieu du \u00ab blasph\u00e8me \u00bb, le 10 d\u00e9cembre 1793.<\/p>\n\n\n\n<p><a href=\"https:\/\/unitelaique.org\/index.php\/2024\/09\/04\/fete-de-la-laicite-du-25-juin-2022\/\" data-type=\"link\" data-id=\"https:\/\/unitelaique.org\/index.php\/2024\/09\/04\/fete-de-la-laicite-du-25-juin-2022\/\">Article complet<\/a><\/p>\n\n\n<div class=\"wp-block-image\">\n<figure class=\"aligncenter size-full is-resized\"><img loading=\"lazy\" decoding=\"async\" width=\"724\" height=\"1024\" src=\"https:\/\/unitelaique.org\/wp-content\/uploads\/2024\/09\/affiche_fete_laicite_2022-page-001-724x1024-1.jpg\" alt=\"\" class=\"wp-image-7298\" style=\"width:257px;height:auto\" srcset=\"https:\/\/unitelaique.org\/wp-content\/uploads\/2024\/09\/affiche_fete_laicite_2022-page-001-724x1024-1.jpg 724w, https:\/\/unitelaique.org\/wp-content\/uploads\/2024\/09\/affiche_fete_laicite_2022-page-001-724x1024-1-212x300.jpg 212w, https:\/\/unitelaique.org\/wp-content\/uploads\/2024\/09\/affiche_fete_laicite_2022-page-001-724x1024-1-17x24.jpg 17w, https:\/\/unitelaique.org\/wp-content\/uploads\/2024\/09\/affiche_fete_laicite_2022-page-001-724x1024-1-25x36.jpg 25w, https:\/\/unitelaique.org\/wp-content\/uploads\/2024\/09\/affiche_fete_laicite_2022-page-001-724x1024-1-34x48.jpg 34w\" sizes=\"auto, (max-width: 724px) 100vw, 724px\" \/><\/figure>\n<\/div><\/div>\n\n\n\n<div class=\"wp-block-column is-layout-flow wp-block-column-is-layout-flow\">\n<p class=\"has-text-align-center has-cyan-bluish-gray-background-color has-text-color has-background has-link-color wp-elements-e29f08f1cf23ad0af55378828e0e49c7\" style=\"color:#1d558c;font-size:22px\"><strong>PROJECTION \u00ab\u00a0Amal, un esprit libre.\u00a0\u00bb<\/strong><\/p>\n\n\n\n<p><strong>Projection priv\u00e9e du film de Jawad Rhalib, \u00ab Amal, un esprit libre \u00bb et table ronde.<\/strong><br><br>Amal, enseignante dans un lyc\u00e9e \u00e0 Bruxelles, encourage ses \u00e9l\u00e8ves \u00e0 s\u2019exprimer librement. De par ses m\u00e9thodes p\u00e9dagogiques audacieuses et son enthousiasme, elle va bouleverser leur vie. Jusqu\u2019\u00e0 en choquer certains. Peu \u00e0 peu, Amal va se sentir harcel\u00e9e, menac\u00e9e.<\/p>\n\n\n\n<p><a href=\"https:\/\/unitelaique.org\/index.php\/category\/nos-actions\/colloques-et-tables-rondes\/\" data-type=\"link\" data-id=\"https:\/\/unitelaique.org\/index.php\/category\/nos-actions\/colloques-et-tables-rondes\/\">Article complet<\/a><\/p>\n\n\n<div class=\"wp-block-image\">\n<figure class=\"aligncenter size-full is-resized\"><img loading=\"lazy\" decoding=\"async\" width=\"600\" height=\"611\" src=\"https:\/\/unitelaique.org\/wp-content\/uploads\/2024\/03\/affiche-enseigner-a-en-mouririnsta.jpg\" alt=\"\" class=\"wp-image-6755\" style=\"width:257px;height:auto\" srcset=\"https:\/\/unitelaique.org\/wp-content\/uploads\/2024\/03\/affiche-enseigner-a-en-mouririnsta.jpg 600w, https:\/\/unitelaique.org\/wp-content\/uploads\/2024\/03\/affiche-enseigner-a-en-mouririnsta-295x300.jpg 295w, https:\/\/unitelaique.org\/wp-content\/uploads\/2024\/03\/affiche-enseigner-a-en-mouririnsta-24x24.jpg 24w, https:\/\/unitelaique.org\/wp-content\/uploads\/2024\/03\/affiche-enseigner-a-en-mouririnsta-36x36.jpg 36w, https:\/\/unitelaique.org\/wp-content\/uploads\/2024\/03\/affiche-enseigner-a-en-mouririnsta-48x48.jpg 48w\" sizes=\"auto, (max-width: 600px) 100vw, 600px\" \/><\/figure>\n<\/div><\/div>\n<\/div>\n<\/div>\n<\/div>\n","protected":false},"excerpt":{"rendered":"<p>Qui \u00e9tait le Chevalier de la Barre? La Statue du Chevalier de la Barre L&rsquo;Association le Chevalier de la Barre Prix de la la\u00efcit\u00e9 pour Daniel Benichou, Pr\u00e9sident du Chevalier de la Barre Daniel Benichou a re\u00e7u le 8 d\u00e9cembre 2022 le Prix de la La\u00efcit\u00e9 du Grand Chapitre G\u00e9n\u00e9ral, remis par son Tr\u00e8s Sage [&hellip;]<\/p>\n","protected":false},"author":7,"featured_media":0,"parent":0,"menu_order":0,"comment_status":"closed","ping_status":"closed","template":"","meta":{"footnotes":""},"class_list":["post-2403","page","type-page","status-publish","hentry"],"_links":{"self":[{"href":"https:\/\/unitelaique.org\/index.php\/wp-json\/wp\/v2\/pages\/2403","targetHints":{"allow":["GET"]}}],"collection":[{"href":"https:\/\/unitelaique.org\/index.php\/wp-json\/wp\/v2\/pages"}],"about":[{"href":"https:\/\/unitelaique.org\/index.php\/wp-json\/wp\/v2\/types\/page"}],"author":[{"embeddable":true,"href":"https:\/\/unitelaique.org\/index.php\/wp-json\/wp\/v2\/users\/7"}],"replies":[{"embeddable":true,"href":"https:\/\/unitelaique.org\/index.php\/wp-json\/wp\/v2\/comments?post=2403"}],"version-history":[{"count":147,"href":"https:\/\/unitelaique.org\/index.php\/wp-json\/wp\/v2\/pages\/2403\/revisions"}],"predecessor-version":[{"id":7351,"href":"https:\/\/unitelaique.org\/index.php\/wp-json\/wp\/v2\/pages\/2403\/revisions\/7351"}],"wp:attachment":[{"href":"https:\/\/unitelaique.org\/index.php\/wp-json\/wp\/v2\/media?parent=2403"}],"curies":[{"name":"wp","href":"https:\/\/api.w.org\/{rel}","templated":true}]}}