{"id":2464,"date":"2022-01-17T13:40:53","date_gmt":"2022-01-17T12:40:53","guid":{"rendered":"https:\/\/unitelaique.org\/?page_id=2464"},"modified":"2022-01-17T16:53:12","modified_gmt":"2022-01-17T15:53:12","slug":"qui-etait-le-chevalier-de-la-barre","status":"publish","type":"page","link":"https:\/\/unitelaique.org\/index.php\/qui-etait-le-chevalier-de-la-barre\/","title":{"rendered":"Qui \u00e9tait le Chevalier de la Barre ?"},"content":{"rendered":"\n<p class=\"has-large-font-size\"><em>Le Chevalier de La Barre fut tortur\u00e9 et d\u00e9capit\u00e9 \u00e0 19 ans pour \u00ab\u00a0ne pas avoir salu\u00e9 une procession\u00a0\u00bb. Il est le dernier ex\u00e9cut\u00e9 pour blasph\u00e8me en France.<\/em><\/p>\n\n\n\n<p>Fran\u00e7ois-Jean Lefebvre de La Barre est n\u00e9 en 1745 \u00e0 F\u00e9rolles-en-Brie, \u00e0 l\u2019\u00e9poque dans le dioc\u00e8se de Paris. Orphelins, pauvres, les deux fr\u00e8res La Barre sont recueillis par leur cousine, abbesse de Notre-Dame de Willancourt. Elle tient salon et re\u00e7oit les personnalit\u00e9s de la ville. Les enfants de ces notables sont une petite bande bruyante, chahuteuse et volontiers anticl\u00e9ricale.<\/p>\n\n\n\n<p>Le 9 ao\u00fbt 1765, le crucifix de bois qui ornait le Pont-Neuf est taillad\u00e9. L&rsquo;\u00e9motion qui soul\u00e8ve les braves gens d&rsquo;Abbeville est canalis\u00e9e par Monseigneur de la Motte, \u00e9v\u00eaque d&rsquo;Amiens, qui lance un monitoire ordonnant aux fid\u00e8les de r\u00e9v\u00e9ler, au juge s\u00e9culier, tout ce qu&rsquo;ils pourraient savoir de l&rsquo;affaire, sous peine d&rsquo;excommunication. Pour lui, les coupables, non encore identifi\u00e9s, se sont \u00ab rendus dignes des derniers supplices en ce monde et des peines \u00e9ternelles de l&rsquo;autre \u00bb.<\/p>\n\n\n\n<div class=\"wp-block-image is-style-default\"><figure class=\"alignleft size-full is-resized\"><img loading=\"lazy\" decoding=\"async\" src=\"https:\/\/unitelaique.org\/wp-content\/uploads\/2022\/01\/Image-1.png\" alt=\"\" class=\"wp-image-2488\" width=\"371\" height=\"214\" srcset=\"https:\/\/unitelaique.org\/wp-content\/uploads\/2022\/01\/Image-1.png 851w, https:\/\/unitelaique.org\/wp-content\/uploads\/2022\/01\/Image-1-300x174.png 300w, https:\/\/unitelaique.org\/wp-content\/uploads\/2022\/01\/Image-1-768x445.png 768w, https:\/\/unitelaique.org\/wp-content\/uploads\/2022\/01\/Image-1-24x14.png 24w, https:\/\/unitelaique.org\/wp-content\/uploads\/2022\/01\/Image-1-36x21.png 36w, https:\/\/unitelaique.org\/wp-content\/uploads\/2022\/01\/Image-1-48x28.png 48w\" sizes=\"auto, (max-width: 371px) 100vw, 371px\" \/><figcaption>Le Pont-neuf en 1766 (Biblioth\u00e8que municipale d\u2019Abbeville). Le crucifix est visible \u00e0 l\u2019entr\u00e9e du pont.<\/figcaption><\/figure><\/div>\n\n\n\n<p>Tous les dimanches, les cur\u00e9s haranguent ainsi les paroissiens, la tension monte. Personne n&rsquo;a rien vu, mais plusieurs se souviennent que de jeunes f\u00eatards n&rsquo;ont pas salu\u00e9 la procession religieuse lors de la F\u00eate-Dieu derni\u00e8re. Trois noms reviennent : Gaillard d&rsquo;Etallonde, Jean-Fran\u00e7ois de La Barre et Moisnel. Les trois jeunes hommes sont issus de familles de notables.<\/p>\n\n\n\n<p>Devant la menace, Gaillard d&rsquo;Etallonde s&rsquo;enfuit en Hollande. La Barre reste. O\u00f9 pourrait-il aller sans argent ? Et puis, pour le 9 ao\u00fbt, il a un alibi. Qu&rsquo;\u00e0 cela ne tienne, lorsqu&rsquo;on d\u00e9couvre, apr\u00e8s perquisition dans sa chambre de l&rsquo;abbaye, trois livres interdits dont le \u00ab&nbsp;Dictionnaire Philosophique&nbsp;\u00bb de Voltaire, voil\u00e0 le coupable id\u00e9al.<\/p>\n\n\n\n<p><\/p>\n\n\n\n<p>L&rsquo;abbesse de Willancourt fait intervenir ses relations, le chevalier tente l&rsquo;appel \u00e0 Paris, rien n&rsquo;y fait. Le 4 juin 1766, le Parlement de Paris statue sur le crime d&rsquo;impi\u00e9t\u00e9 pour les trois comp\u00e8res. Moisnel, \u00e2g\u00e9 de quinze ans est condamn\u00e9 \u00e0 une amende, d&rsquo;Etallonde est en fuite, il ne reste plus que le chevalier de La Barre, condamn\u00e9, lui, pour blasph\u00e8me et sacril\u00e8ge. Le <a href=\"https:\/\/gallica.bnf.fr\/ark:\/12148\/bpt6k57208371?rk=21459;2\">proc\u00e8s<\/a> fait appara\u00eetre la collusion entre l&rsquo;\u00e9v\u00eaque et le procureur du roi.<\/p>\n\n\n\n<p>Le 1er juillet 1766, apr\u00e8s avoir subi \u00e0 nouveau <a href=\"https:\/\/gallica.bnf.fr\/ark:\/12148\/bpt6k207901g\/f58.item\">la torture de la question et des brodequins<\/a>, il est conduit sur le lieu de l&rsquo;ex\u00e9cution, en charrette, en chemise, la corde au cou. Il porte dans le dos une pancarte sur laquelle est \u00e9crit \u00ab impie, blasph\u00e9mateur et sacril\u00e8ge ex\u00e9crable \u00bb. Le courage du condamn\u00e9 est tel qu&rsquo;on renonce \u00e0 lui arracher la langue. Le chevalier est d\u00e9capit\u00e9 et son corps jet\u00e9 aux flammes avec l&rsquo;exemplaire saisi du \u00ab&nbsp;Dictionnaire Philosophique&nbsp;\u00bb.<\/p>\n\n\n\n<div class=\"wp-block-image is-style-default\"><figure class=\"alignleft size-full is-resized\"><img loading=\"lazy\" decoding=\"async\" src=\"https:\/\/unitelaique.org\/wp-content\/uploads\/2022\/01\/Image-2.png\" alt=\"\" class=\"wp-image-2489\" width=\"377\" height=\"381\" srcset=\"https:\/\/unitelaique.org\/wp-content\/uploads\/2022\/01\/Image-2.png 798w, https:\/\/unitelaique.org\/wp-content\/uploads\/2022\/01\/Image-2-297x300.png 297w, https:\/\/unitelaique.org\/wp-content\/uploads\/2022\/01\/Image-2-768x776.png 768w, https:\/\/unitelaique.org\/wp-content\/uploads\/2022\/01\/Image-2-24x24.png 24w, https:\/\/unitelaique.org\/wp-content\/uploads\/2022\/01\/Image-2-36x36.png 36w, https:\/\/unitelaique.org\/wp-content\/uploads\/2022\/01\/Image-2-48x48.png 48w\" sizes=\"auto, (max-width: 377px) 100vw, 377px\" \/><figcaption>Le chevalier Fran\u00e7ois-Jean Lefebvre de La Barre a \u00e9t\u00e9 supplici\u00e9 en 1766. (Photo Bianchetti. Leemage)<\/figcaption><\/figure><\/div>\n\n\n\n<p><strong>Voltaire et le Chevalier de la Barre<\/strong><\/p>\n\n\n\n<p>La seconde moiti\u00e9 du XVIIIe si\u00e8cle est marqu\u00e9e par la querelle qui oppose les parlements et la monarchie absolue. Les parlements sont, en outre, vigoureusement oppos\u00e9s \u00e0 <a href=\"https:\/\/gallica.bnf.fr\/conseils\/content\/lencyclop%C3%A9die-de-diderot-et-d%E2%80%99alembert\">l\u2019Encyclop\u00e9die<\/a> et aux philosophes. En 1751, le Parlement de Paris interdit la publication de l\u2019Encyclop\u00e9die qui est \u00e9dit\u00e9e clandestinement. En 1764 para\u00eet un livre de petit format, intitul\u00e9 <a href=\"https:\/\/gallica.bnf.fr\/ark:\/12148\/btv1b8626129s\/f9.item\">Dictionnaire philosophique portatif <\/a>, sans nom d\u2019auteur, qui est rapidement identifi\u00e9 comme \u00e9tant l\u2019\u0153uvre de Voltaire et mis \u00e0 l\u2019Index par le Parlement de Paris. C\u2019est ce livre que d\u00e9tient le Chevalier de la Barre.<br><br><br><br><br><br><br><br><br><br><br><br><br><br><\/p>\n\n\n\n<p><\/p>\n\n\n\n<div style=\"padding: 0; padding-bottom: 128.21387283236993%; position: relative;  display: block; height: 0;\"><iframe style=\"position: absolute;  top: 0; bottom: 0; left: 0; width: 100%; height: 100%; border: 0;\" src=\"https:\/\/gallica.bnf.fr\/ark:\/12148\/btv1b8425652z\/f1.item.mini\"><\/iframe><\/div>\n\n\n\n\n\n<p>Voltaire s&rsquo;implique avec retard dans la d\u00e9fense de La Barre. Le 7 juillet 1766, il apprend, \u00ab le c\u0153ur fl\u00e9tri \u00bb, l&rsquo;ex\u00e9cution d&rsquo;Abbeville. Le fait que l&rsquo;on ait br\u00fbl\u00e9 un exemplaire du Dictionnaire philosophique en m\u00eame temps que le malheureux, lui fait craindre l&rsquo;arrestation. C&rsquo;est de Suisse qu&rsquo;il m\u00e8ne la contre-offensive. Mis en cause dans cette affaire, Voltaire prend fait et cause pour le chevalier de La Barre et ses coaccus\u00e9s. Il r\u00e9dige un premier r\u00e9cit de l&rsquo;affaire, d&rsquo;une vingtaine de pages, la <a href=\"https:\/\/gallica.bnf.fr\/ark:\/12148\/bpt6k5617613k\/f6.item.texteImage\">Relation de la mort du chevalier de La Barre \u00e0 Monsieur le marquis de Beccaria<\/a>, publi\u00e9 en 1768 \u00e0 Amsterdam.<\/p>\n\n\n\n<p>Dans son article \u00ab <a href=\"https:\/\/gallica.bnf.fr\/ark:\/12148\/bpt6k37538b\/f394.item\">Torture<\/a> \u00bb de l&rsquo;\u00e9dition de 1769 du Dictionnaire philosophique, Voltaire fait le r\u00e9cit du martyre du chevalier de La Barre :<\/p>\n\n\n\n<p>&nbsp;\u00ab Lorsque le chevalier de La Barre, petit-fils d&rsquo;un lieutenant g\u00e9n\u00e9ral des arm\u00e9es, jeune homme de beaucoup d&rsquo;esprit et d&rsquo;une grande esp\u00e9rance, mais ayant toute l&rsquo;\u00e9tourderie d&rsquo;une jeunesse effr\u00e9n\u00e9e, fut convaincu d&rsquo;avoir chant\u00e9 des chansons impies, et m\u00eame d&rsquo;avoir pass\u00e9 devant une procession de capucins sans avoir \u00f4t\u00e9 son chapeau, les juges d&rsquo;Abbeville, gens comparables aux s\u00e9nateurs romains, ordonn\u00e8rent, non seulement qu&rsquo;on lui arrach\u00e2t la langue, qu&rsquo;on lui coup\u00e2t la main, et qu&rsquo;on br\u00fbl\u00e2t son corps \u00e0 petit feu ; mais ils l&rsquo;appliqu\u00e8rent encore \u00e0 la torture pour savoir combien de chansons il avait chant\u00e9es, et combien de processions il avait vu passer, le chapeau sur la t\u00eate. \u00bb<\/p>\n\n\n\n<p>Voltaire utilise ses relations pour tenter d&rsquo;innocenter <a href=\"https:\/\/gallica.bnf.fr\/services\/engine\/search\/sru?operation=searchRetrieve&amp;version=1.2&amp;collapsing=disabled&amp;rk=42918;4&amp;query=%28gallica%20all%20%22Gaillard%20d%27Etallonde%22%29%20and%20dc.relation%20all%20%22cb31602455d%22\">Gaillard d&rsquo;Etallonde<\/a> . En juin 1775 para\u00eet <a href=\"https:\/\/gallica.bnf.fr\/ark:\/12148\/bpt6k80027n\/f106\">Le Cri du sang innocent<\/a>, ouvrage sign\u00e9 par Gaillard d&rsquo;Etallonde, r\u00e9fugi\u00e9 \u00e0 Ferney, mais vraisemblablement r\u00e9dig\u00e9 par Voltaire, qui esp\u00e8re ainsi, mais en vain, la cl\u00e9mence du nouveau roi, Louis XVI.<\/p>\n\n\n\n<p>Voltaire \u00e9choua \u00e0 faire r\u00e9habiliter le Chevalier de la Barre. Il le fut par la convention le 25 Brumaire An II (15 novembre 1794)<a href=\"#_ftn1\">[1]<\/a>.<\/p>\n\n\n\n<p>Les cl\u00e9ricaux et les ennemis de Voltaire ne cess\u00e8rent de se mobiliser pour salir la m\u00e9moire du Chevalier de la Barre et du philosophe, comme par exemple <a href=\"https:\/\/gallica.bnf.fr\/ark:\/12148\/bpt6k3040789v\/f173.item.texteImage\">Charles Barth\u00e9lemy<\/a> en 1881 dans une \u00ab&nbsp;publication honor\u00e9e d\u2019un Bref de sa Saintet\u00e9 le Pape&nbsp;\u00bb ou la <a href=\"https:\/\/gallica.bnf.fr\/ark:\/12148\/bpt6k54776679.r=le%20chevalier%20de%20la%20barre?rk=364808;4\">Ligue Saint-Martin<\/a> , soci\u00e9t\u00e9 de pens\u00e9e r\u00e9actionnaire, en 1883.<\/p>\n\n\n\n<p><strong>Hommages posthumes au Chevalier de la Barre<\/strong><\/p>\n\n\n\n<p>Il existe des rues, impasses ou places nomm\u00e9es en m\u00e9moire du chevalier de La Barre dans plus de 60 communes, un peu partout en France, et m\u00eame en Belgique. La liste en est donn\u00e9e dans Wikip\u00e9dia (<a href=\"https:\/\/fr.wikipedia.org\/wiki\/Fran%C3%A7ois-Jean_Lefebvre_de_La_Barre\">Hommages posthumes<\/a>).<\/p>\n\n\n\n<p>Abbeville, la ville natale du Chevalier, a \u00e9rig\u00e9 en 1907 un monument \u00e0 la m\u00e9moire de Fran\u00e7ois-Jean de la Barre, avec un tr\u00e8s beau bas-relief du sculpteur Raoul Delhomme.<\/p>\n\n\n\n<div class=\"wp-block-image is-style-default\"><figure class=\"aligncenter size-full\"><img loading=\"lazy\" decoding=\"async\" width=\"944\" height=\"327\" src=\"https:\/\/unitelaique.org\/wp-content\/uploads\/2022\/01\/image-8.jpg\" alt=\"\" class=\"wp-image-2504\" srcset=\"https:\/\/unitelaique.org\/wp-content\/uploads\/2022\/01\/image-8.jpg 944w, https:\/\/unitelaique.org\/wp-content\/uploads\/2022\/01\/image-8-300x104.jpg 300w, https:\/\/unitelaique.org\/wp-content\/uploads\/2022\/01\/image-8-768x266.jpg 768w, https:\/\/unitelaique.org\/wp-content\/uploads\/2022\/01\/image-8-24x8.jpg 24w, https:\/\/unitelaique.org\/wp-content\/uploads\/2022\/01\/image-8-36x12.jpg 36w, https:\/\/unitelaique.org\/wp-content\/uploads\/2022\/01\/image-8-48x17.jpg 48w\" sizes=\"auto, (max-width: 944px) 100vw, 944px\" \/><figcaption>Monument d\u2019Abbeville. Sculpteur Raoul Delhomme<\/figcaption><\/figure><\/div>\n\n\n\n<p>Paris honore doublement Fran\u00e7ois-Jean Lefebvre de La Barre&nbsp;: une rue et un monument lui sont d\u00e9di\u00e9s.<\/p>\n\n\n\n<p>En 1885, une rue du XVIII\u00e8me arrondissement, \u00e0 proximit\u00e9 du Sacr\u00e9-C\u0153ur, est baptis\u00e9e la rue de la Barre. Elle devient la rue du Chevalier de la Barre en 1907.<\/p>\n\n\n\n<div style=\"display: block; \"><iframe style=\"width:500px; height: 511.8114203454894px; border: 0;\" src=\"https:\/\/gallica.bnf.fr\/ark:\/12148\/btv1b105198137\/f1.item.mini\"><\/iframe><\/div>\n\n\n\n<div style=\"padding: 0; padding-bottom: 112.36751332706179%; position: relative;  display: block; height: 0;\"><iframe style=\"position: absolute;  top: 0; bottom: 0; left: 0; width: 100%; height: 100%; border: 0;\" src=\"https:\/\/gallica.bnf.fr\/ark:\/12148\/btv1b532065947\/f1.item.mini\"><\/iframe><\/div>\n\n\n\n<p>Un monument au Chevalier de la Barre est \u00e9rig\u00e9 en 1905 \u00e0 Montmartre devant le Sacr\u00e9-C\u0153ur. Il est d\u00e9plac\u00e9 en 1926 square Nadar. D\u00e9truit en 1941, il est remplac\u00e9 en\u00a02001 par une nouvelle statue, financ\u00e9e par une souscription de l&rsquo;Association Le Chevalier de la Barre et situ\u00e9e elle aussi square Nadar.<\/p>\n\n\n\n<div class=\"wp-block-image is-style-default\"><figure class=\"aligncenter size-full is-resized\"><img loading=\"lazy\" decoding=\"async\" src=\"https:\/\/unitelaique.org\/wp-content\/uploads\/2022\/01\/image-14.jpg\" alt=\"\" class=\"wp-image-2530\" width=\"473\" height=\"353\" srcset=\"https:\/\/unitelaique.org\/wp-content\/uploads\/2022\/01\/image-14.jpg 735w, https:\/\/unitelaique.org\/wp-content\/uploads\/2022\/01\/image-14-300x224.jpg 300w, https:\/\/unitelaique.org\/wp-content\/uploads\/2022\/01\/image-14-24x18.jpg 24w, https:\/\/unitelaique.org\/wp-content\/uploads\/2022\/01\/image-14-36x27.jpg 36w, https:\/\/unitelaique.org\/wp-content\/uploads\/2022\/01\/image-14-48x36.jpg 48w\" sizes=\"auto, (max-width: 473px) 100vw, 473px\" \/><\/figure><\/div>\n\n\n\n<p><strong><a href=\"https:\/\/unitelaique.org\/index.php\/la-statue-de-montmartre\/\">Pour en savoir plus sur les statues parisiennes du Chevalier de La Barre<\/a><\/strong><\/p>\n\n\n\n<hr class=\"wp-block-separator\"\/>\n\n\n\n<p><a href=\"#_ftnref1\">[1]<\/a> Michel Biard, \u00ab&nbsp;1793, la r\u00e9habilitation de la m\u00e9moire du chevalier de La Barre&nbsp;\u00bb, in <em>Histoire de la justice<\/em> 2020\/1 (N\u00b0 30) <a href=\"https:\/\/www.cairn.info\/revue-histoire-de-la-justice-2020-1-page-75.htm\">https:\/\/www.cairn.info\/revue-histoire-de-la-justice-2020-1-page-75.htm<\/a><\/p>\n","protected":false},"excerpt":{"rendered":"<p>Le Chevalier de La Barre fut tortur\u00e9 et d\u00e9capit\u00e9 \u00e0 19 ans pour \u00ab\u00a0ne pas avoir salu\u00e9 une procession\u00a0\u00bb. Il est le dernier ex\u00e9cut\u00e9 pour blasph\u00e8me en France. Fran\u00e7ois-Jean Lefebvre de La Barre est n\u00e9 en 1745 \u00e0 F\u00e9rolles-en-Brie, \u00e0 l\u2019\u00e9poque dans le dioc\u00e8se de Paris. Orphelins, pauvres, les deux fr\u00e8res La Barre sont recueillis [&hellip;]<\/p>\n","protected":false},"author":7,"featured_media":0,"parent":0,"menu_order":0,"comment_status":"closed","ping_status":"closed","template":"","meta":{"footnotes":""},"class_list":["post-2464","page","type-page","status-publish","hentry"],"_links":{"self":[{"href":"https:\/\/unitelaique.org\/index.php\/wp-json\/wp\/v2\/pages\/2464","targetHints":{"allow":["GET"]}}],"collection":[{"href":"https:\/\/unitelaique.org\/index.php\/wp-json\/wp\/v2\/pages"}],"about":[{"href":"https:\/\/unitelaique.org\/index.php\/wp-json\/wp\/v2\/types\/page"}],"author":[{"embeddable":true,"href":"https:\/\/unitelaique.org\/index.php\/wp-json\/wp\/v2\/users\/7"}],"replies":[{"embeddable":true,"href":"https:\/\/unitelaique.org\/index.php\/wp-json\/wp\/v2\/comments?post=2464"}],"version-history":[{"count":21,"href":"https:\/\/unitelaique.org\/index.php\/wp-json\/wp\/v2\/pages\/2464\/revisions"}],"predecessor-version":[{"id":2531,"href":"https:\/\/unitelaique.org\/index.php\/wp-json\/wp\/v2\/pages\/2464\/revisions\/2531"}],"wp:attachment":[{"href":"https:\/\/unitelaique.org\/index.php\/wp-json\/wp\/v2\/media?parent=2464"}],"curies":[{"name":"wp","href":"https:\/\/api.w.org\/{rel}","templated":true}]}}