{"id":2475,"date":"2022-01-17T13:46:36","date_gmt":"2022-01-17T12:46:36","guid":{"rendered":"https:\/\/unitelaique.org\/?page_id=2475"},"modified":"2022-01-17T16:48:46","modified_gmt":"2022-01-17T15:48:46","slug":"la-statue-de-montmartre","status":"publish","type":"page","link":"https:\/\/unitelaique.org\/index.php\/la-statue-de-montmartre\/","title":{"rendered":"La statue du Chevalier de La Barre"},"content":{"rendered":"\n<p>La construction de la basilique du Sacr\u00e9-C\u0153ur, \u00e0 Montmartre, est un v\u00e9ritable scandale pour les Parisiens qui s&rsquo;\u00e9taient r\u00e9volt\u00e9s en 1871, lors de la Commune de Paris. Cette basilique est destin\u00e9e \u00e0 \u00ab\u00a0sauver la France qui a m\u00e9rit\u00e9 le ch\u00e2timent de Dieu par l&rsquo;encouragement qu&rsquo;elle a donn\u00e9 \u00e0 l&rsquo;esprit r\u00e9volutionnaire dans le monde\u00a0\u00bb.<\/p>\n\n\n\n<p>En 1897, un comit\u00e9 de libres penseurs demande que soit \u00e9rig\u00e9e une statue du Chevalier de La Barre sur un terrain communal situ\u00e9 devant le chantier de la basilique inf\u00e2me. Les d\u00e9marches aboutissent. La statue, r\u00e9alis\u00e9e par le sculpteur Armand Bloch, est \u00e9rig\u00e9e devant l&rsquo;\u00e9glise du Sacr\u00e9 C\u0153ur \u00e0 Paris. Elle repr\u00e9sente Fran\u00e7ois-Jean de la Barre encha\u00een\u00e9 et supplici\u00e9.<\/p>\n\n\n\n<div class=\"wp-block-image is-style-default\"><figure class=\"aligncenter size-full\"><img loading=\"lazy\" decoding=\"async\" width=\"370\" height=\"546\" src=\"https:\/\/unitelaique.org\/wp-content\/uploads\/2022\/01\/image-12.jpg\" alt=\"\" class=\"wp-image-2511\" srcset=\"https:\/\/unitelaique.org\/wp-content\/uploads\/2022\/01\/image-12.jpg 370w, https:\/\/unitelaique.org\/wp-content\/uploads\/2022\/01\/image-12-203x300.jpg 203w, https:\/\/unitelaique.org\/wp-content\/uploads\/2022\/01\/image-12-16x24.jpg 16w, https:\/\/unitelaique.org\/wp-content\/uploads\/2022\/01\/image-12-24x36.jpg 24w, https:\/\/unitelaique.org\/wp-content\/uploads\/2022\/01\/image-12-33x48.jpg 33w\" sizes=\"auto, (max-width: 370px) 100vw, 370px\" \/><figcaption>Rue Saint-\u00c9leuth\u00e8re. Square Nadar. Statue du Chevalier de la Barre<br>Fait partie de : [Paris, rue Saint-\u00c9leuth\u00e8re. Square Nadar. Statue du Chevalier de la Barre. Cartes postales]<\/figcaption><\/figure><\/div>\n\n\n\n<p>Elle est inaugur\u00e9e le 3 septembre 1905. La date n&rsquo;est pas innocente. En effet, cette journ\u00e9e qui sera grandiose (25 000 manifestants), pr\u00e9c\u00e8de le Congr\u00e8s international des Libres Penseurs des 4, 5 et 6 septembre 1905. Les congressistes \u00e9taient tous l\u00e0, de m\u00eame que de nombreux francs-ma\u00e7ons du Grand Orient de France. Tous sont re\u00e7us \u00e0 la Mairie de Paris (plusieurs conseillers municipaux font partie des organisateurs du congr\u00e8s et de la manifestation). Paris avait \u00e9t\u00e9 choisi pour le congr\u00e8s de 1905 car on savait que la S\u00e9paration de l\u2019\u00c9glise et de l\u2019\u00c9tat y serait bient\u00f4t vot\u00e9e.<\/p>\n\n\n\n<p>En 1926 la statue, qui se trouvait sur le parvis de la basilique, \u00e0 la vue de tous les p\u00e8lerins, est d\u00e9plac\u00e9e sur le c\u00f4t\u00e9 de l&rsquo;\u00e9glise, square Nadar, emplacement moins d\u00e9rangeant pour les croyants.<\/p>\n\n\n\n<div style=\"padding: 0; padding-bottom: 110.82094967660514%; position: relative;  display: block; height: 0;\"><iframe style=\"position: absolute;  top: 0; bottom: 0; left: 0; width: 100%; height: 100%; border: 0;\" src=\"https:\/\/gallica.bnf.fr\/ark:\/12148\/btv1b53167326d\/f1.item.mini\"><\/iframe><\/div>\n\n\n\n<p>Le 11 octobre 1941, le gouvernement de Vichy promulgue la loi sur l&rsquo;enl\u00e8vement des statues m\u00e9talliques en vue de leur fonte. Mais ce ne sont pas toutes les statues qui ont cet \u00ab\u00a0honneur\u00a0\u00bb, les saints et les saintes, les rois et les reines sont \u00e9pargn\u00e9s. Par contre, les humanistes, les philosophes, les victimes de l&rsquo;intol\u00e9rance cl\u00e9ricale y passent : le Chevalier de La Barre, Etienne Dolet, Voltaire, Rousseau, Condorcet, Victor Hugo, Diderot, Marat, Gambetta, Fourrier, Lavoisier, Brocat, Maria Deraismes&#8230;&nbsp;&nbsp;&nbsp; &nbsp;&nbsp;&nbsp;&nbsp;&nbsp; &nbsp;<\/p>\n\n\n\n<p>Toutefois, le socle d&rsquo;origine avec les inscriptions \u00ab\u00a0Chevalier de La Barre supplici\u00e9 \u00e0 l&rsquo;\u00e2ge de 19 ans pour n&rsquo;avoir pas salu\u00e9 une procession\u00a0\u00bb reste en place, square Nadar.<\/p>\n\n\n\n<p>Depuis 1905, la statue du chevalier de La Barre a toujours \u00e9t\u00e9 un lieu de rassemblement la\u00efque. Tous les mouvements progressistes, humanistes et la\u00efques s&rsquo;y retrouvaient : le Grand Orient de France, le Droit Humain, la Libre Pens\u00e9e, le Ligue des Droits de l&rsquo;Homme, la Ligue de l&rsquo;Enseignement, les anciens partis de gauche, les syndicats, les patronages la\u00efques&#8230;<\/p>\n\n\n\n<p>Une nouvelle statue, \u0153uvre du sculpteur Emmanuel Ball, a \u00e9t\u00e9 \u00e9rig\u00e9e en 2001 \u00e0 Montmartre. La statue du Chevalier de la Barre a fait son retour dans le square Nadar. Son inauguration a eu lieu le 24 f\u00e9vrier 2001. Elle a \u00e9t\u00e9 financ\u00e9e par une souscription de l&rsquo;Association Le Chevalier de la Barre. Cette association, cr\u00e9\u00e9e en 1996 par quelques amis la\u00efques, de diff\u00e9rents horizons, avait comme but premier d\u2019\u00e9riger une nouvelle statue du Chevalier de La Barre.<\/p>\n\n\n\n<p>L&rsquo;inauguration a donn\u00e9 lieu \u00e0 deux<a href=\"https:\/\/unitelaique.org\/wp-content\/uploads\/2022\/01\/Discours-dinauguration-statue-CdeB-2001-2.pdf\"> discours, le premier par Anne Duthil,\u00a0<\/a> pr\u00e9sidente de l&rsquo;Association Le Chevalier de la Barre, et le second par Daniel Vaillant, ministre de l&rsquo;Int\u00e9rieur et maire du XVIII\u00e8me arrondissement dans lequel est situ\u00e9 le lieu. Cette nouvelle statue montre Fran\u00e7ois-Jean de la Barre souriant, les mains dans les poches et coiff\u00e9 d&rsquo;un chapeau, comme un d\u00e9fi permanent \u00e0 cette procession religieuse qu&rsquo;il n&rsquo;a pas salu\u00e9 \u00e0 Abbeville en 1765.<\/p>\n\n\n\n<div class=\"wp-block-image is-style-default\"><figure class=\"aligncenter size-full\"><img loading=\"lazy\" decoding=\"async\" width=\"423\" height=\"634\" src=\"https:\/\/unitelaique.org\/wp-content\/uploads\/2022\/01\/image-11.png\" alt=\"\" class=\"wp-image-2514\" srcset=\"https:\/\/unitelaique.org\/wp-content\/uploads\/2022\/01\/image-11.png 423w, https:\/\/unitelaique.org\/wp-content\/uploads\/2022\/01\/image-11-200x300.png 200w, https:\/\/unitelaique.org\/wp-content\/uploads\/2022\/01\/image-11-16x24.png 16w, https:\/\/unitelaique.org\/wp-content\/uploads\/2022\/01\/image-11-24x36.png 24w, https:\/\/unitelaique.org\/wp-content\/uploads\/2022\/01\/image-11-32x48.png 32w\" sizes=\"auto, (max-width: 423px) 100vw, 423px\" \/><figcaption>La statue actuelle du Chevalier de La Barre (E. Ball)<\/figcaption><\/figure><\/div>\n","protected":false},"excerpt":{"rendered":"<p>La construction de la basilique du Sacr\u00e9-C\u0153ur, \u00e0 Montmartre, est un v\u00e9ritable scandale pour les Parisiens qui s&rsquo;\u00e9taient r\u00e9volt\u00e9s en 1871, lors de la Commune de Paris. Cette basilique est destin\u00e9e \u00e0 \u00ab\u00a0sauver la France qui a m\u00e9rit\u00e9 le ch\u00e2timent de Dieu par l&rsquo;encouragement qu&rsquo;elle a donn\u00e9 \u00e0 l&rsquo;esprit r\u00e9volutionnaire dans le monde\u00a0\u00bb. En 1897, [&hellip;]<\/p>\n","protected":false},"author":1,"featured_media":0,"parent":0,"menu_order":0,"comment_status":"closed","ping_status":"closed","template":"","meta":{"footnotes":""},"class_list":["post-2475","page","type-page","status-publish","hentry"],"_links":{"self":[{"href":"https:\/\/unitelaique.org\/index.php\/wp-json\/wp\/v2\/pages\/2475","targetHints":{"allow":["GET"]}}],"collection":[{"href":"https:\/\/unitelaique.org\/index.php\/wp-json\/wp\/v2\/pages"}],"about":[{"href":"https:\/\/unitelaique.org\/index.php\/wp-json\/wp\/v2\/types\/page"}],"author":[{"embeddable":true,"href":"https:\/\/unitelaique.org\/index.php\/wp-json\/wp\/v2\/users\/1"}],"replies":[{"embeddable":true,"href":"https:\/\/unitelaique.org\/index.php\/wp-json\/wp\/v2\/comments?post=2475"}],"version-history":[{"count":10,"href":"https:\/\/unitelaique.org\/index.php\/wp-json\/wp\/v2\/pages\/2475\/revisions"}],"predecessor-version":[{"id":2529,"href":"https:\/\/unitelaique.org\/index.php\/wp-json\/wp\/v2\/pages\/2475\/revisions\/2529"}],"wp:attachment":[{"href":"https:\/\/unitelaique.org\/index.php\/wp-json\/wp\/v2\/media?parent=2475"}],"curies":[{"name":"wp","href":"https:\/\/api.w.org\/{rel}","templated":true}]}}