{"id":2645,"date":"2022-01-19T17:20:59","date_gmt":"2022-01-19T16:20:59","guid":{"rendered":"https:\/\/unitelaique.org\/?page_id=2645"},"modified":"2022-04-18T16:28:28","modified_gmt":"2022-04-18T14:28:28","slug":"lassociation-le-chevalier-de-la-barre","status":"publish","type":"page","link":"https:\/\/unitelaique.org\/index.php\/lassociation-le-chevalier-de-la-barre\/","title":{"rendered":"L&rsquo;association Le Chevalier de la Barre"},"content":{"rendered":"\n<p>Le Chevalier de la Barre est une association loi 1901 d\u00e9clar\u00e9e au Journal officiel du 10 juillet 1996.<\/p>\n\n\n\n<div class=\"wp-block-image\"><figure class=\"alignleft size-full is-resized\"><img loading=\"lazy\" decoding=\"async\" src=\"https:\/\/unitelaique.org\/wp-content\/uploads\/2022\/01\/ombre_chevalier2.gif\" alt=\"\" class=\"wp-image-2652\" width=\"112\" height=\"294\"\/><\/figure><\/div>\n\n\n\n<p class=\"has-medium-font-size\"><strong>Buts de l\u2019association<\/strong><\/p>\n\n\n\n<p>A la fin des ann\u00e9es 1990, des militants la\u00efques, de diff\u00e9rents horizons, se sont r\u00e9unis pour fonder l\u2019association \u00ab Le Chevalier de La Barre \u00bb,<\/p>\n\n\n\n<p>Le premier but de l\u2019association \u00e9tait d\u2019obtenir que soit \u00e9rig\u00e9e une nouvelle statue du Chevalier de la Barre sur le socle de l\u2019ancienne statue inaugur\u00e9e en 1905 et d\u00e9truite en 1941, \u00e0 deux pas du Sacr\u00e9-C\u0153ur \u00e0 Paris. La d\u00e9marche a abouti en 2001, avec l\u2019inauguration de la statue d\u2019Emmanuel Ball.<\/p>\n\n\n\n<p>D\u2019autres tentatives avaient eu lieu auparavant. Au d\u00e9but des ann\u00e9es 1950, l\u2019association \u00ab Les Disciples de Voltaire \u00bb s\u2019\u00e9tait constitu\u00e9e dans le seul but d\u2019obtenir, par souscription populaire, la r\u00e9-\u00e9rection de la statue. Le but a \u00e9t\u00e9 souvent proche pour ceux qui nous ont pr\u00e9c\u00e9d\u00e9s, en 1964, en 1982, mais, au dernier moment, une autorisation a manqu\u00e9.<br><br><br><br><\/p>\n\n\n\n<p>Retrouvez ici <a href=\"https:\/\/unitelaique.org\/index.php\/qui-etait-le-chevalier-de-la-barre\/\">l\u2019histoire du Chevalier de la Barre<\/a><\/p>\n\n\n\n<p>Retrouvez ici <a href=\"https:\/\/unitelaique.org\/index.php\/la-statue-de-montmartre\/\">l\u2019histoire de la statue du Chevalier de la Barre<\/a><\/p>\n\n\n\n<p>Ses autres buts sont :<\/p>\n\n\n\n<ul class=\"wp-block-list\"><li>Rassembler, d\u2019aider et de favoriser les actions \u0153uvrant &nbsp;pour la libert\u00e9 absolue de conscience, la libert\u00e9 d\u2019expression, la libert\u00e9 d\u2019opinion et la libert\u00e9 de penser, contre tous les int\u00e9grismes et les fanatismes.<\/li><li>Promouvoir le concept de la\u00efcit\u00e9 qui d\u00e9limite la sph\u00e8re publique et la sph\u00e8re priv\u00e9e.<\/li><\/ul>\n\n\n\n<p><\/p>\n\n\n\n<p class=\"has-medium-font-size\"><strong>Actions<\/strong><\/p>\n\n\n\n<p>L\u2019Association Le Chevalier de la Barre organise chaque ann\u00e9e plusieurs \u00e9v\u00e9nements la\u00efques&nbsp;:<\/p>\n\n\n\n<ul class=\"wp-block-list\"><li>des <strong>Caf\u00e9s la\u00efques<\/strong> th\u00e9matiques, qui donnent l\u2019occasion d\u2019une r\u00e9flexion et d\u2019un \u00e9change avec une personnalit\u00e9 la\u00efque sur des th\u00e8mes vari\u00e9s.<\/li><\/ul>\n\n\n\n<p>Les plus r\u00e9cents ont \u00e9t\u00e9 organis\u00e9s en partenariat avec Unit\u00e9 la\u00efque&nbsp;:<\/p>\n\n\n\n<p><a href=\"https:\/\/unitelaique.org\/index.php\/2021\/12\/24\/laique-et-rationnel\/\">Le 17 novembre 2021, \u00e0 Paris, Le Chevalier de la Barre et Unit\u00e9 la\u00efque ont re\u00e7u Ren\u00e9e Fregosi<\/a>, docteur en philosophie et en sciences politiques, directrice de recherche honoraire \u00e0 l\u2019Institut des hautes \u00e9tudes de L\u2019Am\u00e9rique Latine de Paris 3 Sorbonne Nouvelle, ex-Directrice de l\u2019institut du PS, essayiste. Le th\u00e8me en \u00e9tait <a href=\"https:\/\/unitelaique.org\/index.php\/2021\/12\/16\/le-chevalier-de-la-barre-et-unite-laique\/\">La\u00efcit\u00e9, La\u00efcidad, Secularism <\/a>.<\/p>\n\n\n\n<p><a href=\"https:\/\/unitelaique.org\/index.php\/2021\/12\/16\/le-chevalier-de-la-barre-et-unite-laique\/\">Le 19 janvier 2022, \u00e0 Lyon, Le Chevalier de la Barre et Unit\u00e9 la\u00efque, en partenariat avec Regards de femmes, ont donn\u00e9 la parole \u00e0 Virginie Tournay<\/a> , directrice de recherche au CNRS, chercheuse au CEVIPOF, M\u00e9daille de bronze du CNRS 2011, Prix Sciences et La\u00efcit\u00e9 du CLR 2019, sp\u00e9cialiste des relations entre science et politique, autrice de science-fiction. Le th\u00e8me en \u00e9tait <a href=\"https:\/\/unitelaique.org\/index.php\/2021\/12\/24\/laique-et-rationnel\/\">La\u00efque et rationnel ! <\/a>\u00a0<\/p>\n\n\n\n<p><a href=\"https:\/\/unitelaique.org\/index.php\/2022\/03\/06\/port-du-voile-injonction-sexiste-ou-liberte-religieuse\/\">Le 20 avril 2022 \u00e0 Paris, Le Chevalier de la Barre et Unit\u00e9 La\u00efque donnent la parole \u00e0 Na\u00ebm Bestandji<\/a>, essayiste, f\u00e9ministe et la\u00efque engag\u00e9, auteur de <em>Le linceul du f\u00e9minisme : caresser l&rsquo;islamisme dans le sens du voile<\/em>. Le th\u00e8me est : <a href=\"https:\/\/unitelaique.org\/index.php\/2022\/03\/06\/port-du-voile-injonction-sexiste-ou-liberte-religieuse\/\">Port du voile, injonction sexiste ou \u00ab\u00a0libert\u00e9\u00a0\u00bb religieuse ?<\/a><\/p>\n\n\n\n<div class=\"wp-block-columns is-layout-flex wp-container-core-columns-is-layout-9d6595d7 wp-block-columns-is-layout-flex\">\n<div class=\"wp-block-column is-layout-flow wp-block-column-is-layout-flow\"><\/div>\n<\/div>\n\n\n\n<ul class=\"wp-block-list\"><li>La <strong>F\u00eate de la la\u00efcit\u00e9<\/strong><\/li><\/ul>\n\n\n\n<p>L\u2019association Le Chevalier de la Barre est \u00e0 l\u2019initiative de la F\u00eate de la la\u00efcit\u00e9, organis\u00e9e chaque ann\u00e9e avec d\u2019autres associations la\u00efques. Elle se d\u00e9roule square Nadar \u00e0 Montmartre, devant la statue du Chevalier de La Barre. Les associations partenaires&nbsp; accueillent les visiteurs sur des stands d\u2019information. Prises de paroles et concerts animent la manifestation.<\/p>\n\n\n\n<p>La F\u00eate de la La\u00efcit\u00e9 2021 s\u2019est tenue le 26 juin. Les partenaires pr\u00e9sents \u00e9taient&nbsp;: Grand Orient de France, F\u00e9d\u00e9ration internationale du Droit humain, Grande Loge de France, Grande Loge F\u00e9minine de France, Grande Loge Mixte de France, Grande Loge Mixte Universelle, Agir pour la la\u00efcit\u00e9 et les valeurs r\u00e9publicaines, Association des Libres Penseurs de France, Comit\u00e9 La\u00efcit\u00e9 R\u00e9publique, F\u00e9d\u00e9ration des D\u00e9l\u00e9gu\u00e9s D\u00e9partementaux de l\u2019Education Nationale, Grande Loge des Cultures et de la Spiritualit\u00e9, La\u00efcit\u00e9 \u2013 Libert\u00e9, Libres Mariannes, Ligue Internationale Contre le Racisme et l\u2019Antis\u00e9mitisme, Ligue du Droit International des Femmes, Observatoire de la la\u00efcit\u00e9 de Saint Denis, Observatoire International de la La\u00efcit\u00e9, Regards de Femmes, Union des Familles La\u00efques, Vigilance Universit\u00e9s.<\/p>\n\n\n\n<div class=\"wp-block-image\"><figure class=\"aligncenter size-full is-resized\"><img loading=\"lazy\" decoding=\"async\" src=\"https:\/\/unitelaique.org\/wp-content\/uploads\/2022\/01\/Fete-de-la-laicite-2021.png\" alt=\"\" class=\"wp-image-2707\" width=\"281\" height=\"388\" srcset=\"https:\/\/unitelaique.org\/wp-content\/uploads\/2022\/01\/Fete-de-la-laicite-2021.png 640w, https:\/\/unitelaique.org\/wp-content\/uploads\/2022\/01\/Fete-de-la-laicite-2021-217x300.png 217w, https:\/\/unitelaique.org\/wp-content\/uploads\/2022\/01\/Fete-de-la-laicite-2021-17x24.png 17w, https:\/\/unitelaique.org\/wp-content\/uploads\/2022\/01\/Fete-de-la-laicite-2021-26x36.png 26w, https:\/\/unitelaique.org\/wp-content\/uploads\/2022\/01\/Fete-de-la-laicite-2021-35x48.png 35w\" sizes=\"auto, (max-width: 281px) 100vw, 281px\" \/><\/figure><\/div>\n\n\n\n<p>Prenez connaissance des <a href=\"file:\/\/\/C:\\Users\\Aline%20Girard\\Downloads\\recueil-interventions-rassemblement-laique-republicain-260621(2).pdf\">diff\u00e9rentes interventions<\/a> &nbsp;de la F\u00eate de la la\u00efcit\u00e9 2021.<\/p>\n\n\n\n<div class=\"wp-block-image\"><figure class=\"aligncenter size-full is-resized\"><img loading=\"lazy\" decoding=\"async\" src=\"https:\/\/unitelaique.org\/wp-content\/uploads\/2022\/01\/Vue-Fete-de-la-laicite.png\" alt=\"\" class=\"wp-image-2709\" width=\"481\" height=\"206\" srcset=\"https:\/\/unitelaique.org\/wp-content\/uploads\/2022\/01\/Vue-Fete-de-la-laicite.png 496w, https:\/\/unitelaique.org\/wp-content\/uploads\/2022\/01\/Vue-Fete-de-la-laicite-300x129.png 300w, https:\/\/unitelaique.org\/wp-content\/uploads\/2022\/01\/Vue-Fete-de-la-laicite-24x10.png 24w, https:\/\/unitelaique.org\/wp-content\/uploads\/2022\/01\/Vue-Fete-de-la-laicite-36x15.png 36w, https:\/\/unitelaique.org\/wp-content\/uploads\/2022\/01\/Vue-Fete-de-la-laicite-48x21.png 48w\" sizes=\"auto, (max-width: 481px) 100vw, 481px\" \/><\/figure><\/div>\n\n\n\n<div class=\"wp-block-image\"><figure class=\"aligncenter size-full\"><img loading=\"lazy\" decoding=\"async\" width=\"483\" height=\"235\" src=\"https:\/\/unitelaique.org\/wp-content\/uploads\/2022\/01\/Vue-2-Fete-de-la-laicite.png\" alt=\"\" class=\"wp-image-2708\" srcset=\"https:\/\/unitelaique.org\/wp-content\/uploads\/2022\/01\/Vue-2-Fete-de-la-laicite.png 483w, https:\/\/unitelaique.org\/wp-content\/uploads\/2022\/01\/Vue-2-Fete-de-la-laicite-300x146.png 300w, https:\/\/unitelaique.org\/wp-content\/uploads\/2022\/01\/Vue-2-Fete-de-la-laicite-24x12.png 24w, https:\/\/unitelaique.org\/wp-content\/uploads\/2022\/01\/Vue-2-Fete-de-la-laicite-36x18.png 36w, https:\/\/unitelaique.org\/wp-content\/uploads\/2022\/01\/Vue-2-Fete-de-la-laicite-48x23.png 48w\" sizes=\"auto, (max-width: 483px) 100vw, 483px\" \/><\/figure><\/div>\n\n\n\n<p>La prochaine F\u00eate de la la\u00efcit\u00e9 se d\u00e9roulera en juin 2022.<\/p>\n\n\n\n<p><\/p>\n\n\n\n<p class=\"has-medium-font-size\"><strong>Adh\u00e9sion<\/strong><\/p>\n\n\n\n<p>Pour adh\u00e9rer \u00e0 l&rsquo;association Le Chevalier de la Barre, merci d&rsquo;imprimer le bulletin d&rsquo;adh\u00e9sion ci-dessous et de l&rsquo;adresser par courrier postal \u00e0 l&rsquo;adresse suivante :<\/p>\n\n\n\n<p>Association LE CHEVALIER DE LA BARRE<\/p>\n\n\n\n<p>Maison des Associations du 18<sup>\u00e8me<\/sup>, Bo\u00eete aux lettres 89<\/p>\n\n\n\n<p>15 Passage Ramey, 75018 PARIS<\/p>\n\n\n\n<p><strong><a href=\"https:\/\/unitelaique.org\/wp-content\/uploads\/2022\/01\/Adhesion-1.pdf\">Bulletin d&rsquo;adh\u00e9sion \u00e0 t\u00e9l\u00e9charger<\/a><\/strong><\/p>\n","protected":false},"excerpt":{"rendered":"<p>Le Chevalier de la Barre est une association loi 1901 d\u00e9clar\u00e9e au Journal officiel du 10 juillet 1996. Buts de l\u2019association A la fin des ann\u00e9es 1990, des militants la\u00efques, de diff\u00e9rents horizons, se sont r\u00e9unis pour fonder l\u2019association \u00ab Le Chevalier de La Barre \u00bb, Le premier but de l\u2019association \u00e9tait d\u2019obtenir que soit [&hellip;]<\/p>\n","protected":false},"author":1,"featured_media":0,"parent":0,"menu_order":0,"comment_status":"closed","ping_status":"closed","template":"","meta":{"footnotes":""},"class_list":["post-2645","page","type-page","status-publish","hentry"],"_links":{"self":[{"href":"https:\/\/unitelaique.org\/index.php\/wp-json\/wp\/v2\/pages\/2645","targetHints":{"allow":["GET"]}}],"collection":[{"href":"https:\/\/unitelaique.org\/index.php\/wp-json\/wp\/v2\/pages"}],"about":[{"href":"https:\/\/unitelaique.org\/index.php\/wp-json\/wp\/v2\/types\/page"}],"author":[{"embeddable":true,"href":"https:\/\/unitelaique.org\/index.php\/wp-json\/wp\/v2\/users\/1"}],"replies":[{"embeddable":true,"href":"https:\/\/unitelaique.org\/index.php\/wp-json\/wp\/v2\/comments?post=2645"}],"version-history":[{"count":20,"href":"https:\/\/unitelaique.org\/index.php\/wp-json\/wp\/v2\/pages\/2645\/revisions"}],"predecessor-version":[{"id":3519,"href":"https:\/\/unitelaique.org\/index.php\/wp-json\/wp\/v2\/pages\/2645\/revisions\/3519"}],"wp:attachment":[{"href":"https:\/\/unitelaique.org\/index.php\/wp-json\/wp\/v2\/media?parent=2645"}],"curies":[{"name":"wp","href":"https:\/\/api.w.org\/{rel}","templated":true}]}}