{"id":46,"date":"2021-09-14T12:12:48","date_gmt":"2021-09-14T10:12:48","guid":{"rendered":"http:\/\/192.168.0.227\/ul\/?page_id=46"},"modified":"2023-05-30T17:16:30","modified_gmt":"2023-05-30T15:16:30","slug":"activite","status":"publish","type":"page","link":"https:\/\/unitelaique.org\/index.php\/activite\/","title":{"rendered":"Actions"},"content":{"rendered":"\n<p class=\"has-medium-font-size\"><strong>L&rsquo;action d&rsquo;Unit\u00e9 La\u00efque se d\u00e9cline en quatre champs.<\/strong><\/p>\n\n\n<div class=\"wp-block-image is-style-default\">\n<figure class=\"alignleft size-full is-resized\"><img loading=\"lazy\" decoding=\"async\" src=\"https:\/\/unitelaique.org\/wp-content\/uploads\/2021\/11\/Unite-laique-Mains-leger.jpg\" alt=\"\" class=\"wp-image-835\" width=\"90\" height=\"90\" srcset=\"https:\/\/unitelaique.org\/wp-content\/uploads\/2021\/11\/Unite-laique-Mains-leger.jpg 300w, https:\/\/unitelaique.org\/wp-content\/uploads\/2021\/11\/Unite-laique-Mains-leger-150x150.jpg 150w\" sizes=\"auto, (max-width: 90px) 100vw, 90px\" \/><\/figure>\n<\/div>\n\n\n<p><strong>Unit\u00e9 La\u00efque<\/strong> organise des conf\u00e9rences, des colloques des tables rondes, des webinaires, des caf\u00e9s la\u00efques, des d\u00eeners d\u00e9bats et des s\u00e9minaires destin\u00e9s \u00e0 tous les publics. Grand public, enseignants et \u00e9l\u00e8ves des coll\u00e8ges et lyc\u00e9es, entreprises, d\u00e9cideurs publics et priv\u00e9s, confront\u00e9s aux questions que posent aujourd&rsquo;hui les comportements et les actes contraires \u00e0 la la\u00efcit\u00e9 et au respect de la libert\u00e9 de conscience. Dans ces rencontres, qui ont lieu \u00e0 Paris comme en R\u00e9gions, nous faisons intervenir la fine fleur des intellectuels, des parlementaires et des acteurs de terrain qui ont la la\u00efcit\u00e9 au c\u0153ur.<\/p>\n\n\n\n<p><\/p>\n\n\n\n<p><\/p>\n\n\n<div class=\"wp-block-image is-style-default\">\n<figure class=\"alignleft size-full is-resized\"><img loading=\"lazy\" decoding=\"async\" src=\"https:\/\/unitelaique.org\/wp-content\/uploads\/2021\/09\/unite-laique-logo.jpg\" alt=\"\" class=\"wp-image-163\" width=\"86\" height=\"86\" srcset=\"https:\/\/unitelaique.org\/wp-content\/uploads\/2021\/09\/unite-laique-logo.jpg 300w, https:\/\/unitelaique.org\/wp-content\/uploads\/2021\/09\/unite-laique-logo-150x150.jpg 150w\" sizes=\"auto, (max-width: 86px) 100vw, 86px\" \/><\/figure>\n<\/div>\n\n\n<p><strong>Unit\u00e9 La\u00efque<\/strong> publie r\u00e9guli\u00e8rement des communiqu\u00e9s de presse illustrant les positions la\u00efques et r\u00e9publicaines face aux   \u00e9v\u00e9nements qui \u00e9maillent l&rsquo;actualit\u00e9 nationale, europ\u00e9enne et internationale. De m\u00eame, nous apparaissons r\u00e9guli\u00e8rement dans la presse \u00e9crite et les m\u00e9dias audiovisuels, publiant des articles, participant \u00e0 des d\u00e9bats, r\u00e9pondant \u00e0 des interviews sur ces \u00e9v\u00e9nements. Enfin, nous sommes \u00e0 l&rsquo;initiative de tribunes cosign\u00e9es par des personnalit\u00e9s et des associations, lorsque nous jugeons n\u00e9cessaire de r\u00e9clamer de la part des pouvoirs publics une intervention dans un domaine pr\u00e9cis de notre champ d&rsquo;action. <\/p>\n\n\n\n<p><\/p>\n\n\n\n<p><\/p>\n\n\n<div class=\"wp-block-image is-style-default\">\n<figure class=\"alignleft size-full is-resized\"><img loading=\"lazy\" decoding=\"async\" src=\"https:\/\/unitelaique.org\/wp-content\/uploads\/2021\/09\/unite-laique-logo.jpg\" alt=\"\" class=\"wp-image-163\" width=\"86\" height=\"86\" srcset=\"https:\/\/unitelaique.org\/wp-content\/uploads\/2021\/09\/unite-laique-logo.jpg 300w, https:\/\/unitelaique.org\/wp-content\/uploads\/2021\/09\/unite-laique-logo-150x150.jpg 150w\" sizes=\"auto, (max-width: 86px) 100vw, 86px\" \/><\/figure>\n<\/div>\n\n\n<p><strong>Unit\u00e9 La\u00efque<\/strong>  intervient directement aupr\u00e8s des pouvoirs publics nationaux et territoriaux et aupr\u00e8s des Assembl\u00e9es pour porter l&rsquo;id\u00e9al et l&rsquo;action la\u00efques et r\u00e9publicains. Ces interventions visent \u00e0 donner \u00e0 ces acteurs essentiels de notre d\u00e9mocratie tous les outils qui pourront \u00eatre utiles \u00e0 leur r\u00e9flexion et \u00e0 leurs d\u00e9cisions. Nous r\u00e9pondons aux sollicitations des institutions publiques de notre pays, mais aussi de tous les acteurs politiques, \u00e9conomiques, sociaux, culturels, sous r\u00e9serve que ceux-ci soient engag\u00e9s dans la d\u00e9fense des principes d\u00e9mocratiques. Convaincus de la n\u00e9cessit\u00e9 d&rsquo;actions au niveau europ\u00e9en, nous nous associons \u00e0 la r\u00e9flexion des autres associations la\u00efques.<\/p>\n\n\n\n<p><\/p>\n\n\n\n<p><\/p>\n\n\n\n<p><\/p>\n\n\n\n<p><\/p>\n\n\n<div class=\"wp-block-image is-style-default\">\n<figure class=\"alignleft size-full is-resized\"><img loading=\"lazy\" decoding=\"async\" src=\"https:\/\/unitelaique.org\/wp-content\/uploads\/2021\/09\/unite-laique-logo.jpg\" alt=\"\" class=\"wp-image-163\" width=\"86\" height=\"86\" srcset=\"https:\/\/unitelaique.org\/wp-content\/uploads\/2021\/09\/unite-laique-logo.jpg 300w, https:\/\/unitelaique.org\/wp-content\/uploads\/2021\/09\/unite-laique-logo-150x150.jpg 150w\" sizes=\"auto, (max-width: 86px) 100vw, 86px\" \/><\/figure>\n<\/div>\n\n\n<p>Enfin, l&rsquo;objectif principal d<strong>&lsquo;Unit\u00e9 La\u00efque<\/strong> , dont vous \u00eates, lecteurs de ces pages, les principaux acteurs et vecteurs, est de constituer au plus vite un mouvement associatif et qui le restera, populaire, de grande ampleur, qui sera pour le XXIe si\u00e8cle ce que les grandes associations la\u00efques et r\u00e9publicaines furent au d\u00e9but du XXe, avec les outils et les moyens d&rsquo;aujourd&rsquo;hui et et prenant en compte les changements culturels, cognitifs, collectifs et individuels, qui ont profond\u00e9ment transform\u00e9 notre soci\u00e9t\u00e9 en 120 ans. <strong>Cette action est la v\u00f4tre.<\/strong><br><br><\/p>\n\n\n\n<div class=\"wp-block-columns is-layout-flex wp-container-core-columns-is-layout-9d6595d7 wp-block-columns-is-layout-flex\">\n<div class=\"wp-block-column is-layout-flow wp-block-column-is-layout-flow\"><\/div>\n\n\n\n<div class=\"wp-block-column is-layout-flow wp-block-column-is-layout-flow\"><\/div>\n\n\n\n<div class=\"wp-block-column is-layout-flow wp-block-column-is-layout-flow\"><\/div>\n\n\n\n<div class=\"wp-block-column is-layout-flow wp-block-column-is-layout-flow\"><\/div>\n\n\n\n<div class=\"wp-block-column is-layout-flow wp-block-column-is-layout-flow\"><\/div>\n<\/div>\n\n\n\n<p><\/p>\n","protected":false},"excerpt":{"rendered":"<p>L&rsquo;action d&rsquo;Unit\u00e9 La\u00efque se d\u00e9cline en quatre champs. Unit\u00e9 La\u00efque organise des conf\u00e9rences, des colloques des tables rondes, des webinaires, des caf\u00e9s la\u00efques, des d\u00eeners d\u00e9bats et des s\u00e9minaires destin\u00e9s \u00e0 tous les publics. Grand public, enseignants et \u00e9l\u00e8ves des coll\u00e8ges et lyc\u00e9es, entreprises, d\u00e9cideurs publics et priv\u00e9s, confront\u00e9s aux questions que posent aujourd&rsquo;hui les [&hellip;]<\/p>\n","protected":false},"author":7,"featured_media":0,"parent":0,"menu_order":0,"comment_status":"closed","ping_status":"closed","template":"","meta":{"footnotes":""},"class_list":["post-46","page","type-page","status-publish","hentry"],"_links":{"self":[{"href":"https:\/\/unitelaique.org\/index.php\/wp-json\/wp\/v2\/pages\/46","targetHints":{"allow":["GET"]}}],"collection":[{"href":"https:\/\/unitelaique.org\/index.php\/wp-json\/wp\/v2\/pages"}],"about":[{"href":"https:\/\/unitelaique.org\/index.php\/wp-json\/wp\/v2\/types\/page"}],"author":[{"embeddable":true,"href":"https:\/\/unitelaique.org\/index.php\/wp-json\/wp\/v2\/users\/7"}],"replies":[{"embeddable":true,"href":"https:\/\/unitelaique.org\/index.php\/wp-json\/wp\/v2\/comments?post=46"}],"version-history":[{"count":32,"href":"https:\/\/unitelaique.org\/index.php\/wp-json\/wp\/v2\/pages\/46\/revisions"}],"predecessor-version":[{"id":5539,"href":"https:\/\/unitelaique.org\/index.php\/wp-json\/wp\/v2\/pages\/46\/revisions\/5539"}],"wp:attachment":[{"href":"https:\/\/unitelaique.org\/index.php\/wp-json\/wp\/v2\/media?parent=46"}],"curies":[{"name":"wp","href":"https:\/\/api.w.org\/{rel}","templated":true}]}}