{"id":49,"date":"2021-09-14T12:12:48","date_gmt":"2021-09-14T10:12:48","guid":{"rendered":"http:\/\/192.168.0.227\/ul\/?page_id=49"},"modified":"2021-12-22T19:07:06","modified_gmt":"2021-12-22T18:07:06","slug":"ressources","status":"publish","type":"page","link":"https:\/\/unitelaique.org\/index.php\/ressources\/","title":{"rendered":"Ressources"},"content":{"rendered":"\n<p><strong>Unit\u00e9 la\u00efque<\/strong> met \u00e0 la disposition de ses membres et de toute personne ou association engag\u00e9e dans la d\u00e9fense des valeurs de la R\u00e9publique et la promotion de la la\u00efcit\u00e9 des ressources permettant d\u2019illustrer et \u00e9tayer l\u2019engagement et la conviction la\u00efques.<\/p>\n\n\n\n<p>Ces ressources se veulent des outils et des aides \u00e0 l\u2019information et la formation des la\u00efques. Elles sont vari\u00e9es, mettent en valeur des informations r\u00e9centes ou plus anciennes et se d\u00e9clinent en huit rubriques, r\u00e9guli\u00e8rement mises \u00e0 jour.<\/p>\n\n\n\n<p><\/p>\n\n\n\n<p class=\"has-medium-font-size\"><strong><a href=\"https:\/\/unitelaique.org\/index.php\/category\/ressources\/textes-de-references\/\">Textes de r\u00e9f\u00e9rences <\/a><\/strong><\/p>\n\n\n\n<div class=\"wp-block-image\"><figure class=\"alignleft size-full is-resized\"><img loading=\"lazy\" decoding=\"async\" src=\"https:\/\/unitelaique.org\/wp-content\/uploads\/2021\/11\/Unite-laique-Mains-leger.jpg\" alt=\"\" class=\"wp-image-835\" width=\"98\" height=\"98\" srcset=\"https:\/\/unitelaique.org\/wp-content\/uploads\/2021\/11\/Unite-laique-Mains-leger.jpg 300w, https:\/\/unitelaique.org\/wp-content\/uploads\/2021\/11\/Unite-laique-Mains-leger-150x150.jpg 150w\" sizes=\"auto, (max-width: 98px) 100vw, 98px\" \/><\/figure><\/div>\n\n\n\n<p><strong>Unit\u00e9 la\u00efque <\/strong>a regroup\u00e9 dans cette rubrique les grands textes constitutionnels et l\u00e9gislatifs fran\u00e7ais qui ont constitu\u00e9 au fil des si\u00e8cles le corpus la\u00efque de r\u00e9f\u00e9rence. Les textes sont class\u00e9s par ordre chronologique, le cheminement historique \u00e9tant essentiel pour la compr\u00e9hension de l&rsquo;\u00e9dification des fondements la\u00efques de notre R\u00e9publique : de la D\u00e9claration des droits de l&rsquo;homme et du citoyen de 1789 jusqu&rsquo;\u00e0 la loi confortant le respect des principes de la R\u00e9publique de 2021.<br><br><br><br><\/p>\n\n\n\n<p class=\"has-medium-font-size\"><strong><a href=\"http:\/\/Moments d\u2019Histoire \u2013 Unit\u00e9 La\u00efque (unitelaique.org)\">Momen<\/a><a href=\"https:\/\/unitelaique.org\/index.php\/moments-dhistoire\/\" data-type=\"URL\" data-id=\"https:\/\/unitelaique.org\/index.php\/moments-dhistoire\/\">ts d&rsquo;Histoire<\/a><\/strong><\/p>\n\n\n\n<div class=\"wp-block-image\"><figure class=\"alignleft size-full is-resized\"><img loading=\"lazy\" decoding=\"async\" src=\"https:\/\/unitelaique.org\/wp-content\/uploads\/2021\/11\/Unite-laique-Mains-leger.jpg\" alt=\"\" class=\"wp-image-835\" width=\"87\" height=\"87\" srcset=\"https:\/\/unitelaique.org\/wp-content\/uploads\/2021\/11\/Unite-laique-Mains-leger.jpg 300w, https:\/\/unitelaique.org\/wp-content\/uploads\/2021\/11\/Unite-laique-Mains-leger-150x150.jpg 150w\" sizes=\"auto, (max-width: 87px) 100vw, 87px\" \/><\/figure><\/div>\n\n\n\n<p>Pour vous informer, vous cultiver ou vous distraire, <strong>Unit\u00e9 la\u00efque<\/strong> propose chaque mois une s\u00e9lection de documents num\u00e9riques historiques issus de Gallica ou d&rsquo;autres bases de donn\u00e9es, accessibles \u00e0 partir de notre site. De vrais moments d&rsquo;Histoire !<\/p>\n\n\n\n<p><br><br><\/p>\n\n\n\n<p><\/p>\n\n\n\n<p class=\"has-medium-font-size\"><strong><a href=\"https:\/\/unitelaique.org\/index.php\/category\/enquetes-et-etudes\/\" data-type=\"URL\" data-id=\"https:\/\/unitelaique.org\/index.php\/category\/enquetes-et-etudes\/\">Enqu\u00eates et \u00e9tudes<\/a><\/strong><\/p>\n\n\n\n<div class=\"wp-block-image\"><figure class=\"alignleft size-full is-resized\"><img loading=\"lazy\" decoding=\"async\" src=\"https:\/\/unitelaique.org\/wp-content\/uploads\/2021\/11\/Unite-laique-Mains-leger.jpg\" alt=\"\" class=\"wp-image-835\" width=\"94\" height=\"94\" srcset=\"https:\/\/unitelaique.org\/wp-content\/uploads\/2021\/11\/Unite-laique-Mains-leger.jpg 300w, https:\/\/unitelaique.org\/wp-content\/uploads\/2021\/11\/Unite-laique-Mains-leger-150x150.jpg 150w\" sizes=\"auto, (max-width: 94px) 100vw, 94px\" \/><\/figure><\/div>\n\n\n\n<p>Au cours des ann\u00e9es les plus r\u00e9centes, les instituts de sondage ont souvent interrog\u00e9 les Fran\u00e7ais sur leur rapport \u00e0 la la\u00efcit\u00e9 et sur la situation de la la\u00efcit\u00e9 en France. Ils ont cherch\u00e9 \u00e0 conna\u00eetre soit l&rsquo;opinion de l&rsquo;ensemble des Fran\u00e7ais, soit l&rsquo;opinion de secteurs de population (les jeunes, les enseignants, les fonctionnaires, les catholiques, les musulmans, etc.). <strong>Unit\u00e9 la\u00efque<\/strong> propose ici une s\u00e9lection d\u2019enqu\u00eates,  r\u00e9alis\u00e9es principalement par l\u2019Ifop associ\u00e9 selon les cas \u00e0 des associations ou des titres de presse. Le plus souvent en lien avec l\u2019actualit\u00e9, ces enqu\u00eates permettent d\u2019approfondir la r\u00e9flexion des citoyens et d\u2019\u00e9loigner certaines id\u00e9es re\u00e7ues. <\/p>\n\n\n\n<p><br><br><\/p>\n\n\n\n<p class=\"has-medium-font-size\"><strong><a href=\"https:\/\/unitelaique.org\/index.php\/category\/ressources\/site-web\/\" data-type=\"URL\" data-id=\"https:\/\/unitelaique.org\/index.php\/category\/ressources\/site-web\/\">Sites web<\/a><\/strong><\/p>\n\n\n\n<div class=\"wp-block-image\"><figure class=\"alignleft size-full is-resized\"><img loading=\"lazy\" decoding=\"async\" src=\"https:\/\/unitelaique.org\/wp-content\/uploads\/2021\/11\/Unite-laique-Mains-leger.jpg\" alt=\"\" class=\"wp-image-835\" width=\"107\" height=\"107\" srcset=\"https:\/\/unitelaique.org\/wp-content\/uploads\/2021\/11\/Unite-laique-Mains-leger.jpg 300w, https:\/\/unitelaique.org\/wp-content\/uploads\/2021\/11\/Unite-laique-Mains-leger-150x150.jpg 150w\" sizes=\"auto, (max-width: 107px) 100vw, 107px\" \/><\/figure><\/div>\n\n\n\n<p><strong>Unit\u00e9 la\u00efque <\/strong>propose une s\u00e9lection de ressources num\u00e9riques juridiques, culturelles, p\u00e9dagogiques, disponibles sur des sites institutionnels ou associatifs qui permettent de disposer de r\u00e9f\u00e9rences et d\u2019une documentation vari\u00e9e, libre, gratuite, d\u2019une utilisation facile, pour tout usage non commercial (information, formation, conf\u00e9rences, colloques, etc.).<br><br><br><\/p>\n\n\n\n<p><\/p>\n\n\n\n<p class=\"has-medium-font-size\"><strong><a href=\"https:\/\/unitelaique.org\/index.php\/livres\/\" data-type=\"URL\" data-id=\"https:\/\/unitelaique.org\/index.php\/livres\/\">Livres<\/a><\/strong><\/p>\n\n\n\n<div class=\"wp-block-image\"><figure class=\"alignleft size-full is-resized\"><img loading=\"lazy\" decoding=\"async\" src=\"https:\/\/unitelaique.org\/wp-content\/uploads\/2021\/11\/Unite-laique-Mains-leger.jpg\" alt=\"\" class=\"wp-image-835\" width=\"109\" height=\"109\" srcset=\"https:\/\/unitelaique.org\/wp-content\/uploads\/2021\/11\/Unite-laique-Mains-leger.jpg 300w, https:\/\/unitelaique.org\/wp-content\/uploads\/2021\/11\/Unite-laique-Mains-leger-150x150.jpg 150w\" sizes=\"auto, (max-width: 109px) 100vw, 109px\" \/><\/figure><\/div>\n\n\n\n<p class=\"has-text-align-left\"><strong>Unit\u00e9 la\u00efque <\/strong>sugg\u00e8re quelques lectures pour aller \u00e0 rebours des id\u00e9es re\u00e7ues sur des sujets vari\u00e9s. Au c\u0153ur de cette s\u00e9lection, il y bien s\u00fbr la question la\u00efque. Pour contextualiser la r\u00e9flexion sur cette question centrale, Unit\u00e9 la\u00efque vous propose \u00e9galement quelques suggestions de livres, r\u00e9cents ou plus anciens, sur la R\u00e9publique, la soci\u00e9t\u00e9 fran\u00e7aise aujourd\u2019hui, l\u2019\u00e9cole, le \u00ab fait religieux \u00bb, l\u2019islamisme, les d\u00e9rives identitaires, la culture du \u00ab\u00a0bannissement\u00a0\u00bb, etc.  Certains titres de notre bibliographie s\u00e9lective ont fait l\u2019objet d\u2019une recension, accessible par un lien sur le titre concern\u00e9. Cette liste s\u2019enrichira r\u00e9guli\u00e8rement<strong>.<\/strong><br><br><\/p>\n\n\n\n<p class=\"has-medium-font-size\"><strong><a href=\"https:\/\/unitelaique.org\/index.php\/category\/ressources\/revues\/\" data-type=\"URL\" data-id=\"https:\/\/unitelaique.org\/index.php\/category\/ressources\/revues\/\">Revues<\/a><\/strong><\/p>\n\n\n\n<div class=\"wp-block-image\"><figure class=\"alignleft size-full is-resized\"><img loading=\"lazy\" decoding=\"async\" src=\"https:\/\/unitelaique.org\/wp-content\/uploads\/2021\/11\/Unite-laique-Mains-leger.jpg\" alt=\"\" class=\"wp-image-835\" width=\"95\" height=\"95\" srcset=\"https:\/\/unitelaique.org\/wp-content\/uploads\/2021\/11\/Unite-laique-Mains-leger.jpg 300w, https:\/\/unitelaique.org\/wp-content\/uploads\/2021\/11\/Unite-laique-Mains-leger-150x150.jpg 150w\" sizes=\"auto, (max-width: 95px) 100vw, 95px\" \/><\/figure><\/div>\n\n\n\n<p><strong>Unit\u00e9 la\u00efque <\/strong>propose une courte s\u00e9lection de revues associatives, dont l\u2019engagement rejoint celui d\u2019Unit\u00e9 la\u00efque.<br><br><br><br><br><\/p>\n\n\n\n<p class=\"has-medium-font-size\"><strong><a href=\"https:\/\/unitelaique.org\/index.php\/category\/ressources\/emission-de-radio\/\" data-type=\"URL\" data-id=\"https:\/\/unitelaique.org\/index.php\/category\/ressources\/emission-de-radio\/\">\u00c9missions de radio<\/a><\/strong><\/p>\n\n\n\n<div class=\"wp-block-image\"><figure class=\"alignleft size-full is-resized\"><img loading=\"lazy\" decoding=\"async\" src=\"https:\/\/unitelaique.org\/wp-content\/uploads\/2021\/11\/Unite-laique-Mains-leger.jpg\" alt=\"\" class=\"wp-image-835\" width=\"87\" height=\"87\" srcset=\"https:\/\/unitelaique.org\/wp-content\/uploads\/2021\/11\/Unite-laique-Mains-leger.jpg 300w, https:\/\/unitelaique.org\/wp-content\/uploads\/2021\/11\/Unite-laique-Mains-leger-150x150.jpg 150w\" sizes=\"auto, (max-width: 87px) 100vw, 87px\" \/><\/figure><\/div>\n\n\n\n<p><strong>Unit\u00e9 la\u00efque <\/strong>invite \u00e0 l&rsquo;\u00e9coute d&rsquo;\u00e9missions de radio qui apportent de pr\u00e9cieux \u00e9clairages sur des questions politiques, historiques, soci\u00e9tales, culturelles, et notamment sur la question de la la\u00efcit\u00e9 et le rapport aux religions.<\/p>\n\n\n\n<p class=\"has-medium-font-size\"><br><br><br><br><strong><a href=\"https:\/\/unitelaique.org\/index.php\/videos\/\" data-type=\"URL\" data-id=\"https:\/\/unitelaique.org\/index.php\/videos\/\">Vid\u00e9os<\/a><\/strong><\/p>\n\n\n\n<div class=\"wp-block-image\"><figure class=\"alignleft size-full is-resized\"><img loading=\"lazy\" decoding=\"async\" src=\"https:\/\/unitelaique.org\/wp-content\/uploads\/2021\/11\/Unite-laique-Mains-leger.jpg\" alt=\"\" class=\"wp-image-835\" width=\"83\" height=\"83\" srcset=\"https:\/\/unitelaique.org\/wp-content\/uploads\/2021\/11\/Unite-laique-Mains-leger.jpg 300w, https:\/\/unitelaique.org\/wp-content\/uploads\/2021\/11\/Unite-laique-Mains-leger-150x150.jpg 150w\" sizes=\"auto, (max-width: 83px) 100vw, 83px\" \/><\/figure><\/div>\n\n\n\n<p><strong>Unit\u00e9 la\u00efque <\/strong>donne acc\u00e8s :<\/p>\n\n\n\n<ul class=\"wp-block-list\"><li>d\u2019une part, aux enregistrements vid\u00e9os des \u00e9v\u00e9nements organis\u00e9s par <strong>Unit\u00e9 la\u00efque<\/strong>, accessibles sur la cha\u00eene Youtube de notre association ;<\/li><li>d\u2019autre part, \u00e0 une s\u00e9lection de vid\u00e9os informatives ou p\u00e9dagogiques. Con\u00e7ues et produites par des organismes gouvernementaux, des institutions ou des associations, dont le positionnement est proche de celui d\u2019Unit\u00e9 la\u00efque, elles contribuent \u00e0 votre r\u00e9flexion sur la la\u00efcit\u00e9.<\/li><\/ul>\n\n\n\n<p><\/p>\n","protected":false},"excerpt":{"rendered":"<p>Unit\u00e9 la\u00efque met \u00e0 la disposition de ses membres et de toute personne ou association engag\u00e9e dans la d\u00e9fense des valeurs de la R\u00e9publique et la promotion de la la\u00efcit\u00e9 des ressources permettant d\u2019illustrer et \u00e9tayer l\u2019engagement et la conviction la\u00efques. Ces ressources se veulent des outils et des aides \u00e0 l\u2019information et la formation [&hellip;]<\/p>\n","protected":false},"author":7,"featured_media":0,"parent":0,"menu_order":0,"comment_status":"closed","ping_status":"closed","template":"","meta":{"footnotes":""},"class_list":["post-49","page","type-page","status-publish","hentry"],"_links":{"self":[{"href":"https:\/\/unitelaique.org\/index.php\/wp-json\/wp\/v2\/pages\/49","targetHints":{"allow":["GET"]}}],"collection":[{"href":"https:\/\/unitelaique.org\/index.php\/wp-json\/wp\/v2\/pages"}],"about":[{"href":"https:\/\/unitelaique.org\/index.php\/wp-json\/wp\/v2\/types\/page"}],"author":[{"embeddable":true,"href":"https:\/\/unitelaique.org\/index.php\/wp-json\/wp\/v2\/users\/7"}],"replies":[{"embeddable":true,"href":"https:\/\/unitelaique.org\/index.php\/wp-json\/wp\/v2\/comments?post=49"}],"version-history":[{"count":66,"href":"https:\/\/unitelaique.org\/index.php\/wp-json\/wp\/v2\/pages\/49\/revisions"}],"predecessor-version":[{"id":2340,"href":"https:\/\/unitelaique.org\/index.php\/wp-json\/wp\/v2\/pages\/49\/revisions\/2340"}],"wp:attachment":[{"href":"https:\/\/unitelaique.org\/index.php\/wp-json\/wp\/v2\/media?parent=49"}],"curies":[{"name":"wp","href":"https:\/\/api.w.org\/{rel}","templated":true}]}}