{"id":50,"date":"2021-09-14T12:12:49","date_gmt":"2021-09-14T10:12:49","guid":{"rendered":"http:\/\/192.168.0.227\/ul\/?page_id=50"},"modified":"2025-10-30T11:24:29","modified_gmt":"2025-10-30T10:24:29","slug":"adherer","status":"publish","type":"page","link":"https:\/\/unitelaique.org\/index.php\/adherer\/","title":{"rendered":"J&rsquo;adh\u00e8re"},"content":{"rendered":"\n<p class=\"has-large-font-size\"><strong>Devenez adh\u00e9rent d&rsquo;Unit\u00e9 La\u00efque.<\/strong> <\/p>\n\n\n\n<div class=\"wp-block-columns is-layout-flex wp-container-core-columns-is-layout-9d6595d7 wp-block-columns-is-layout-flex\">\n<div class=\"wp-block-column is-layout-flow wp-block-column-is-layout-flow\" style=\"flex-basis:33.33%\">\n<figure class=\"wp-block-image size-full\"><img loading=\"lazy\" decoding=\"async\" width=\"1240\" height=\"1535\" src=\"https:\/\/unitelaique.org\/wp-content\/uploads\/2025\/10\/251020-testcampagneadhesion-V1.jpg\" alt=\"\" class=\"wp-image-9238\" srcset=\"https:\/\/unitelaique.org\/wp-content\/uploads\/2025\/10\/251020-testcampagneadhesion-V1.jpg 1240w, https:\/\/unitelaique.org\/wp-content\/uploads\/2025\/10\/251020-testcampagneadhesion-V1-242x300.jpg 242w, https:\/\/unitelaique.org\/wp-content\/uploads\/2025\/10\/251020-testcampagneadhesion-V1-827x1024.jpg 827w, https:\/\/unitelaique.org\/wp-content\/uploads\/2025\/10\/251020-testcampagneadhesion-V1-768x951.jpg 768w, https:\/\/unitelaique.org\/wp-content\/uploads\/2025\/10\/251020-testcampagneadhesion-V1-19x24.jpg 19w, https:\/\/unitelaique.org\/wp-content\/uploads\/2025\/10\/251020-testcampagneadhesion-V1-29x36.jpg 29w, https:\/\/unitelaique.org\/wp-content\/uploads\/2025\/10\/251020-testcampagneadhesion-V1-39x48.jpg 39w\" sizes=\"auto, (max-width: 1240px) 100vw, 1240px\" \/><\/figure>\n<\/div>\n\n\n\n<div class=\"wp-block-column is-vertically-aligned-center is-layout-flow wp-block-column-is-layout-flow\" style=\"flex-basis:66.66%\">\n<p>Participez au renouveau la\u00efque et r\u00e9publicain dans notre pays. Apportez votre soutien \u00e0 une association g\u00e9n\u00e9raliste, dont l&rsquo;objectif principal est de faire entendre de mani\u00e8re non partisane la voix de l&rsquo;immense majorit\u00e9 de nos concitoyens. Nous sommes attach\u00e9s visc\u00e9ralement, historiquement, culturellement, \u00e0 ces id\u00e9aux inestimables que sont la libert\u00e9 de conscience, l&rsquo;\u00e9galit\u00e9 devant la loi, le droit \u00e0 la ressemblance et \u00e0 l&rsquo;ind\u00e9termination.<br><br>Votre adh\u00e9sion vous donnera avant toute chose <strong>le droit d&rsquo;agir au sein de l&rsquo;association<\/strong> pour faire valoir nos id\u00e9es et nos exigences. Vous recevrez <strong>chaque mois une lettre d&rsquo;information<\/strong> qui vous sera r\u00e9serv\u00e9e, vous aurez la possibilit\u00e9 de <strong>soumettre des textes au comit\u00e9 \u00e9ditorial pour les faire publier<\/strong> sur le site d&rsquo;Unit\u00e9 La\u00efque. Vous b\u00e9n\u00e9ficierez enfin de <strong>tarifs r\u00e9duits sur les \u00e9v\u00e9nements payants<\/strong> que pourra organiser notre association.<br><br><strong><strong><em>Les adh\u00e9sions sont d\u00e9sormais valides pour un an de date \u00e0 date<\/em><\/strong><\/strong>.<\/p>\n\n\n\n<figure class=\"wp-block-image size-large\"><a href=\"https:\/\/unitelaique.org\/wp-content\/uploads\/2025\/04\/flyer-UL-20242.pdf\"><img loading=\"lazy\" decoding=\"async\" width=\"1024\" height=\"115\" src=\"https:\/\/unitelaique.org\/wp-content\/uploads\/2025\/04\/bandeau-navigateur2-1024x115.jpg\" alt=\"\" class=\"wp-image-8324\" srcset=\"https:\/\/unitelaique.org\/wp-content\/uploads\/2025\/04\/bandeau-navigateur2-1024x115.jpg 1024w, https:\/\/unitelaique.org\/wp-content\/uploads\/2025\/04\/bandeau-navigateur2-300x34.jpg 300w, https:\/\/unitelaique.org\/wp-content\/uploads\/2025\/04\/bandeau-navigateur2-768x86.jpg 768w, https:\/\/unitelaique.org\/wp-content\/uploads\/2025\/04\/bandeau-navigateur2-1536x172.jpg 1536w, https:\/\/unitelaique.org\/wp-content\/uploads\/2025\/04\/bandeau-navigateur2-2048x230.jpg 2048w, https:\/\/unitelaique.org\/wp-content\/uploads\/2025\/04\/bandeau-navigateur2-24x3.jpg 24w, https:\/\/unitelaique.org\/wp-content\/uploads\/2025\/04\/bandeau-navigateur2-36x4.jpg 36w, https:\/\/unitelaique.org\/wp-content\/uploads\/2025\/04\/bandeau-navigateur2-48x5.jpg 48w\" sizes=\"auto, (max-width: 1024px) 100vw, 1024px\" \/><\/a><\/figure>\n<\/div>\n<\/div>\n\n\n\n<p><br><\/p>\n\n\n\n<p><\/p>\n\n\n\n<iframe id=\"haWidget\" allowtransparency=\"true\" scrolling=\"auto\" src=\"https:\/\/www.helloasso.com\/associations\/unite-laique\/adhesions\/adhesion-unite-laique-mensualisation\/widget\" style=\"width: 100%; height: 1500px; border: none;\"><\/iframe>\n\n\n\n<p><\/p>\n","protected":false},"excerpt":{"rendered":"<p>Devenez adh\u00e9rent d&rsquo;Unit\u00e9 La\u00efque. Participez au renouveau la\u00efque et r\u00e9publicain dans notre pays. Apportez votre soutien \u00e0 une association g\u00e9n\u00e9raliste, dont l&rsquo;objectif principal est de faire entendre de mani\u00e8re non partisane la voix de l&rsquo;immense majorit\u00e9 de nos concitoyens. Nous sommes attach\u00e9s visc\u00e9ralement, historiquement, culturellement, \u00e0 ces id\u00e9aux inestimables que sont la libert\u00e9 de conscience, [&hellip;]<\/p>\n","protected":false},"author":1,"featured_media":0,"parent":0,"menu_order":0,"comment_status":"closed","ping_status":"closed","template":"","meta":{"footnotes":""},"class_list":["post-50","page","type-page","status-publish","hentry"],"_links":{"self":[{"href":"https:\/\/unitelaique.org\/index.php\/wp-json\/wp\/v2\/pages\/50","targetHints":{"allow":["GET"]}}],"collection":[{"href":"https:\/\/unitelaique.org\/index.php\/wp-json\/wp\/v2\/pages"}],"about":[{"href":"https:\/\/unitelaique.org\/index.php\/wp-json\/wp\/v2\/types\/page"}],"author":[{"embeddable":true,"href":"https:\/\/unitelaique.org\/index.php\/wp-json\/wp\/v2\/users\/1"}],"replies":[{"embeddable":true,"href":"https:\/\/unitelaique.org\/index.php\/wp-json\/wp\/v2\/comments?post=50"}],"version-history":[{"count":35,"href":"https:\/\/unitelaique.org\/index.php\/wp-json\/wp\/v2\/pages\/50\/revisions"}],"predecessor-version":[{"id":9294,"href":"https:\/\/unitelaique.org\/index.php\/wp-json\/wp\/v2\/pages\/50\/revisions\/9294"}],"wp:attachment":[{"href":"https:\/\/unitelaique.org\/index.php\/wp-json\/wp\/v2\/media?parent=50"}],"curies":[{"name":"wp","href":"https:\/\/api.w.org\/{rel}","templated":true}]}}