{"id":6,"date":"2021-09-02T15:16:20","date_gmt":"2021-09-02T13:16:20","guid":{"rendered":"http:\/\/192.168.0.227\/ul\/?page_id=6"},"modified":"2023-11-21T16:27:35","modified_gmt":"2023-11-21T15:27:35","slug":"a-propos-de","status":"publish","type":"page","link":"https:\/\/unitelaique.org\/index.php\/a-propos-de\/","title":{"rendered":"D\u00e9claration de principe"},"content":{"rendered":"\n<p><strong>Unit\u00e9 la\u00efque<\/strong> s\u2019engage dans la d\u00e9fense, la promotion et le d\u00e9veloppement de la la\u00efcit\u00e9 sur la base d\u2019une <strong>D\u00e9claration de principe<\/strong>. Cette D\u00e9claration, qui s\u2019attache \u00e0 faire appara\u00eetre la profondeur historique de la R\u00e9publique la\u00efque et le caract\u00e8re ambitieux et original des principes et id\u00e9aux de la la\u00efcit\u00e9, est le socle de notre engagement et le cadre de notre action. L\u2019adh\u00e9sion \u00e0 notre association vaut approbation pleine et enti\u00e8re de la D\u00e9claration de principe d\u2019<strong>Unit\u00e9 la\u00efque<\/strong>.<\/p>\n\n\n\n<p><\/p>\n\n\n\n<p class=\"has-text-align-center has-medium-font-size\"><br><br><br><strong>UNIT\u00c9 LA\u00cfQUE<br>D\u00c9CLARATION DE PRINCIPE<\/strong><\/p>\n\n\n\n<p><strong><span class=\"has-inline-color has-vivid-red-color\">Une histoire qui nous engage<\/span><\/strong><\/p>\n\n\n<div class=\"wp-block-image is-style-default\">\n<figure class=\"alignleft size-full is-resized\"><img loading=\"lazy\" decoding=\"async\" width=\"671\" height=\"932\" src=\"https:\/\/unitelaique.org\/wp-content\/uploads\/2021\/11\/nation-villa.png\" alt=\"\" class=\"wp-image-405\" style=\"width:168px;height:233px\" srcset=\"https:\/\/unitelaique.org\/wp-content\/uploads\/2021\/11\/nation-villa.png 671w, https:\/\/unitelaique.org\/wp-content\/uploads\/2021\/11\/nation-villa-216x300.png 216w\" sizes=\"auto, (max-width: 671px) 100vw, 671px\" \/><\/figure>\n<\/div>\n\n\n<p>L\u2019histoire, la g\u00e9ographie et le peuplement de la France ont contribu\u00e9 \u00e0 l\u2019\u00e9dification d\u2019une soci\u00e9t\u00e9 pr\u00e9sentant des caract\u00e8res politiques, \u00e9conomiques, culturels et sociaux uniques.<br><\/p>\n\n\n\n<p>Chaque pays peut certes faire \u00e9tat de ses particularismes et de l\u2019empreinte laiss\u00e9e par un cheminement singulier. Peu sont ceux, pourtant, qui ont trac\u00e9 une voie aussi originale que la France. Notre pays fut \u00e0 la fois l\u2019un des plus peupl\u00e9s du monde jusqu\u2019au d\u00e9but du 19\u00e8me si\u00e8cle, l\u2019une des plus anciennes entit\u00e9s politiques nationales et le premier porteur d\u2019une forme d\u2019organisation politique r\u00e9publicaine, revendiqu\u00e9e d\u00e8s le 16\u00e8me si\u00e8cle, en opposition \u00e0 la forme imp\u00e9riale adopt\u00e9e par la plupart des royaumes et des empires qui couvraient la surface du globe \u00e0 la veille de la R\u00e9volution fran\u00e7aise.<br><\/p>\n\n\n\n<p>\u00c0 ces sp\u00e9cificit\u00e9s, les Fran\u00e7ais ajoutent d\u2019avoir men\u00e9 jusqu\u2019\u00e0 son terme une r\u00e9volution qui a \u00e9branl\u00e9 le monde et jet\u00e9 les bases d\u2019un r\u00e9gime qui fut et reste le paradigme de la pens\u00e9e des Lumi\u00e8res en action. On peut dire que les Fran\u00e7ais ont largement contribu\u00e9 \u00e0 \u00ab l\u2019invention \u00bb de la modernit\u00e9 politique, qui pr\u00e9side au r\u00e9gime sous lequel ils vivent depuis pr\u00e8s de 250 ans.<\/p>\n\n\n\n<p><br>Les caract\u00e9ristiques de cette organisation sont :<\/p>\n\n\n\n<ul class=\"wp-block-list\">\n<li>La souverainet\u00e9 du peuple sans r\u00e9f\u00e9rence \u00e0 une figure incarn\u00e9e qui en serait le symbole ; chaque Fran\u00e7ais est porteur d\u2019une parcelle de cette souverainet\u00e9.<\/li>\n\n\n\n<li>La construction collective d\u2019un projet politique dans lequel s\u2019inscrivent la souverainet\u00e9 partag\u00e9e et la libert\u00e9 de chacun, acquise par l\u2019\u00e9mancipation de tous et pas seulement par un droit des individus, qui serait la raison ultime de l\u2019organisation de la soci\u00e9t\u00e9.<\/li>\n\n\n\n<li>La s\u00e9paration du religieux et du politique, destin\u00e9e \u00e0 garantir l\u2019autonomie de chacun face \u00e0 la propension des religions \u00e0 contr\u00f4ler le fonctionnement de la soci\u00e9t\u00e9.<\/li>\n<\/ul>\n\n\n\n<p>Ce sont ces qualit\u00e9s qui d\u00e9terminent la nature d\u2019un r\u00e9gime avant tout politique, dont les membres sont citoyens par adh\u00e9sion aux principes et aux id\u00e9aux et non parce qu\u2019ils appartiendraient \u00e0 une \u00ab race \u00bb, \u00e0 une ethnie ou qu\u2019ils partageraient une religion. En Europe, l\u2019exigence de libert\u00e9 de conscience est n\u00e9e du viol syst\u00e9matique des esprits par l\u2019Inquisition et de la d\u00e9vastation des Guerres de religion. Ce principe est donc oppos\u00e9 \u00e0 toute \u00ab libert\u00e9 de croyance \u00bb qui donnerait les mains libres aux exigences des \u00c9glises. La libert\u00e9 de conscience autorise le rire et la d\u00e9rision \u00e0 propos des croyances, et corrige la violence des passions religieuses par l\u2019ironie platonicienne. C\u2019est l\u2019ensemble de ces caract\u00e9ristiques qui mod\u00e8le la R\u00e9publique fran\u00e7aise et le Peuple fran\u00e7ais.<br><\/p>\n\n\n\n<p>Cette construction politique unique a \u00e9t\u00e9 progressivement inscrite dans les textes qui nous gouvernent, \u00e0 partir de la R\u00e9volution fran\u00e7aise. On peut m\u00eame la reconna\u00eetre dans une vari\u00e9t\u00e9 de d\u00e9cisions politiques et l\u00e9gislatives qui remontent pour certaines au Moyen-\u00e2ge, comme la transformation du roi des Francs (Rex francorum) en roi de France (Rex franciae) ou l\u2019\u00e9dit royal statuant que \u00ab le sol de France affranchit l\u2019esclave qui le touche \u00bb. Citons aussi le d\u00e9nouement des Guerres de religions qui vit le roi Henri IV redevenir catholique en subordonnant la foi \u00e0 l\u2019unit\u00e9 de ce que l\u2019on pouvait d\u00e9j\u00e0 appeler la Nation.<\/p>\n\n\n\n<p><br><strong><span class=\"has-inline-color has-vivid-red-color\">Des id\u00e9aux et des principes sans \u00e9gal<\/span><\/strong><\/p>\n\n\n<div class=\"wp-block-image is-style-default\">\n<figure class=\"alignleft size-full is-resized\"><img loading=\"lazy\" decoding=\"async\" width=\"300\" height=\"300\" src=\"https:\/\/unitelaique.org\/wp-content\/uploads\/2021\/09\/unite-laique-logo.jpg\" alt=\"\" class=\"wp-image-163\" style=\"width:168px;height:168px\" srcset=\"https:\/\/unitelaique.org\/wp-content\/uploads\/2021\/09\/unite-laique-logo.jpg 300w, https:\/\/unitelaique.org\/wp-content\/uploads\/2021\/09\/unite-laique-logo-150x150.jpg 150w\" sizes=\"auto, (max-width: 300px) 100vw, 300px\" \/><\/figure>\n<\/div>\n\n\n<p class=\"has-text-align-left\">Sur la base de cet \u00e9difice national et r\u00e9publicain, en France plus qu\u2019ailleurs en Europe, a \u00e9merg\u00e9 progressivement la figure d\u2019un citoyen autonome, rationnel et politique, ma\u00eetre de son destin et pr\u00eat \u00e0 donner corps \u00e0 cette aspiration au bonheur que lui l\u00e9guaient les philosophes, \u00ab une id\u00e9e neuve en Europe\u00bb. C\u2019est \u00e0 partir de cette histoire et de la volont\u00e9 de rendre vivants ces id\u00e9aux que la R\u00e9volution, par l\u2019empreinte ind\u00e9l\u00e9bile qu\u2019elle a laiss\u00e9e sur le peuple fran\u00e7ais, a engendr\u00e9 et inspir\u00e9 les grands textes qui nous gouvernent encore :<\/p>\n\n\n\n<ul class=\"wp-block-list\">\n<li>D\u00e9claration des Droits de l\u2019Homme et du Citoyen de 1789 ;<\/li>\n\n\n\n<li>Grandes lois d\u2019\u00e9mancipation civile de 1789-1793 ;<\/li>\n\n\n\n<li>Loi du 27 septembre 1791 \u00e9mancipant les Juifs et leur donnant acc\u00e8s au statut de citoyens fran\u00e7ais ;<\/li>\n\n\n\n<li>Abolition de l\u2019esclavage en 1794, renouvel\u00e9e en 1848 ;<\/li>\n\n\n\n<li>Premier d\u00e9cret de s\u00e9paration des \u00c9glises et de l\u2019\u00c9tat de 1795 ;<\/li>\n\n\n\n<li>Lois scolaires la\u00efques de 1879-1886 ;<\/li>\n\n\n\n<li>Fin du d\u00e9lit de blasph\u00e8me et libert\u00e9 d\u2019expression par la loi du 27 juillet 1881 ;<\/li>\n\n\n\n<li>S\u00e9paration d\u00e9finitive des \u00c9glises et de l\u2019\u00c9tat par la loi du 9 d\u00e9cembre 1905, assurant la libert\u00e9<br>de conscience ;<\/li>\n\n\n\n<li>Pr\u00e9ambule et premiers articles de la Constitution de 1946, repris dans la Constitution de<br>1958 qui nous r\u00e9git aujourd\u2019hui ;<\/li>\n\n\n\n<li>Loi de d\u00e9fense de la la\u00efcit\u00e9 scolaire du 15 mars 2004 ;<\/li>\n\n\n\n<li>Loi du 24 ao\u00fbt 2021 confortant le respect des principes de la R\u00e9publique.<\/li>\n<\/ul>\n\n\n\n<p>Ces innovations politiques remarquables ont \u00e9t\u00e9, des si\u00e8cles durant, combattues tant de l\u2019ext\u00e9rieur que de l\u2019int\u00e9rieur. Elles \u00e9taient et restent porteuses de danger pour tous les r\u00e9gimes et toutes les id\u00e9ologies qui n\u2019acceptent pas qu\u2019un peuple se construise sans r\u00e9f\u00e9rence \u00e0 un dieu transcendant ou \u00e0 des fantasmes ethno-raciaux, ou que la libert\u00e9 de chacun ne soit effective et r\u00e9elle que lorsque tous sont \u00e9mancip\u00e9s. Depuis 1789 aucun des r\u00e9gimes politiques qui ont vu le jour n\u2019a pourtant r\u00e9ussi \u00e0 offrir une proposition d\u00e9mocratique plus convaincante et plus op\u00e9ratoire que la r\u00e9publique indivisible, la\u00efque, d\u00e9mocratique et sociale qui nous gouverne.<\/p>\n\n\n\n<p><strong><span class=\"has-inline-color has-vivid-red-color\">Les objectifs d\u2019Unit\u00e9 La\u00efque<\/span><\/strong><\/p>\n\n\n<div class=\"wp-block-image is-resized is-style-default\">\n<figure class=\"alignleft size-full\"><img loading=\"lazy\" decoding=\"async\" width=\"671\" height=\"932\" src=\"https:\/\/unitelaique.org\/wp-content\/uploads\/2021\/11\/nation-villa.png\" alt=\"\" class=\"wp-image-405\" style=\"width:207px;height:auto\" srcset=\"https:\/\/unitelaique.org\/wp-content\/uploads\/2021\/11\/nation-villa.png 671w, https:\/\/unitelaique.org\/wp-content\/uploads\/2021\/11\/nation-villa-216x300.png 216w\" sizes=\"auto, (max-width: 671px) 100vw, 671px\" \/><\/figure>\n<\/div>\n\n\n<p>Ce sont ces principes et leur application que d\u00e9fend, illustre et promeut l\u2019association Unit\u00e9 La\u00efque. Nous sommes bien conscients qu\u2019un id\u00e9al n\u2019est jamais atteint ; mais il montre la voie. Les marins trouvent leur chemin sans erreur en se guidant aux \u00e9toiles, mais savent bien qu\u2019ils n\u2019atteindront jamais les \u00e9toiles. S\u2019il est donc essentiel de critiquer nos manquements et de stimuler sans cesse notre capacit\u00e9 \u00e0 donner vie \u00e0 ces principes, il est encore plus important de rappeler que ceux-ci doivent \u00eatre maintenus, \u00e9tendus, d\u00e9fendus, plut\u00f4t que de vouloir les abandonner parce que nous peinons \u00e0 les appliquer.<\/p>\n\n\n\n<p><br><strong><span class=\"has-inline-color has-vivid-red-color\">Unit\u00e9 La\u00efque<\/span><\/strong> s\u2019engage pour l\u2019\u00e9dification d\u2019une soci\u00e9t\u00e9 humaniste o\u00f9 chacun reconna\u00eet en l\u2019autre, quelles que soient ses diff\u00e9rences, un semblable, digne de fraternit\u00e9. Pour cette raison, toute forme de racisme est combattue par Unit\u00e9 La\u00efque au nom de l\u2019universalisme.<\/p>\n\n\n\n<p><br><strong><span class=\"has-inline-color has-vivid-red-color\">Unit\u00e9 La\u00efque<\/span><\/strong> s\u2019engage pour la libert\u00e9 de chacun en assurant celle de tous les \u00eatres humains par l\u2019\u00e9mancipation vis-\u00e0-vis des contraintes culturelles, ethniques, sexuelles et religieuses. Des corps interm\u00e9diaires qui ne tirent leur l\u00e9gitimit\u00e9 que de l\u2019habitude ou de la tradition tentent sans cesse de les leur imposer. Libre \u00e0 chacun d\u2019adh\u00e9rer de son propre gr\u00e9 aux obligations qu\u2019\u00e9dictent de telles associations, mais \u00e0 la condition de ne jamais ali\u00e9ner la libert\u00e9 des autres et de ne jamais d\u00e9roger \u00e0 la dignit\u00e9 humaine.<br><\/p>\n\n\n\n<p><strong><span class=\"has-inline-color has-vivid-red-color\">Unit\u00e9 La\u00efque<\/span><\/strong> d\u00e9fend l\u2019id\u00e9al d\u2019une soci\u00e9t\u00e9 d\u00e9mocratique et pacifique dans laquelle il n\u2019est nul besoin de recourir \u00e0 la violence pour faire respecter les droits politiques, \u00e9conomiques et sociaux des citoyens qui la composent.<br><\/p>\n\n\n\n<p>Dans ce combat, <strong><span class=\"has-inline-color has-vivid-red-color\">Unit\u00e9 La\u00efque<\/span><\/strong> accorde une importance fondamentale \u00e0 la r\u00e9habilitation de l\u2019\u00e9cole publique comme fabrique du citoyen la\u00efque et r\u00e9publicain et \u00e0 l\u2019adh\u00e9sion des jeunes Fran\u00e7ais \u00e0 ces id\u00e9aux. <strong><span class=\"has-inline-color has-vivid-red-color\">Unit\u00e9 La\u00efque<\/span><\/strong> s\u2019attache en outre \u00e0 la d\u00e9fense de tous les citoyens menac\u00e9s par le totalitarisme obscurantiste et int\u00e9griste.<\/p>\n\n\n\n<p><br>Les conditions de la mondialisation, les \u00e9volutions cognitives engendr\u00e9es par les r\u00e9volutions technologiques, la d\u00e9personnalisation des peuples sous la banni\u00e8re de l\u2019\u00e9gocentrisme, la multiplication de revendications communautaires qui tendent vers une dictature des identit\u00e9s, rendent plus crucial que jamais le combat pour le maintien et le d\u00e9veloppement de l\u2019id\u00e9al la\u00efque et r\u00e9publicain.<\/p>\n\n\n\n<p class=\"has-text-align-center has-medium-font-size\"><br><strong>Libert\u00e9, \u00e9galit\u00e9, fraternit\u00e9 ; universalisme et \u00e9mancipation ; projet politique commun d\u2019une soci\u00e9t\u00e9 solidaire, d\u00e9mocratique et sociale. <\/strong><br><strong>Tels sont les id\u00e9aux qui fondent la r\u00e9publique la\u00efque.<\/strong><\/p>\n\n\n\n<p class=\"has-text-align-center has-medium-font-size\"><strong>C\u2019est \u00e0 leur concr\u00e9tisation que se consacre Unit\u00e9 La\u00efque dans le cadre national, mais aussi en Europe. <\/strong><br><strong>Nous nous r\u00e9clamons du principe la\u00efque, principe rassembleur et unificateur <\/strong><br><strong>enti\u00e8rement tourn\u00e9 vers la libert\u00e9 de conscience et l\u2019\u00e9mancipation.<\/strong><br><br><\/p>\n\n\n\n<div class=\"wp-block-columns is-layout-flex wp-container-core-columns-is-layout-9d6595d7 wp-block-columns-is-layout-flex\">\n<div class=\"wp-block-column is-layout-flow wp-block-column-is-layout-flow\">\n<p class=\"has-text-align-center\" style=\"font-size:22px\"><a href=\"https:\/\/unitelaique.org\/index.php\/contact\/\"><strong>Contact<\/strong><\/a><\/p>\n<\/div>\n\n\n\n<div class=\"wp-block-column is-layout-flow wp-block-column-is-layout-flow\">\n<p class=\"has-text-align-center\" style=\"font-size:22px\"><a href=\"https:\/\/unitelaique.org\/index.php\/membres-fondateurs-conseil-dadministration-bureau\/\"><strong>Bureau et Conseil d&rsquo;administration<\/strong><\/a><\/p>\n<\/div>\n<\/div>\n","protected":false},"excerpt":{"rendered":"<p>Unit\u00e9 la\u00efque s\u2019engage dans la d\u00e9fense, la promotion et le d\u00e9veloppement de la la\u00efcit\u00e9 sur la base d\u2019une D\u00e9claration de principe. Cette D\u00e9claration, qui s\u2019attache \u00e0 faire appara\u00eetre la profondeur historique de la R\u00e9publique la\u00efque et le caract\u00e8re ambitieux et original des principes et id\u00e9aux de la la\u00efcit\u00e9, est le socle de notre engagement et [&hellip;]<\/p>\n","protected":false},"author":7,"featured_media":0,"parent":0,"menu_order":0,"comment_status":"closed","ping_status":"closed","template":"","meta":{"footnotes":""},"class_list":["post-6","page","type-page","status-publish","hentry"],"_links":{"self":[{"href":"https:\/\/unitelaique.org\/index.php\/wp-json\/wp\/v2\/pages\/6","targetHints":{"allow":["GET"]}}],"collection":[{"href":"https:\/\/unitelaique.org\/index.php\/wp-json\/wp\/v2\/pages"}],"about":[{"href":"https:\/\/unitelaique.org\/index.php\/wp-json\/wp\/v2\/types\/page"}],"author":[{"embeddable":true,"href":"https:\/\/unitelaique.org\/index.php\/wp-json\/wp\/v2\/users\/7"}],"replies":[{"embeddable":true,"href":"https:\/\/unitelaique.org\/index.php\/wp-json\/wp\/v2\/comments?post=6"}],"version-history":[{"count":41,"href":"https:\/\/unitelaique.org\/index.php\/wp-json\/wp\/v2\/pages\/6\/revisions"}],"predecessor-version":[{"id":6295,"href":"https:\/\/unitelaique.org\/index.php\/wp-json\/wp\/v2\/pages\/6\/revisions\/6295"}],"wp:attachment":[{"href":"https:\/\/unitelaique.org\/index.php\/wp-json\/wp\/v2\/media?parent=6"}],"curies":[{"name":"wp","href":"https:\/\/api.w.org\/{rel}","templated":true}]}}