{"id":7227,"date":"2024-07-15T14:48:41","date_gmt":"2024-07-15T12:48:41","guid":{"rendered":"https:\/\/unitelaique.org\/?page_id=7227"},"modified":"2024-07-15T15:04:22","modified_gmt":"2024-07-15T13:04:22","slug":"honorer-samuel-paty","status":"publish","type":"page","link":"https:\/\/unitelaique.org\/index.php\/honorer-samuel-paty\/","title":{"rendered":"Honorer Samuel Paty"},"content":{"rendered":"\n<div class=\"wp-block-columns is-layout-flex wp-container-core-columns-is-layout-9d6595d7 wp-block-columns-is-layout-flex\">\n<div class=\"wp-block-column is-vertically-aligned-top is-layout-flow wp-block-column-is-layout-flow\" style=\"flex-basis:33.33%\">\n<p class=\"has-large-font-size\"><strong>Honorer Samuel Paty,<br>Honorer la R\u00e9publique.<\/strong><\/p>\n\n\n\n<p><\/p>\n\n\n\n<figure class=\"wp-block-image size-large\"><img loading=\"lazy\" decoding=\"async\" width=\"728\" height=\"1024\" src=\"https:\/\/unitelaique.org\/wp-content\/uploads\/2024\/07\/page-web-728x1024.png\" alt=\"\" class=\"wp-image-7233\" srcset=\"https:\/\/unitelaique.org\/wp-content\/uploads\/2024\/07\/page-web-728x1024.png 728w, https:\/\/unitelaique.org\/wp-content\/uploads\/2024\/07\/page-web-213x300.png 213w, https:\/\/unitelaique.org\/wp-content\/uploads\/2024\/07\/page-web-768x1080.png 768w, https:\/\/unitelaique.org\/wp-content\/uploads\/2024\/07\/page-web-1092x1536.png 1092w, https:\/\/unitelaique.org\/wp-content\/uploads\/2024\/07\/page-web-1456x2048.png 1456w, https:\/\/unitelaique.org\/wp-content\/uploads\/2024\/07\/page-web-17x24.png 17w, https:\/\/unitelaique.org\/wp-content\/uploads\/2024\/07\/page-web-26x36.png 26w, https:\/\/unitelaique.org\/wp-content\/uploads\/2024\/07\/page-web-34x48.png 34w, https:\/\/unitelaique.org\/wp-content\/uploads\/2024\/07\/page-web.png 1790w\" sizes=\"auto, (max-width: 728px) 100vw, 728px\" \/><\/figure>\n<\/div>\n\n\n\n<div class=\"wp-block-column is-layout-flow wp-block-column-is-layout-flow\" style=\"flex-basis:66.66%\">\n<p style=\"font-size:18px\">En donnant leur nom \u00e0 des rues dans de nombreuses communes, de Charles de Gaulle \u00e0 Cl\u00e9menceau, de Pierre Brossolette \u00e0 Jean Moulin, de Jean Jaur\u00e8s \u00e0 Marc Bloch, de Jacques Decour \u00e0 Jean Cavaill\u00e8s, la France a su honorer le souvenir de grands r\u00e9publicains, artisans ou gardiens de la R\u00e9publique, parfois au prix de leur vie. Plus pr\u00e8s de nous, le colonel Arnaud Beltrame, victime du fanatisme islamiste, compte d\u00e9j\u00e0 plusieurs toponymes.<\/p>\n\n\n\n<p style=\"font-size:18px\">Aujourd\u2019hui, il est important de maintenir cette tradition en honorant le nom du professeur Samuel Paty, victime lui aussi de cet extr\u00e9misme dans l\u2019exercice de son m\u00e9tier d\u2019enseignant, d\u00e9fenseur et transmetteur de la la\u00efcit\u00e9 r\u00e9publicaine. C\u2019est cet engagement qui lui a fait croiser sur son chemin l\u2019int\u00e9grisme fanatique et meurtrier.<\/p>\n\n\n\n<p style=\"font-size:18px\">Nommer une rue d\u2019apr\u00e8s un h\u00e9ros de la R\u00e9publique est un geste signifiant, aussi bien m\u00e9moriel que p\u00e9dagogique. On perp\u00e9tue ainsi le souvenir de la personne et de son action h\u00e9ro\u00efque. On l\u2019inscrit pour toujours dans l\u2019esprit des g\u00e9n\u00e9rations futures.<\/p>\n\n\n\n<p style=\"font-size:18px\">Pr\u00e8s de cinquante communes de France ont d\u00e9j\u00e0 accompli ce geste noble et n\u00e9cessaire.<\/p>\n\n\n\n<p style=\"font-size:18px\">Toutes les communes de France s\u2019honoreraient en manifestant ainsi leur attachement \u00e0 la la\u00efcit\u00e9 r\u00e9publicaine, leur rejet du fanatisme, leur espoir dans la force de l\u2019\u00e9cole de la R\u00e9publique, ces id\u00e9aux qui constituent le socle de notre pays et pour lesquels Samuel Paty a donn\u00e9 sa vie.<\/p>\n\n\n\n<p style=\"font-size:18px\">Nous tiendrons \u00e0 jour, sur le site de l\u2019association Unit\u00e9 La\u00efque, une carte interactive des lieux ainsi nomm\u00e9s et vous donnerons la parole pour faire conna\u00eetre votre engagement.<\/p>\n\n\n\n<p style=\"font-size:18px\">Nous vous remercions du soutien que vous apporterez ainsi \u00e0 la cause la\u00efque et r\u00e9publicaine, sans laquelle il n\u2019est ni libert\u00e9, ni \u00e9mancipation.<\/p>\n<\/div>\n<\/div>\n","protected":false},"excerpt":{"rendered":"<p>Honorer Samuel Paty,Honorer la R\u00e9publique. En donnant leur nom \u00e0 des rues dans de nombreuses communes, de Charles de Gaulle \u00e0 Cl\u00e9menceau, de Pierre Brossolette \u00e0 Jean Moulin, de Jean Jaur\u00e8s \u00e0 Marc Bloch, de Jacques Decour \u00e0 Jean Cavaill\u00e8s, la France a su honorer le souvenir de grands r\u00e9publicains, artisans ou gardiens de la [&hellip;]<\/p>\n","protected":false},"author":7,"featured_media":0,"parent":0,"menu_order":0,"comment_status":"closed","ping_status":"closed","template":"","meta":{"footnotes":""},"class_list":["post-7227","page","type-page","status-publish","hentry"],"_links":{"self":[{"href":"https:\/\/unitelaique.org\/index.php\/wp-json\/wp\/v2\/pages\/7227","targetHints":{"allow":["GET"]}}],"collection":[{"href":"https:\/\/unitelaique.org\/index.php\/wp-json\/wp\/v2\/pages"}],"about":[{"href":"https:\/\/unitelaique.org\/index.php\/wp-json\/wp\/v2\/types\/page"}],"author":[{"embeddable":true,"href":"https:\/\/unitelaique.org\/index.php\/wp-json\/wp\/v2\/users\/7"}],"replies":[{"embeddable":true,"href":"https:\/\/unitelaique.org\/index.php\/wp-json\/wp\/v2\/comments?post=7227"}],"version-history":[{"count":12,"href":"https:\/\/unitelaique.org\/index.php\/wp-json\/wp\/v2\/pages\/7227\/revisions"}],"predecessor-version":[{"id":7242,"href":"https:\/\/unitelaique.org\/index.php\/wp-json\/wp\/v2\/pages\/7227\/revisions\/7242"}],"wp:attachment":[{"href":"https:\/\/unitelaique.org\/index.php\/wp-json\/wp\/v2\/media?parent=7227"}],"curies":[{"name":"wp","href":"https:\/\/api.w.org\/{rel}","templated":true}]}}