{"id":9237,"date":"2025-10-29T10:47:15","date_gmt":"2025-10-29T09:47:15","guid":{"rendered":"https:\/\/unitelaique.org\/?page_id=9237"},"modified":"2026-01-12T14:49:57","modified_gmt":"2026-01-12T13:49:57","slug":"en-2026-jadhere","status":"publish","type":"page","link":"https:\/\/unitelaique.org\/index.php\/en-2026-jadhere\/","title":{"rendered":"En 2026 : J\u2019ADH\u00c8RE"},"content":{"rendered":"\n<div class=\"wp-block-columns is-layout-flex wp-container-core-columns-is-layout-9d6595d7 wp-block-columns-is-layout-flex\">\n<div class=\"wp-block-column is-layout-flow wp-block-column-is-layout-flow\" style=\"flex-basis:33.33%\"><div class=\"wp-block-image\">\n<figure class=\"aligncenter size-large is-resized\"><a href=\"https:\/\/unitelaique.org\/index.php\/adherer\/\"><img loading=\"lazy\" decoding=\"async\" width=\"827\" height=\"1024\" src=\"https:\/\/unitelaique.org\/wp-content\/uploads\/2025\/10\/251020-testcampagneadhesion-V1-827x1024.jpg\" alt=\"\" class=\"wp-image-9238\" style=\"width:253px;height:auto\" srcset=\"https:\/\/unitelaique.org\/wp-content\/uploads\/2025\/10\/251020-testcampagneadhesion-V1-827x1024.jpg 827w, https:\/\/unitelaique.org\/wp-content\/uploads\/2025\/10\/251020-testcampagneadhesion-V1-242x300.jpg 242w, https:\/\/unitelaique.org\/wp-content\/uploads\/2025\/10\/251020-testcampagneadhesion-V1-768x951.jpg 768w, https:\/\/unitelaique.org\/wp-content\/uploads\/2025\/10\/251020-testcampagneadhesion-V1-19x24.jpg 19w, https:\/\/unitelaique.org\/wp-content\/uploads\/2025\/10\/251020-testcampagneadhesion-V1-29x36.jpg 29w, https:\/\/unitelaique.org\/wp-content\/uploads\/2025\/10\/251020-testcampagneadhesion-V1-39x48.jpg 39w, https:\/\/unitelaique.org\/wp-content\/uploads\/2025\/10\/251020-testcampagneadhesion-V1.jpg 1240w\" sizes=\"auto, (max-width: 827px) 100vw, 827px\" \/><\/a><\/figure>\n<\/div><\/div>\n\n\n\n<div class=\"wp-block-column is-vertically-aligned-center is-layout-flow wp-block-column-is-layout-flow\" style=\"flex-basis:66.66%\">\n<p class=\"has-text-align-center has-large-font-size\"><strong><a href=\"https:\/\/unitelaique.org\/index.php\/adherer\/\" data-type=\"link\" data-id=\"https:\/\/unitelaique.org\/index.php\/adherer\/\">En 2026 : J\u2019ADH\u00c8RE !<\/a><\/strong><\/p>\n\n\n\n<p class=\"has-text-align-center\">J&rsquo;AGIS POUR UN MONDE LIBRE et FRATERNEL<br>Rejoignez-nous dans notre qu\u00eate d\u2019un avenir plus humaniste, libre et d\u00e9mocratique. Unit\u00e9 la\u00efque est la voix du changement. VOUS avez le pouvoir de faire la diff\u00e9rence.<\/p>\n\n\n\n<p class=\"has-text-align-center\">ADH\u00c9REZ : En tant que membre d\u2019Unit\u00e9 la\u00efque, vous faites partie de notre force. Vous pouvez influencer, contribuer et partager vos id\u00e9es. Recevez notre lettre d&rsquo;information exclusive, partagez vos textes sur notre site, b\u00e9n\u00e9ficiez de r\u00e9ductions sur nos \u00e9v\u00e9nements payants.<\/p>\n\n\n\n<p class=\"has-text-align-center\">ENSEMBLE CHANGEONS LE MONDE.<br>Rejoignez Unit\u00e9 la\u00efque et ensemble, construisons un avenir de libert\u00e9 pour tous. Unis, nous sommes plus forts.<\/p>\n<\/div>\n<\/div>\n\n\n\n<div class=\"wp-block-columns is-layout-flex wp-container-core-columns-is-layout-9d6595d7 wp-block-columns-is-layout-flex\">\n<div class=\"wp-block-column is-layout-flow wp-block-column-is-layout-flow\">\n<div class=\"wp-block-columns is-layout-flex wp-container-core-columns-is-layout-9d6595d7 wp-block-columns-is-layout-flex\">\n<div class=\"wp-block-column is-layout-flow wp-block-column-is-layout-flow\">\n<figure class=\"wp-block-image size-large\"><img loading=\"lazy\" decoding=\"async\" width=\"827\" height=\"1024\" src=\"https:\/\/unitelaique.org\/wp-content\/uploads\/2025\/10\/convaincre251020-testcampagneadhesion-V1-827x1024.jpg\" alt=\"\" class=\"wp-image-9283\" srcset=\"https:\/\/unitelaique.org\/wp-content\/uploads\/2025\/10\/convaincre251020-testcampagneadhesion-V1-827x1024.jpg 827w, https:\/\/unitelaique.org\/wp-content\/uploads\/2025\/10\/convaincre251020-testcampagneadhesion-V1-242x300.jpg 242w, https:\/\/unitelaique.org\/wp-content\/uploads\/2025\/10\/convaincre251020-testcampagneadhesion-V1-768x951.jpg 768w, https:\/\/unitelaique.org\/wp-content\/uploads\/2025\/10\/convaincre251020-testcampagneadhesion-V1-19x24.jpg 19w, https:\/\/unitelaique.org\/wp-content\/uploads\/2025\/10\/convaincre251020-testcampagneadhesion-V1-29x36.jpg 29w, https:\/\/unitelaique.org\/wp-content\/uploads\/2025\/10\/convaincre251020-testcampagneadhesion-V1-39x48.jpg 39w, https:\/\/unitelaique.org\/wp-content\/uploads\/2025\/10\/convaincre251020-testcampagneadhesion-V1.jpg 1240w\" sizes=\"auto, (max-width: 827px) 100vw, 827px\" \/><\/figure>\n\n\n\n<p class=\"has-text-align-center\"><strong>CONVAINCRE<\/strong><br>La\u00efcit\u00e9, libert\u00e9 de conscience, libert\u00e9 d\u2019expression : former et promouvoir<br><em>Unit\u00e9 la\u00efque en 2025 c&rsquo;est 9 conf\u00e9rences, 5 tables rondes et 3 expositions.<\/em><\/p>\n<\/div>\n\n\n\n<div class=\"wp-block-column is-layout-flow wp-block-column-is-layout-flow\">\n<figure class=\"wp-block-image size-large\"><img loading=\"lazy\" decoding=\"async\" width=\"827\" height=\"1024\" src=\"https:\/\/unitelaique.org\/wp-content\/uploads\/2025\/10\/en2026jadhere_dialoguer-827x1024.jpg\" alt=\"\" class=\"wp-image-9245\" srcset=\"https:\/\/unitelaique.org\/wp-content\/uploads\/2025\/10\/en2026jadhere_dialoguer-827x1024.jpg 827w, https:\/\/unitelaique.org\/wp-content\/uploads\/2025\/10\/en2026jadhere_dialoguer-242x300.jpg 242w, https:\/\/unitelaique.org\/wp-content\/uploads\/2025\/10\/en2026jadhere_dialoguer-768x951.jpg 768w, https:\/\/unitelaique.org\/wp-content\/uploads\/2025\/10\/en2026jadhere_dialoguer-19x24.jpg 19w, https:\/\/unitelaique.org\/wp-content\/uploads\/2025\/10\/en2026jadhere_dialoguer-29x36.jpg 29w, https:\/\/unitelaique.org\/wp-content\/uploads\/2025\/10\/en2026jadhere_dialoguer-39x48.jpg 39w, https:\/\/unitelaique.org\/wp-content\/uploads\/2025\/10\/en2026jadhere_dialoguer.jpg 1240w\" sizes=\"auto, (max-width: 827px) 100vw, 827px\" \/><\/figure>\n\n\n\n<p class=\"has-text-align-center\"><strong>DIALOGUER<\/strong><br>\u00c9changer, d\u00e9battre, se confronter aux autres points de vue, aller \u00e0 la rencontre des citoyens. C\u2019est ainsi que l\u2019on grandit.<br><em>Unit\u00e9 la\u00efque en 2025 c&rsquo;est 3 caf\u00e9s-la\u00efques et 5 cin\u00e9s-d\u00e9bats.<\/em><\/p>\n<\/div>\n<\/div>\n<\/div>\n\n\n\n<div class=\"wp-block-column is-layout-flow wp-block-column-is-layout-flow\">\n<div class=\"wp-block-columns is-layout-flex wp-container-core-columns-is-layout-9d6595d7 wp-block-columns-is-layout-flex\">\n<div class=\"wp-block-column is-layout-flow wp-block-column-is-layout-flow\">\n<figure class=\"wp-block-image size-large\"><img loading=\"lazy\" decoding=\"async\" width=\"827\" height=\"1024\" src=\"https:\/\/unitelaique.org\/wp-content\/uploads\/2025\/10\/en2026jadhere_decrypter-827x1024.jpg\" alt=\"\" class=\"wp-image-9247\" srcset=\"https:\/\/unitelaique.org\/wp-content\/uploads\/2025\/10\/en2026jadhere_decrypter-827x1024.jpg 827w, https:\/\/unitelaique.org\/wp-content\/uploads\/2025\/10\/en2026jadhere_decrypter-242x300.jpg 242w, https:\/\/unitelaique.org\/wp-content\/uploads\/2025\/10\/en2026jadhere_decrypter-768x951.jpg 768w, https:\/\/unitelaique.org\/wp-content\/uploads\/2025\/10\/en2026jadhere_decrypter-19x24.jpg 19w, https:\/\/unitelaique.org\/wp-content\/uploads\/2025\/10\/en2026jadhere_decrypter-29x36.jpg 29w, https:\/\/unitelaique.org\/wp-content\/uploads\/2025\/10\/en2026jadhere_decrypter-39x48.jpg 39w, https:\/\/unitelaique.org\/wp-content\/uploads\/2025\/10\/en2026jadhere_decrypter.jpg 1240w\" sizes=\"auto, (max-width: 827px) 100vw, 827px\" \/><\/figure>\n\n\n\n<p class=\"has-text-align-center\"><strong>D\u00c9CRYPTER<\/strong><br>Une veille, un \u0153il critique sur l\u2019actualit\u00e9 et la presse, sur l\u2019\u00e9volution de notre soci\u00e9t\u00e9 et du monde. <br><em>Unit\u00e9 la\u00efque en 2025 c&rsquo;est votre relais d&rsquo;informations via notre site web et nos newsletters.<\/em><\/p>\n<\/div>\n\n\n\n<div class=\"wp-block-column is-layout-flow wp-block-column-is-layout-flow\">\n<figure class=\"wp-block-image size-large\"><img loading=\"lazy\" decoding=\"async\" width=\"827\" height=\"1024\" src=\"https:\/\/unitelaique.org\/wp-content\/uploads\/2025\/10\/alerter251020-testcampagneadhesion-V1-827x1024.jpg\" alt=\"\" class=\"wp-image-9286\" srcset=\"https:\/\/unitelaique.org\/wp-content\/uploads\/2025\/10\/alerter251020-testcampagneadhesion-V1-827x1024.jpg 827w, https:\/\/unitelaique.org\/wp-content\/uploads\/2025\/10\/alerter251020-testcampagneadhesion-V1-242x300.jpg 242w, https:\/\/unitelaique.org\/wp-content\/uploads\/2025\/10\/alerter251020-testcampagneadhesion-V1-768x951.jpg 768w, https:\/\/unitelaique.org\/wp-content\/uploads\/2025\/10\/alerter251020-testcampagneadhesion-V1-19x24.jpg 19w, https:\/\/unitelaique.org\/wp-content\/uploads\/2025\/10\/alerter251020-testcampagneadhesion-V1-29x36.jpg 29w, https:\/\/unitelaique.org\/wp-content\/uploads\/2025\/10\/alerter251020-testcampagneadhesion-V1-39x48.jpg 39w, https:\/\/unitelaique.org\/wp-content\/uploads\/2025\/10\/alerter251020-testcampagneadhesion-V1.jpg 1240w\" sizes=\"auto, (max-width: 827px) 100vw, 827px\" \/><\/figure>\n\n\n\n<p class=\"has-text-align-center\"><strong>ALERTER<\/strong><br>Exprimer ses convictions profondes, \u00eatre un porte-parole et r\u00e9agir \u00e0 l\u2019actualit\u00e9 avec une voix la\u00efque. <br><em>Unit\u00e9 la\u00efque en 2025 c&rsquo;est 16 communiqu\u00e9s de presse, 11 articles de presse et 6 notes d&rsquo;Unit\u00e9 la\u00efque.<\/em><\/p>\n<\/div>\n<\/div>\n<\/div>\n<\/div>\n\n\n\n<p class=\"has-text-align-center\">Pour poursuivre notre combat commun pour la <strong>libert\u00e9 de conscience<\/strong>, la <strong>la\u00efcit\u00e9<\/strong>, l\u2019<strong>\u00e9mancipation<\/strong> et l\u2019<strong>universalisme<\/strong>, Unit\u00e9 la\u00efque a plus que jamais besoin de vous&nbsp;!<\/p>\n\n\n\n<p class=\"has-text-align-center\">Nous sommes pr\u00e9sents, nous agissons, nous luttons : Unit\u00e9 la\u00efque est devenue incontournable. Gr\u00e2ce \u00e0 vos adh\u00e9sions et dons en 2025, ce sont des dizaines d&rsquo;actions qui ont \u00e9t\u00e9 men\u00e9es pour faire entendre notre voix la\u00efque et r\u00e9publicaine ! Mais les menaces qui p\u00e8sent sur notre R\u00e9publique indivisible, la\u00efque, d\u00e9mocratique et sociale se multiplient.<\/p>\n\n\n\n<p class=\"has-text-align-center\"><strong>Votre contribution fait la diff\u00e9rence, accro\u00eet notre influence, rend votre voix plus puissante. <\/strong><br><strong>Il faut amplifier l\u2019action d\u2019Unit\u00e9 la\u00efque, vous faites partie de notre force et nous comptons sur vous d\u00e8s maintenant <\/strong>!<\/p>\n\n\n\n<p class=\"has-text-align-center\"><br><\/p>\n\n\n\n<div class=\"wp-block-columns is-layout-flex wp-container-core-columns-is-layout-9d6595d7 wp-block-columns-is-layout-flex\">\n<div class=\"wp-block-column is-layout-flow wp-block-column-is-layout-flow\">\n<div class=\"wp-block-columns is-layout-flex wp-container-core-columns-is-layout-9d6595d7 wp-block-columns-is-layout-flex\">\n<div class=\"wp-block-column is-layout-flow wp-block-column-is-layout-flow\">\n<p class=\"has-text-align-center\" style=\"font-size:18px\"><strong>HOMMAGE <\/strong><br><strong>A CHARLIE<\/strong><\/p>\n\n\n\n<figure class=\"wp-block-video\"><video height=\"1920\" style=\"aspect-ratio: 1080 \/ 1920;\" width=\"1080\" controls src=\"https:\/\/unitelaique.org\/wp-content\/uploads\/2025\/10\/En-2026-jadhere-charlie.mp4\"><\/video><\/figure>\n\n\n\n<p class=\"has-text-align-center has-small-font-size\"><br>En 2025, gr\u00e2ce \u00e0 vos adh\u00e9sions, \u00e0 votre action militante et \u00e0 vos dons, Unit\u00e9 la\u00efque a rendu hommage \u00e0 Charlie.<\/p>\n\n\n\n<p class=\"has-text-align-center has-small-font-size\">A Valence en mai et \u00e0 Fronton (Toulouse) en novembre, Unit\u00e9 la\u00efque a comm\u00e9mor\u00e9 avec le soutien des villes h\u00f4tes les 10 ans de l\u2019attentat islamiste contre Charlie-Hebdo.<br><br>Au programme :<br>Une exposition de 52 dessins de Charb,<br>La projection du film documentaire \u00ab Dieu peut se d\u00e9fendre tout seul \u00bb d\u2019Isabelle Cottenceau, <br>Un d\u00e9bat avec Marika Bret, ex-DRH de Charlie Hebdo \u00e0 l\u2019issue de la projection.<\/p>\n<\/div>\n\n\n\n<div class=\"wp-block-column is-layout-flow wp-block-column-is-layout-flow\">\n<p class=\"has-text-align-center\" style=\"font-size:18px\"><strong>PRIX DES HUSSARDS NOIRS<\/strong><\/p>\n\n\n\n<figure class=\"wp-block-video\"><video height=\"1920\" style=\"aspect-ratio: 1080 \/ 1920;\" width=\"1080\" controls src=\"https:\/\/unitelaique.org\/wp-content\/uploads\/2025\/10\/En-2026-jadhere-HN.mp4\"><\/video><\/figure>\n\n\n\n<p class=\"has-text-align-center has-small-font-size\"><br>En 2025, gr\u00e2ce \u00e0 vos adh\u00e9sions, \u00e0 votre action militante et \u00e0 vos dons, Unit\u00e9 la\u00efque a cr\u00e9\u00e9 le prix litt\u00e9raire des Hussards Noirs de la R\u00e9publique.<\/p>\n\n\n\n<p class=\"has-text-align-center has-small-font-size\">Ce prix litt\u00e9raire annuel r\u00e9compense un ouvrage portant sur la la\u00efcit\u00e9, l\u2019universalisme et la R\u00e9publique, s\u00e9lectionn\u00e9 par un jury ind\u00e9pendant compos\u00e9 de journalistes de la presse \u00e9crite et audiovisuelle.<br><br>La naissance de ce prix s\u2019inscrit dans le cadre des c\u00e9l\u00e9brations du 120e anniversaire de la loi de 1905 et&#8230; du 230e anniversaire du premier d\u00e9cret de s\u00e9paration de 1795 ! Il sera d\u00e9cern\u00e9 chaque ann\u00e9e en partenariat avec la R\u00e9gion \u00cele -de-France.<\/p>\n<\/div>\n\n\n\n<div class=\"wp-block-column is-layout-flow wp-block-column-is-layout-flow\">\n<p class=\"has-text-align-center\" style=\"font-size:18px\"><strong>SOUTIEN A <\/strong><br><strong>BOUALEM SANSAL<\/strong><\/p>\n\n\n\n<figure class=\"wp-block-video\"><video height=\"1920\" style=\"aspect-ratio: 1080 \/ 1920;\" width=\"1080\" controls src=\"https:\/\/unitelaique.org\/wp-content\/uploads\/2025\/10\/En-2026-jadhere-B-Sansal.mp4\"><\/video><\/figure>\n\n\n\n<p class=\"has-text-align-center has-small-font-size\"><br>En 2025, gr\u00e2ce \u00e0 vos adh\u00e9sions, \u00e0 votre action militante et \u00e0 vos dons, Unit\u00e9 la\u00efque a soutenu Boualem Sansal.<\/p>\n\n\n\n<p class=\"has-text-align-center has-small-font-size\">Depuis un an, l\u2019\u00e9crivain franco-alg\u00e9rien Boualem Sansal est emprisonn\u00e9 arbitrairement en Alg\u00e9rie.<br><br>Unit\u00e9 la\u00efque soutient de toutes ses forces Boualem Sansal, en adh\u00e9rant \u00e0 son comit\u00e9 de soutien, en \u00e9crivant et relayant 10 communiqu\u00e9s adress\u00e9s \u00e0 la presse et aux institutions fran\u00e7aises.<\/p>\n<\/div>\n<\/div>\n<\/div>\n\n\n\n<div class=\"wp-block-column is-layout-flow wp-block-column-is-layout-flow\">\n<div class=\"wp-block-columns is-layout-flex wp-container-core-columns-is-layout-9d6595d7 wp-block-columns-is-layout-flex\">\n<div class=\"wp-block-column is-layout-flow wp-block-column-is-layout-flow\">\n<p class=\"has-text-align-center\" style=\"font-size:18px\"><strong>120 ANS <\/strong><br><strong>D\u2019\u00c9MANCIPATION<\/strong><\/p>\n\n\n\n<figure class=\"wp-block-video\"><video height=\"1920\" style=\"aspect-ratio: 1080 \/ 1920;\" width=\"1080\" controls src=\"https:\/\/unitelaique.org\/wp-content\/uploads\/2025\/10\/En-2026-jadhere-120-ans.mp4\"><\/video><\/figure>\n\n\n\n<p class=\"has-text-align-center has-small-font-size\"><br>Le 9 d\u00e9cembre 2025 marque les 120 ans de la loi de s\u00e9paration des \u00c9glises et de l\u2019\u00c9tat, la plus grande loi de libert\u00e9 et de concorde civile jamais vot\u00e9e dans notre pays, une des cl\u00e9s de vo\u00fbte de notre R\u00e9publique.<br><br>Pour c\u00e9l\u00e9brer cet anniversaire, Unit\u00e9 la\u00efque a organis\u00e9 avec le soutien de la ville de Valence un programme culturel in\u00e9dit en 6 rencontres autour de la la\u00efcit\u00e9.<\/p>\n\n\n\n<p class=\"has-text-align-center has-small-font-size\">Au programme : 2 cin\u00e9s-d\u00e9bats, 2 conf\u00e9rences, 1 op\u00e9ra-d\u00e9bat, 1 exposition, et un programme d\u00e9di\u00e9 au public scolaire.<\/p>\n<\/div>\n\n\n\n<div class=\"wp-block-column is-layout-flow wp-block-column-is-layout-flow\">\n<p class=\"has-text-align-center\" style=\"font-size:18px\"><strong>LIBERT\u00c9, <\/strong><br><strong>LIBERT\u00c9 CH\u00c9RIE<\/strong><\/p>\n\n\n\n<figure class=\"wp-block-video\"><video height=\"1920\" style=\"aspect-ratio: 1080 \/ 1920;\" width=\"1080\" controls src=\"https:\/\/unitelaique.org\/wp-content\/uploads\/2025\/10\/En-2026-jadhere-LLC.mp4\"><\/video><\/figure>\n\n\n\n<p class=\"has-text-align-center has-small-font-size\"><br>Le 9 d\u00e9cembre 2025 marque les 120 ans de la loi de s\u00e9paration des \u00c9glises et de l\u2019\u00c9tat, la plus grande loi de libert\u00e9 et de concorde civile jamais vot\u00e9e dans notre pays, une des cl\u00e9s de vo\u00fbte de notre R\u00e9publique.<br><br>Pour c\u00e9l\u00e9brer cet anniversaire, Unit\u00e9 la\u00efque a organis\u00e9 avec les associations De Quoi Demain et Le Chevalier de la Barre une soir\u00e9e- \u00e9v\u00e9nement m\u00ealant culture et arts, pour honorer le principe de la\u00efcit\u00e9.<\/p>\n\n\n\n<p class=\"has-text-align-center has-small-font-size\">Une f\u00eate de l\u2019\u00e9mancipation gr\u00e2ce \u00e0 de nombreux acteurs et com\u00e9diens qui ont fait vivre tout au long de la soir\u00e9e slam, th\u00e9\u00e2tre, musique classique, chanson, rock, lectures, stand-up, arts-vivants, dessin live, po\u00e9sie&#8230;<\/p>\n<\/div>\n\n\n\n<div class=\"wp-block-column is-layout-flow wp-block-column-is-layout-flow\">\n<p class=\"has-text-align-center\" style=\"font-size:18px\"><strong>HONORER <\/strong><br><strong>SAMUEL PATY<\/strong><\/p>\n\n\n\n<figure class=\"wp-block-video\"><video height=\"1920\" style=\"aspect-ratio: 1080 \/ 1920;\" width=\"1080\" controls src=\"https:\/\/unitelaique.org\/wp-content\/uploads\/2025\/10\/En-2026-jadhere-SP.mp4\"><\/video><\/figure>\n\n\n\n<p class=\"has-text-align-center has-small-font-size\"><br>En 2025, gr\u00e2ce \u00e0 vos adh\u00e9sions, \u00e0 votre action militante et \u00e0 vos dons, Unit\u00e9 la\u00efque a pu honorer dignement Samuel Paty.<br><br>Dans toute la France, sous l\u2019impulsion d\u2019Unit\u00e9 la\u00efque, des dizaines de communes ont donn\u00e9 le nom de Samuel Paty \u00e0 une rue ou un \u00e9tablissement scolaire. <br><br>Comme chaque ann\u00e9e, le 16 octobre, jour de son assassinat par un terroriste islamiste, Unit\u00e9 la\u00efque a honor\u00e9 sa m\u00e9moire, en partenariat avec le Barreau de Paris et la mairie du 9e arrondissement de Paris.<\/p>\n<\/div>\n<\/div>\n<\/div>\n<\/div>\n","protected":false},"excerpt":{"rendered":"<p>En 2026 : J\u2019ADH\u00c8RE ! J&rsquo;AGIS POUR UN MONDE LIBRE et FRATERNELRejoignez-nous dans notre qu\u00eate d\u2019un avenir plus humaniste, libre et d\u00e9mocratique. Unit\u00e9 la\u00efque est la voix du changement. VOUS avez le pouvoir de faire la diff\u00e9rence. ADH\u00c9REZ : En tant que membre d\u2019Unit\u00e9 la\u00efque, vous faites partie de notre force. Vous pouvez influencer, contribuer [&hellip;]<\/p>\n","protected":false},"author":7,"featured_media":0,"parent":0,"menu_order":0,"comment_status":"closed","ping_status":"closed","template":"","meta":{"footnotes":""},"class_list":["post-9237","page","type-page","status-publish","hentry"],"_links":{"self":[{"href":"https:\/\/unitelaique.org\/index.php\/wp-json\/wp\/v2\/pages\/9237","targetHints":{"allow":["GET"]}}],"collection":[{"href":"https:\/\/unitelaique.org\/index.php\/wp-json\/wp\/v2\/pages"}],"about":[{"href":"https:\/\/unitelaique.org\/index.php\/wp-json\/wp\/v2\/types\/page"}],"author":[{"embeddable":true,"href":"https:\/\/unitelaique.org\/index.php\/wp-json\/wp\/v2\/users\/7"}],"replies":[{"embeddable":true,"href":"https:\/\/unitelaique.org\/index.php\/wp-json\/wp\/v2\/comments?post=9237"}],"version-history":[{"count":44,"href":"https:\/\/unitelaique.org\/index.php\/wp-json\/wp\/v2\/pages\/9237\/revisions"}],"predecessor-version":[{"id":9702,"href":"https:\/\/unitelaique.org\/index.php\/wp-json\/wp\/v2\/pages\/9237\/revisions\/9702"}],"wp:attachment":[{"href":"https:\/\/unitelaique.org\/index.php\/wp-json\/wp\/v2\/media?parent=9237"}],"curies":[{"name":"wp","href":"https:\/\/api.w.org\/{rel}","templated":true}]}}