{"id":94,"date":"2021-09-14T16:11:36","date_gmt":"2021-09-14T14:11:36","guid":{"rendered":"http:\/\/192.168.0.227\/ul\/?page_id=94"},"modified":"2022-01-17T19:10:29","modified_gmt":"2022-01-17T18:10:29","slug":"qui-sommes-nous","status":"publish","type":"page","link":"https:\/\/unitelaique.org\/index.php\/qui-sommes-nous\/","title":{"rendered":"Qui sommes-nous ?"},"content":{"rendered":"\n<div class=\"wp-block-image\"><figure class=\"alignleft size-full is-resized\"><img loading=\"lazy\" decoding=\"async\" src=\"https:\/\/unitelaique.org\/wp-content\/uploads\/2021\/11\/nation-villa.png\" alt=\"\" class=\"wp-image-405\" width=\"254\" height=\"353\" srcset=\"https:\/\/unitelaique.org\/wp-content\/uploads\/2021\/11\/nation-villa.png 671w, https:\/\/unitelaique.org\/wp-content\/uploads\/2021\/11\/nation-villa-216x300.png 216w\" sizes=\"auto, (max-width: 254px) 100vw, 254px\" \/><\/figure><\/div>\n\n\n\n<p><strong>Unit\u00e9 La\u00efque<\/strong> s\u2019engage pour l\u2019\u00e9dification d\u2019une soci\u00e9t\u00e9 humaniste o\u00f9 chacun reconna\u00eet en l\u2019autre, quelles que soient ses diff\u00e9rences, un semblable, digne de fraternit\u00e9. Pour cette raison, toute forme de racisme est combattue par Unit\u00e9 La\u00efque au nom de l\u2019universalisme.<\/p>\n\n\n\n<p><strong>Unit\u00e9 La\u00efque<\/strong> s\u2019engage pour la libert\u00e9 de chacun en assurant celle de tous les \u00eatres humains par l\u2019\u00e9mancipation vis-\u00e0-vis des contraintes culturelles, ethniques, sexuelles et religieuses. Des corps interm\u00e9diaires qui ne tirent leur l\u00e9gitimit\u00e9 que de l\u2019habitude ou de la tradition tentent sans cesse de les leur imposer. Libre \u00e0 chacun d\u2019adh\u00e9rer de son propre gr\u00e9 aux obligations qu\u2019\u00e9dictent de telles associations, mais \u00e0 la condition de ne jamais ali\u00e9ner la libert\u00e9 des autres et de ne jamais d\u00e9roger \u00e0 la dignit\u00e9 humaine.<br><\/p>\n\n\n\n<p><strong>Unit\u00e9 La\u00efque<\/strong> d\u00e9fend l\u2019id\u00e9al d\u2019une soci\u00e9t\u00e9 d\u00e9mocratique et pacifique dans laquelle il n\u2019est nul besoin de recourir \u00e0 la violence pour faire respecter les droits politiques, \u00e9conomiques et sociaux des citoyens qui la composent.<br><\/p>\n\n\n\n<p>Dans ce combat, <strong>Unit\u00e9 La\u00efque<\/strong> accorde une importance fondamentale \u00e0 la r\u00e9habilitation de l\u2019\u00e9cole publique comme fabrique du citoyen la\u00efque et r\u00e9publicain et \u00e0 l\u2019adh\u00e9sion des jeunes Fran\u00e7ais \u00e0 ces id\u00e9aux. <strong>Unit\u00e9 La\u00efque <\/strong>s\u2019attache en outre \u00e0 la d\u00e9fense de tous les citoyens menac\u00e9s par le totalitarisme obscurantiste et int\u00e9griste.<br><\/p>\n\n\n\n<p>Les conditions de la mondialisation, les \u00e9volutions cognitives engendr\u00e9es par les r\u00e9volutions technologiques, la d\u00e9personnalisation des peuples sous la banni\u00e8re de l\u2019\u00e9gocentrisme, la multiplication de revendications communautaires qui tendent vers une dictature des identit\u00e9s, rendent plus crucial que jamais le combat pour le maintien et le d\u00e9veloppement de l\u2019id\u00e9al la\u00efque et r\u00e9publicain.<br><\/p>\n\n\n\n<p>Libert\u00e9, \u00e9galit\u00e9, fraternit\u00e9 ; universalisme et \u00e9mancipation ; projet politique commun d\u2019une soci\u00e9t\u00e9 solidaire, d\u00e9mocratique et sociale. Tels sont les id\u00e9aux qui fondent la r\u00e9publique la\u00efque. C\u2019est \u00e0 leur concr\u00e9tisation que se consacre <strong>Unit\u00e9 La\u00efque<\/strong> dans le cadre national, mais aussi en Europe. Nous nous r\u00e9clamons du principe la\u00efque, principe rassembleur et unificateur enti\u00e8rement tourn\u00e9 vers la libert\u00e9 de conscience et l\u2019\u00e9mancipation.<br><\/p>\n\n\n\n<div class=\"wp-block-columns is-layout-flex wp-container-core-columns-is-layout-9d6595d7 wp-block-columns-is-layout-flex\">\n<div class=\"wp-block-column is-layout-flow wp-block-column-is-layout-flow\">\n<p class=\"has-text-align-center\" style=\"font-size:22px\"><a href=\"https:\/\/unitelaique.org\/index.php\/membres-fondateurs-conseil-dadministration-bureau\/\"><strong>Bureau, Conseil d&rsquo;administration<\/strong><\/a><\/p>\n<\/div>\n\n\n\n<div class=\"wp-block-column is-layout-flow wp-block-column-is-layout-flow\">\n<p class=\"has-text-align-center\" style=\"font-size:22px\"><a href=\"https:\/\/unitelaique.org\/index.php\/a-propos-de\/\"><strong>D\u00e9claration de principe<\/strong><\/a><\/p>\n<\/div>\n\n\n\n<div class=\"wp-block-column is-layout-flow wp-block-column-is-layout-flow\">\n<p class=\"has-text-align-center\" style=\"font-size:22px\"><a href=\"https:\/\/unitelaique.org\/index.php\/contact\/\"><strong>Contact<\/strong><\/a><\/p>\n<\/div>\n<\/div>\n\n\n\n<p style=\"font-size:18px\"><\/p>\n","protected":false},"excerpt":{"rendered":"<p>Unit\u00e9 La\u00efque s\u2019engage pour l\u2019\u00e9dification d\u2019une soci\u00e9t\u00e9 humaniste o\u00f9 chacun reconna\u00eet en l\u2019autre, quelles que soient ses diff\u00e9rences, un semblable, digne de fraternit\u00e9. Pour cette raison, toute forme de racisme est combattue par Unit\u00e9 La\u00efque au nom de l\u2019universalisme. Unit\u00e9 La\u00efque s\u2019engage pour la libert\u00e9 de chacun en assurant celle de tous les \u00eatres humains [&hellip;]<\/p>\n","protected":false},"author":7,"featured_media":0,"parent":0,"menu_order":0,"comment_status":"closed","ping_status":"closed","template":"","meta":{"footnotes":""},"class_list":["post-94","page","type-page","status-publish","hentry"],"_links":{"self":[{"href":"https:\/\/unitelaique.org\/index.php\/wp-json\/wp\/v2\/pages\/94","targetHints":{"allow":["GET"]}}],"collection":[{"href":"https:\/\/unitelaique.org\/index.php\/wp-json\/wp\/v2\/pages"}],"about":[{"href":"https:\/\/unitelaique.org\/index.php\/wp-json\/wp\/v2\/types\/page"}],"author":[{"embeddable":true,"href":"https:\/\/unitelaique.org\/index.php\/wp-json\/wp\/v2\/users\/7"}],"replies":[{"embeddable":true,"href":"https:\/\/unitelaique.org\/index.php\/wp-json\/wp\/v2\/comments?post=94"}],"version-history":[{"count":15,"href":"https:\/\/unitelaique.org\/index.php\/wp-json\/wp\/v2\/pages\/94\/revisions"}],"predecessor-version":[{"id":2579,"href":"https:\/\/unitelaique.org\/index.php\/wp-json\/wp\/v2\/pages\/94\/revisions\/2579"}],"wp:attachment":[{"href":"https:\/\/unitelaique.org\/index.php\/wp-json\/wp\/v2\/media?parent=94"}],"curies":[{"name":"wp","href":"https:\/\/api.w.org\/{rel}","templated":true}]}}