{"id":96,"date":"2021-09-14T16:11:36","date_gmt":"2021-09-14T14:11:36","guid":{"rendered":"http:\/\/192.168.0.227\/ul\/?page_id=96"},"modified":"2026-03-30T16:34:40","modified_gmt":"2026-03-30T14:34:40","slug":"membres-fondateurs-conseil-dadministration-bureau","status":"publish","type":"page","link":"https:\/\/unitelaique.org\/index.php\/membres-fondateurs-conseil-dadministration-bureau\/","title":{"rendered":"Bureau, Conseil d&rsquo;Administration"},"content":{"rendered":"\n<p class=\"has-medium-font-size\"><strong>A l&rsquo;occasion de son assembl\u00e9e g\u00e9n\u00e9rale ordinaire pour l&rsquo;ann\u00e9e 2023, qui s&rsquo;est tenue le 15 mai 2024, l&rsquo;association Unit\u00e9 La\u00efque a reconduit son Conseil d&rsquo;administration. Deux nouveaux membres ont \u00e9t\u00e9 \u00e9lus au CA, <em>St\u00e9phane Corcos<\/em><\/strong> et <strong><em>Val\u00e9rie Soria.<\/em><\/strong><\/p>\n\n\n\n<p class=\"has-medium-font-size\"><strong>Le Bureau d&rsquo;UL a \u00e9t\u00e9 reconduit \u00e9galement par le CA imm\u00e9diatement r\u00e9uni.<\/strong><\/p>\n\n\n\n<p class=\"has-text-align-center has-large-font-size\"><strong>Le bureau d&rsquo;Unit\u00e9 La\u00efque<\/strong><\/p>\n\n\n\n<div class=\"wp-block-columns is-layout-flex wp-container-core-columns-is-layout-9d6595d7 wp-block-columns-is-layout-flex\">\n<div class=\"wp-block-column is-layout-flow wp-block-column-is-layout-flow\" style=\"flex-basis:33.33%\"><div class=\"wp-block-image\">\n<figure class=\"alignright size-full is-resized\"><img loading=\"lazy\" decoding=\"async\" width=\"300\" height=\"300\" src=\"https:\/\/unitelaique.org\/wp-content\/uploads\/2021\/10\/jea-pierre-sakoun.jpg\" alt=\"\" class=\"wp-image-265\" style=\"width:268px;height:268px\" srcset=\"https:\/\/unitelaique.org\/wp-content\/uploads\/2021\/10\/jea-pierre-sakoun.jpg 300w, https:\/\/unitelaique.org\/wp-content\/uploads\/2021\/10\/jea-pierre-sakoun-150x150.jpg 150w\" sizes=\"auto, (max-width: 300px) 100vw, 300px\" \/><figcaption class=\"wp-element-caption\"><strong>Jean-Pierre Sakoun<\/strong><\/figcaption><\/figure>\n<\/div><\/div>\n\n\n\n<div class=\"wp-block-column is-layout-flow wp-block-column-is-layout-flow\" style=\"flex-basis:66.66%\">\n<p class=\"has-background\" style=\"background-color:#e0e5e7\"><strong>Pr\u00e9sident<\/strong><br><br>Ancien conservateur des Biblioth\u00e8ques et ing\u00e9nieur de recherche au CNRS, Il a \u00e9t\u00e9 l\u2019un des pionniers de l\u2019\u00e9dition num\u00e9rique en France. <br><br>Jean-Pierre Sakoun a publi\u00e9 de nombreux articles dans la presse nationale (L\u2019Express, Le Point, Marianne, Le FigaroVox, La Revue des Deux-mondes, La Revue politique et parlementaire\u2026) et intervient r\u00e9guli\u00e8rement sur les radios (France Inter, France Info et les t\u00e9l\u00e9visions (CNews, LCI, Arte, Public S\u00e9nat) et sur les r\u00e9seaux sociaux o\u00f9 il commente l\u2019actualit\u00e9 d\u2019un point de vue la\u00efque et r\u00e9publicain.<br><br>Il donne de nombreuses conf\u00e9rences et intervient dans des colloques au nom d\u2019Unit\u00e9 La\u00efque. Il a particip\u00e9 aux audioconf\u00e9rences organis\u00e9es par le pr\u00e9sident de la R\u00e9publique et le ministre de l&rsquo;Int\u00e9rieur au printemps 2020. <br><br>Il est l\u2019\u00e9diteur intellectuel et le coauteur de<em> Le b\u00eatisier du la\u00efco-sceptique<\/em>, par Ren\u00e9e Fregosi, Nathalie Heinich, Virginie Tournay, Jean-Pierre Sakoun, Paris, Minerve, 2021. Il est membre du comit\u00e9 de r\u00e9daction de la revue Humanisme.<br><br>Il est \u00e0 l&rsquo;origine de l&rsquo;entr\u00e9e de Missak Manouchian et de ses compagnons au Panth\u00e9on.<br><br>Il est chevalier de la L\u00e9gion d&rsquo;Honneur au titre du minist\u00e8re des Arm\u00e9es, pour son action en d\u00e9fense des valeurs r\u00e9publicaines.<br><\/p>\n<\/div>\n<\/div>\n\n\n\n<div class=\"wp-block-columns is-layout-flex wp-container-core-columns-is-layout-9d6595d7 wp-block-columns-is-layout-flex\">\n<div class=\"wp-block-column is-layout-flow wp-block-column-is-layout-flow\" style=\"flex-basis:33.33%\"><div class=\"wp-block-image\">\n<figure class=\"alignright size-full is-resized\"><img loading=\"lazy\" decoding=\"async\" width=\"227\" height=\"300\" src=\"https:\/\/unitelaique.org\/wp-content\/uploads\/2021\/10\/philippe-foussier.jpg\" alt=\"\" class=\"wp-image-267\" style=\"width:271px;height:358px\"\/><figcaption class=\"wp-element-caption\"><strong>Philippe Foussier<\/strong><\/figcaption><\/figure>\n<\/div><\/div>\n\n\n\n<div class=\"wp-block-column is-layout-flow wp-block-column-is-layout-flow\" style=\"flex-basis:66.66%\">\n<p class=\"has-background\" style=\"background-color:#e0e5e7\"><strong>Vice-Pr\u00e9sident<br><\/strong><br>Militant la\u00efque depuis le d\u00e9but des ann\u00e9es 1990, Philippe Foussier a notamment \u00e9t\u00e9 pr\u00e9sident du Comit\u00e9 La\u00efcit\u00e9 R\u00e9publique (2005-2009). Il anime l&rsquo;\u00e9mission radiophonique <em>i-trema<\/em> de l&rsquo;Union des familles la\u00efques (UFAL). <br><br>Journaliste ind\u00e9pendant, il a \u00e9t\u00e9 r\u00e9dacteur en chef de Communes de France (1995-2017). Dipl\u00f4m\u00e9 en journalisme et dans le domaine de la d\u00e9fense, il contribue \u00e0 plusieurs magazines et revues. <br><br>Ancien Grand Ma\u00eetre du Grand Orient de France, il est l&rsquo;auteur de <em>Combats ma\u00e7onniques<\/em> (Conform Editions, 2018).<\/p>\n<\/div>\n<\/div>\n\n\n\n<div class=\"wp-block-group\"><div class=\"wp-block-group__inner-container is-layout-flow wp-block-group-is-layout-flow\">\n<div class=\"wp-block-columns is-layout-flex wp-container-core-columns-is-layout-9d6595d7 wp-block-columns-is-layout-flex\">\n<div class=\"wp-block-column is-layout-flow wp-block-column-is-layout-flow\" style=\"flex-basis:33.33%\"><div class=\"wp-block-image\">\n<figure class=\"alignright size-full is-resized\"><img loading=\"lazy\" decoding=\"async\" width=\"300\" height=\"300\" src=\"https:\/\/unitelaique.org\/wp-content\/uploads\/2021\/10\/sylviane-roche.jpg\" alt=\"\" class=\"wp-image-268\" style=\"width:269px;height:269px\" srcset=\"https:\/\/unitelaique.org\/wp-content\/uploads\/2021\/10\/sylviane-roche.jpg 300w, https:\/\/unitelaique.org\/wp-content\/uploads\/2021\/10\/sylviane-roche-150x150.jpg 150w\" sizes=\"auto, (max-width: 300px) 100vw, 300px\" \/><figcaption class=\"wp-element-caption\"><strong>Sylviane Roche<\/strong><\/figcaption><\/figure>\n<\/div>\n\n\n<p><\/p>\n<\/div>\n\n\n\n<div class=\"wp-block-column is-layout-flow wp-block-column-is-layout-flow\" style=\"flex-basis:66.66%\">\n<p class=\"has-background\" style=\"background-color:#e0e5e7\"><strong>Vice-pr\u00e9sident<\/strong><br><br>Sylviane Roche, n\u00e9e \u00e0 Paris, est enseignante, traductrice et \u00e9crivaine. Elle a v\u00e9cu et travaill\u00e9 longtemps en Suisse romande, et elle est co-fondatrice de l\u2019Association suisse pour la la\u00efcit\u00e9 et du R\u00e9seau la\u00efque romand, et a pu se confronter \u00e0 la difficult\u00e9 de militer pour la la\u00efcit\u00e9 dans un pays o\u00f9 ce principe est mal compris et gu\u00e8re appliqu\u00e9. <br><br>Rentr\u00e9e en France, elle est aujourd\u2019hui une des vice-pr\u00e9sidentes d\u2019Unit\u00e9 La\u00efque.<\/p>\n<\/div>\n<\/div>\n<\/div><\/div>\n\n\n\n<div class=\"wp-block-columns is-layout-flex wp-container-core-columns-is-layout-9d6595d7 wp-block-columns-is-layout-flex\">\n<div class=\"wp-block-column is-layout-flow wp-block-column-is-layout-flow\" style=\"flex-basis:33.33%\"><div class=\"wp-block-image is-style-default\">\n<figure class=\"alignright size-full is-resized\"><img loading=\"lazy\" decoding=\"async\" width=\"575\" height=\"696\" src=\"https:\/\/unitelaique.org\/wp-content\/uploads\/2022\/04\/Daniel-16-002.jpg\" alt=\"\" class=\"wp-image-3578\" style=\"width:271px;height:328px\" srcset=\"https:\/\/unitelaique.org\/wp-content\/uploads\/2022\/04\/Daniel-16-002.jpg 575w, https:\/\/unitelaique.org\/wp-content\/uploads\/2022\/04\/Daniel-16-002-248x300.jpg 248w, https:\/\/unitelaique.org\/wp-content\/uploads\/2022\/04\/Daniel-16-002-20x24.jpg 20w, https:\/\/unitelaique.org\/wp-content\/uploads\/2022\/04\/Daniel-16-002-30x36.jpg 30w, https:\/\/unitelaique.org\/wp-content\/uploads\/2022\/04\/Daniel-16-002-40x48.jpg 40w\" sizes=\"auto, (max-width: 575px) 100vw, 575px\" \/><figcaption class=\"wp-element-caption\"><strong>Daniel B\u00e9nichou<\/strong><\/figcaption><\/figure>\n<\/div><\/div>\n\n\n\n<div class=\"wp-block-column is-layout-flow wp-block-column-is-layout-flow\" style=\"flex-basis:66.66%\">\n<p class=\"has-background\" style=\"background-color:#e0e5e7\"><strong>Vice-pr\u00e9sident<br><\/strong><br>Daniel B\u00e9nichou est un militant la\u00efque de longue date. Il est pr\u00e9sident et fondateur de l&rsquo;Association \u00ab\u00a0Le Chevalier de La Barre, accueillie d\u00e9sormais sur le site web d&rsquo;Unit\u00e9 La\u00efque.<br>A ce titre il a jou\u00e9 un r\u00f4le essentiel dans la r\u00e9-\u00e9rection de la statue du Chevalier de La Barre, fondue par les Nazis. Il est la cheville ouvri\u00e8re de l&rsquo;organisation chaque ann\u00e9e, \u00e0 la date anniversaire du supplice et de la mort sur le b\u00fbcher du Chevalier, de la f\u00eate de la La\u00efcit\u00e9, qui a lieu \u00e0 Paris XVIIIe, en face du Sacr\u00e9-C\u0153ur, dans le square Nadar o\u00f9 est \u00e9rig\u00e9e la statue du Chevalier.<\/p>\n<\/div>\n<\/div>\n\n\n\n<div class=\"wp-block-columns is-layout-flex wp-container-core-columns-is-layout-9d6595d7 wp-block-columns-is-layout-flex\">\n<div class=\"wp-block-column is-layout-flow wp-block-column-is-layout-flow\" style=\"flex-basis:33.33%\"><div class=\"wp-block-image\">\n<figure class=\"alignright size-full is-resized\"><img loading=\"lazy\" decoding=\"async\" width=\"1000\" height=\"861\" src=\"https:\/\/unitelaique.org\/wp-content\/uploads\/2021\/10\/bgr.jpg\" alt=\"\" class=\"wp-image-304\" style=\"width:269px;height:231px\" srcset=\"https:\/\/unitelaique.org\/wp-content\/uploads\/2021\/10\/bgr.jpg 1000w, https:\/\/unitelaique.org\/wp-content\/uploads\/2021\/10\/bgr-300x258.jpg 300w, https:\/\/unitelaique.org\/wp-content\/uploads\/2021\/10\/bgr-768x661.jpg 768w\" sizes=\"auto, (max-width: 1000px) 100vw, 1000px\" \/><figcaption class=\"wp-element-caption\"><strong>Benoit Graisset-Recco<\/strong><\/figcaption><\/figure>\n<\/div><\/div>\n\n\n\n<div class=\"wp-block-column is-layout-flow wp-block-column-is-layout-flow\" style=\"flex-basis:66.66%\">\n<p class=\"has-background\" style=\"background-color:#e0e5e7\"><strong>Vice-pr\u00e9sident<br><\/strong><br>Militant la\u00efque depuis 2002 au Grand Orient de France, Benoit Graisset-Recco a \u00e9t\u00e9 Grand Ma\u00eetre Adjoint en charge de la la\u00efcit\u00e9 de 2019 \u00e0 2020. <br><br>Engag\u00e9 au sein du mouvement des Auberges de Jeunesse de 1999 \u00e0 2020, il a \u00e9t\u00e9 vice-pr\u00e9sident de la F\u00e9d\u00e9ration Unie des Auberges de Jeunesse et membre du conseil d&rsquo;administration de la F\u00e9d\u00e9ration Internationale des Auberges de Jeunesse (HI) de 2014 \u00e0 2020. <br><br>Chef de projet au sein d&rsquo;une agence web, il est sp\u00e9cialiste syst\u00e8me et r\u00e9seaux Gnu\/Linux.<\/p>\n<\/div>\n<\/div>\n\n\n\n<div class=\"wp-block-columns is-layout-flex wp-container-core-columns-is-layout-9d6595d7 wp-block-columns-is-layout-flex\">\n<div class=\"wp-block-column is-layout-flow wp-block-column-is-layout-flow\" style=\"flex-basis:33.33%\"><div class=\"wp-block-image\">\n<figure class=\"alignright size-full is-resized\"><img loading=\"lazy\" decoding=\"async\" width=\"333\" height=\"225\" src=\"https:\/\/unitelaique.org\/wp-content\/uploads\/2021\/10\/aline-girard.jpg\" alt=\"\" class=\"wp-image-301\" style=\"width:269px;height:181px\" srcset=\"https:\/\/unitelaique.org\/wp-content\/uploads\/2021\/10\/aline-girard.jpg 333w, https:\/\/unitelaique.org\/wp-content\/uploads\/2021\/10\/aline-girard-300x203.jpg 300w\" sizes=\"auto, (max-width: 333px) 100vw, 333px\" \/><figcaption class=\"wp-element-caption\"><strong>Aline Girard<\/strong><\/figcaption><\/figure>\n<\/div><\/div>\n\n\n\n<div class=\"wp-block-column is-layout-flow wp-block-column-is-layout-flow\" style=\"flex-basis:66.66%\">\n<p class=\"has-background\" style=\"background-color:#e0e5e7\"><strong>Secr\u00e9taire g\u00e9n\u00e9rale<\/strong><br><br>Aline Girard est conservateur g\u00e9n\u00e9ral honoraire des biblioth\u00e8ques. Apr\u00e8s avoir exerc\u00e9 diff\u00e9rentes fonctions de direction au sein du r\u00e9seau des biblioth\u00e8ques de la Ville de Paris, elle a rejoint la Biblioth\u00e8que nationale de France, o\u00f9 elle pilotait la biblioth\u00e8que num\u00e9rique Gallica et le Catalogue collectif de France et coordonnait la politique nationale de coop\u00e9ration de l\u2019\u00e9tablissement.<br><br>Elle a publi\u00e9 en 2021 chez Minerve <em>Enseigner le fait religieux \u00e0 l\u2019\u00e9cole&nbsp;: une erreur politique&nbsp;?<\/em> et en 2023 <em>Vers une soci\u00e9t\u00e9 communautariste et confessionnelle. Le cas Samuel Gryzbowski<\/em> aux \u00e9ditions Pont9. Auteur de nombreux articles et tribunes, elle donne r\u00e9guli\u00e8rement des conf\u00e9rences sur l\u2019enseignement du fait religieux. <\/p>\n\n\n\n<p class=\"has-background\" style=\"background-color:#e0e5e7\">Elle est membre du comit\u00e9 \u00e9ditorial de la revue Humanisme. Elle est \u00e9galement membre du Conseil des sages de la Ville de Valence.<\/p>\n\n\n\n<p><\/p>\n\n\n\n<p><\/p>\n<\/div>\n<\/div>\n\n\n\n<div class=\"wp-block-columns is-layout-flex wp-container-core-columns-is-layout-9d6595d7 wp-block-columns-is-layout-flex\">\n<div class=\"wp-block-column is-layout-flow wp-block-column-is-layout-flow\" style=\"flex-basis:33.33%\"><div class=\"wp-block-image\">\n<figure class=\"alignright size-large is-resized\"><img loading=\"lazy\" decoding=\"async\" width=\"1024\" height=\"914\" src=\"https:\/\/unitelaique.org\/wp-content\/uploads\/2021\/10\/anne-salzer-1024x914.jpg\" alt=\"\" class=\"wp-image-302\" style=\"width:269px;height:240px\" srcset=\"https:\/\/unitelaique.org\/wp-content\/uploads\/2021\/10\/anne-salzer-1024x914.jpg 1024w, https:\/\/unitelaique.org\/wp-content\/uploads\/2021\/10\/anne-salzer-300x268.jpg 300w, https:\/\/unitelaique.org\/wp-content\/uploads\/2021\/10\/anne-salzer-768x686.jpg 768w, https:\/\/unitelaique.org\/wp-content\/uploads\/2021\/10\/anne-salzer-1536x1372.jpg 1536w, https:\/\/unitelaique.org\/wp-content\/uploads\/2021\/10\/anne-salzer-2048x1829.jpg 2048w\" sizes=\"auto, (max-width: 1024px) 100vw, 1024px\" \/><figcaption class=\"wp-element-caption\"><strong>Anne Salzer<\/strong><\/figcaption><\/figure>\n<\/div><\/div>\n\n\n\n<div class=\"wp-block-column is-layout-flow wp-block-column-is-layout-flow\" style=\"flex-basis:66.66%\">\n<p class=\"has-background\" style=\"background-color:#e0e5e7\"><strong>Secr\u00e9taire g\u00e9n\u00e9rale adjointe<br><\/strong><br>Avocate au Barreau de Paris, Anne Salzer est engag\u00e9e depuis de tr\u00e8s longues ann\u00e9es dans la promotion de notre la\u00efcit\u00e9. Le combat judiciaire de l\u2019affaire Baby-Loup a \u00e9t\u00e9 pour elle d\u00e9terminant, tant sur un plan juridique que soci\u00e9tal, \u00e0 l\u2019aune des textes et jurisprudences diverses.<br><br>Elle a milit\u00e9 pendant douze ann\u00e9es au sein d\u2019une association antiraciste, dont elle a \u00e9t\u00e9 secr\u00e9taire g\u00e9n\u00e9rale de la F\u00e9d\u00e9ration de Paris. Elle a particip\u00e9 \u00e0 diff\u00e9rents travaux scientifiques avec des universitaires et des chercheurs ainsi qu\u2019au sein d\u2019organismes politiques et professionnels (notamment RH) pour structurer l\u2019unit\u00e9 de notre soci\u00e9t\u00e9 et plaider en faveur de la la\u00efcit\u00e9 fran\u00e7aise au sens de la loi de 1905, des lois et normes cons\u00e9cutives.<br><br>Pour elle, poursuivre son action au sein d\u2019Unit\u00e9 la\u00efque est enthousiasmant et d\u00e9terminant.<\/p>\n\n\n\n<p><\/p>\n\n\n\n<p><\/p>\n<\/div>\n<\/div>\n\n\n\n<div class=\"wp-block-columns is-layout-flex wp-container-core-columns-is-layout-9d6595d7 wp-block-columns-is-layout-flex\">\n<div class=\"wp-block-column is-layout-flow wp-block-column-is-layout-flow\" style=\"flex-basis:33.33%\"><div class=\"wp-block-image\">\n<figure class=\"alignright size-large is-resized\"><img loading=\"lazy\" decoding=\"async\" width=\"1024\" height=\"828\" src=\"https:\/\/unitelaique.org\/wp-content\/uploads\/2021\/12\/claude-boucher-1024x828.jpg\" alt=\"\" class=\"wp-image-2073\" style=\"width:270px;height:218px\" srcset=\"https:\/\/unitelaique.org\/wp-content\/uploads\/2021\/12\/claude-boucher-1024x828.jpg 1024w, https:\/\/unitelaique.org\/wp-content\/uploads\/2021\/12\/claude-boucher-300x243.jpg 300w, https:\/\/unitelaique.org\/wp-content\/uploads\/2021\/12\/claude-boucher-768x621.jpg 768w, https:\/\/unitelaique.org\/wp-content\/uploads\/2021\/12\/claude-boucher-1536x1243.jpg 1536w, https:\/\/unitelaique.org\/wp-content\/uploads\/2021\/12\/claude-boucher-2048x1657.jpg 2048w, https:\/\/unitelaique.org\/wp-content\/uploads\/2021\/12\/claude-boucher-24x19.jpg 24w, https:\/\/unitelaique.org\/wp-content\/uploads\/2021\/12\/claude-boucher-36x29.jpg 36w, https:\/\/unitelaique.org\/wp-content\/uploads\/2021\/12\/claude-boucher-48x39.jpg 48w\" sizes=\"auto, (max-width: 1024px) 100vw, 1024px\" \/><figcaption class=\"wp-element-caption\"><strong>Claude Boucher<\/strong><\/figcaption><\/figure>\n<\/div><\/div>\n\n\n\n<div class=\"wp-block-column is-layout-flow wp-block-column-is-layout-flow\" style=\"flex-basis:66.66%\">\n<p class=\"has-background\" style=\"background-color:#e0e5e7\"><strong>Tr\u00e9sorier<br><\/strong><br>Claude Boucher est un militant la\u00efque et humaniste de longue date. D\u00e9vou\u00e9 \u00e0 la cause, il est engag\u00e9 sans rel\u00e2che dans le combat la\u00efque et r\u00e9publicain.<br><br>Il a co-dirig\u00e9 ou particip\u00e9 \u00e0 la gestion de plusieurs associations li\u00e9es \u00e0 la d\u00e9fense de ces principes.<br><br>Retrait\u00e9 de la RATP, il a mesur\u00e9 sur le terrain les dangers et les ravages du communautarisme en entreprise.<br><br><\/p>\n\n\n\n<p><\/p>\n<\/div>\n<\/div>\n\n\n\n<p class=\"has-text-align-center has-large-font-size\"><strong>Le Conseil d\u2019administration d&rsquo;Unit\u00e9 La\u00efque &#8211; 2024<\/strong><\/p>\n\n\n\n<div class=\"wp-block-columns is-layout-flex wp-container-core-columns-is-layout-9d6595d7 wp-block-columns-is-layout-flex\">\n<div class=\"wp-block-column is-layout-flow wp-block-column-is-layout-flow\">\n<ul class=\"wp-block-list\">\n<li><strong>Daniel B\u00e9nichou<\/strong><\/li>\n\n\n\n<li><strong>Claude Boucher<\/strong><\/li>\n\n\n\n<li><strong>Nathalie Boucher<\/strong><\/li>\n\n\n\n<li><strong>Christophe Calame<\/strong><\/li>\n\n\n\n<li><strong>St\u00e9phane Corcos<\/strong><\/li>\n\n\n\n<li><strong>Philippe Foussier<\/strong><\/li>\n\n\n\n<li><strong>Josiane Gasparini<\/strong><\/li>\n<\/ul>\n<\/div>\n\n\n\n<div class=\"wp-block-column is-layout-flow wp-block-column-is-layout-flow\">\n<ul class=\"wp-block-list\">\n<li><strong>Aline Girard<\/strong><\/li>\n\n\n\n<li><strong>Beno\u00eet Graisset-Recco<\/strong><\/li>\n\n\n\n<li><strong>Nathalie Heinich<\/strong><\/li>\n\n\n\n<li><strong>Olivier Martin<\/strong><\/li>\n\n\n\n<li><strong>Christine Priotto<\/strong><\/li>\n\n\n\n<li><strong>Sylviane Roche<\/strong><\/li>\n<\/ul>\n<\/div>\n\n\n\n<div class=\"wp-block-column is-layout-flow wp-block-column-is-layout-flow\">\n<ul class=\"wp-block-list\">\n<li><strong>Hubert Sage<\/strong><\/li>\n\n\n\n<li><strong>Jean-Pierre Sakoun<\/strong><\/li>\n\n\n\n<li><strong>J\u00e9r\u00f4me Safar<\/strong><\/li>\n\n\n\n<li><strong>Anne Salzer<\/strong><\/li>\n\n\n\n<li><strong>Laure Schmittel<\/strong><\/li>\n\n\n\n<li><strong>Thomas Schmittel<\/strong><\/li>\n<\/ul>\n<\/div>\n<\/div>\n\n\n\n<div class=\"wp-block-columns is-layout-flex wp-container-core-columns-is-layout-9d6595d7 wp-block-columns-is-layout-flex\">\n<div class=\"wp-block-column is-layout-flow wp-block-column-is-layout-flow\">\n<p class=\"has-text-align-center\" style=\"font-size:22px\"><a href=\"https:\/\/unitelaique.org\/index.php\/a-propos-de\/\"><strong>D\u00e9claration de principe<\/strong><\/a><\/p>\n<\/div>\n\n\n\n<div class=\"wp-block-column is-layout-flow wp-block-column-is-layout-flow\">\n<p class=\"has-text-align-center\" style=\"font-size:22px\"><a href=\"https:\/\/unitelaique.org\/index.php\/contact\/\"><strong>Contact<\/strong><\/a><\/p>\n<\/div>\n<\/div>\n\n\n\n<p class=\"has-background\" style=\"background-color:#e3e5e9\"><\/p>\n","protected":false},"excerpt":{"rendered":"<p>A l&rsquo;occasion de son assembl\u00e9e g\u00e9n\u00e9rale ordinaire pour l&rsquo;ann\u00e9e 2023, qui s&rsquo;est tenue le 15 mai 2024, l&rsquo;association Unit\u00e9 La\u00efque a reconduit son Conseil d&rsquo;administration. Deux nouveaux membres ont \u00e9t\u00e9 \u00e9lus au CA, St\u00e9phane Corcos et Val\u00e9rie Soria. Le Bureau d&rsquo;UL a \u00e9t\u00e9 reconduit \u00e9galement par le CA imm\u00e9diatement r\u00e9uni. Le bureau d&rsquo;Unit\u00e9 La\u00efque Pr\u00e9sident [&hellip;]<\/p>\n","protected":false},"author":7,"featured_media":3434,"parent":0,"menu_order":0,"comment_status":"closed","ping_status":"closed","template":"","meta":{"footnotes":""},"class_list":["post-96","page","type-page","status-publish","has-post-thumbnail","hentry"],"_links":{"self":[{"href":"https:\/\/unitelaique.org\/index.php\/wp-json\/wp\/v2\/pages\/96","targetHints":{"allow":["GET"]}}],"collection":[{"href":"https:\/\/unitelaique.org\/index.php\/wp-json\/wp\/v2\/pages"}],"about":[{"href":"https:\/\/unitelaique.org\/index.php\/wp-json\/wp\/v2\/types\/page"}],"author":[{"embeddable":true,"href":"https:\/\/unitelaique.org\/index.php\/wp-json\/wp\/v2\/users\/7"}],"replies":[{"embeddable":true,"href":"https:\/\/unitelaique.org\/index.php\/wp-json\/wp\/v2\/comments?post=96"}],"version-history":[{"count":118,"href":"https:\/\/unitelaique.org\/index.php\/wp-json\/wp\/v2\/pages\/96\/revisions"}],"predecessor-version":[{"id":10010,"href":"https:\/\/unitelaique.org\/index.php\/wp-json\/wp\/v2\/pages\/96\/revisions\/10010"}],"wp:featuredmedia":[{"embeddable":true,"href":"https:\/\/unitelaique.org\/index.php\/wp-json\/wp\/v2\/media\/3434"}],"wp:attachment":[{"href":"https:\/\/unitelaique.org\/index.php\/wp-json\/wp\/v2\/media?parent=96"}],"curies":[{"name":"wp","href":"https:\/\/api.w.org\/{rel}","templated":true}]}}